{"id":1002,"date":"2021-03-28T11:39:48","date_gmt":"2021-03-28T11:39:48","guid":{"rendered":"https:\/\/www.kilicmed.com\/about-us\/"},"modified":"2022-03-12T12:54:19","modified_gmt":"2022-03-12T12:54:19","slug":"about-us","status":"publish","type":"page","link":"https:\/\/www.kilicmed.com\/en\/about-us\/","title":{"rendered":"About us"},"content":{"rendered":"\n<div class=\"row row-collapse row-full-width align-middle align-center\"  id=\"row-987964694\">\n\n\n\t<div id=\"col-100214709\" class=\"col small-12 large-12\"  >\n\t\t\t\t<div class=\"col-inner text-center\"  >\n\t\t\t\n\t\t\t\n\n\n\t<section class=\"section\" id=\"section_608613838\">\n\t\t<div class=\"section-bg fill\" >\n\t\t\t<img loading=\"lazy\" decoding=\"async\" width=\"2017\" height=\"1153\" src=\"https:\/\/www.kilicmed.com\/wp-content\/uploads\/2021\/08\/hakkimizda-bg-1.jpg\" class=\"bg attachment- size-\" alt=\"\" \/>\t\t\t\t\t\t\n\t\t\t\n\n\t\t<\/div>\n\n\t\t\n\n\t\t<div class=\"section-content relative\">\n\t\t\t\n\n<div class=\"row row-collapse align-middle align-center\"  id=\"row-231629074\">\n\n\n\t<div id=\"col-1342375302\" class=\"col small-12 large-12\"  >\n\t\t\t\t<div class=\"col-inner text-center\"  >\n\t\t\t\n\t\t\t\n\n\t<div id=\"text-4132550533\" class=\"text\">\n\t\t\n\n<h1 style=\"text-align: center;\"><span style=\"font-size: 150%; color: #ffffff;\">Who are we?<\/span><\/h1>\n\t\t\n<style>\n#text-4132550533 {\n  text-align: center;\n}\n<\/style>\n\t<\/div>\n\t\n\n\t\t<\/div>\n\t\t\t\t\n<style>\n#col-1342375302 > .col-inner {\n  padding: 100px 0px 100px 0px;\n}\n<\/style>\n\t<\/div>\n\n\t\n\n<\/div>\n\n\t\t<\/div>\n\n\t\t\n<style>\n#section_608613838 {\n  padding-top: 30px;\n  padding-bottom: 30px;\n  min-height: 320px;\n}\n@media (min-width:550px) {\n  #section_608613838 {\n    min-height: 0px;\n  }\n}\n<\/style>\n\t<\/section>\n\t\n\n\t\t<\/div>\n\t\t\t\t\t<\/div>\n\n\t\n\n<\/div>\n\n\t<section class=\"section\" id=\"section_1226633551\">\n\t\t<div class=\"section-bg fill\" >\n\t\t\t\t\t\t\t\t\t\n\t\t\t\n\n\t\t<\/div>\n\n\t\t\n\n\t\t<div class=\"section-content relative\">\n\t\t\t\n\n<div class=\"row row-large align-middle\" style=\"max-width:1300px\" id=\"row-1407201358\">\n\n\n\t<div id=\"col-1832759770\" class=\"col medium-12 small-12 large-7\"  >\n\t\t\t\t<div class=\"col-inner\"  >\n\t\t\t\n\t\t\t\n\n<div class=\"slider-wrapper relative\" id=\"slider-695226731\" >\n    <div class=\"slider slider-nav-simple slider-nav-large slider-nav-light slider-style-normal\"\n        data-flickity-options='{\n            \"cellAlign\": \"center\",\n            \"imagesLoaded\": true,\n            \"lazyLoad\": 1,\n            \"freeScroll\": true,\n            \"wrapAround\": true,\n            \"autoPlay\": 3000,\n            \"pauseAutoPlayOnHover\" : true,\n            \"prevNextButtons\": true,\n            \"contain\" : true,\n            \"adaptiveHeight\" : true,\n            \"dragThreshold\" : 10,\n            \"percentPosition\": true,\n            \"pageDots\": false,\n            \"rightToLeft\": false,\n            \"draggable\": true,\n            \"selectedAttraction\": 0.1,\n            \"parallax\" : 0,\n            \"friction\": 0.6        }'\n        >\n        \n\n\t<div class=\"img has-hover x md-x lg-x y md-y lg-y\" id=\"image_579707629\">\n\t\t\t\t\t\t\t\t<div class=\"img-inner dark\" >\n\t\t\t<img loading=\"lazy\" decoding=\"async\" width=\"1020\" height=\"592\" src=\"https:\/\/www.kilicmed.com\/wp-content\/uploads\/2021\/03\/hakkimizda-bg-1-1024x594.jpg\" class=\"attachment-large size-large\" alt=\"\" srcset=\"https:\/\/www.kilicmed.com\/wp-content\/uploads\/2021\/03\/hakkimizda-bg-1-1024x594.jpg 1024w, https:\/\/www.kilicmed.com\/wp-content\/uploads\/2021\/03\/hakkimizda-bg-1-500x290.jpg 500w, https:\/\/www.kilicmed.com\/wp-content\/uploads\/2021\/03\/hakkimizda-bg-1-300x174.jpg 300w, https:\/\/www.kilicmed.com\/wp-content\/uploads\/2021\/03\/hakkimizda-bg-1-768x445.jpg 768w, https:\/\/www.kilicmed.com\/wp-content\/uploads\/2021\/03\/hakkimizda-bg-1-1000x580.jpg 1000w, https:\/\/www.kilicmed.com\/wp-content\/uploads\/2021\/03\/hakkimizda-bg-1.jpg 1352w\" sizes=\"auto, (max-width: 1020px) 100vw, 1020px\" \/>\t\t\t\t\t\t\n\t\t\t\t\t<\/div>\n\t\t\t\t\t\t\t\t\n<style>\n#image_579707629 {\n  width: 100%;\n}\n<\/style>\n\t<\/div>\n\t\n\n\t<div class=\"img has-hover x md-x lg-x y md-y lg-y\" id=\"image_182794084\">\n\t\t\t\t\t\t\t\t<div class=\"img-inner dark\" >\n\t\t\t<img loading=\"lazy\" decoding=\"async\" width=\"1020\" height=\"680\" src=\"https:\/\/www.kilicmed.com\/wp-content\/uploads\/2021\/09\/kilic-med-slider-1-1024x683.jpg\" class=\"attachment-large size-large\" alt=\"\" srcset=\"https:\/\/www.kilicmed.com\/wp-content\/uploads\/2021\/09\/kilic-med-slider-1-1024x683.jpg 1024w, https:\/\/www.kilicmed.com\/wp-content\/uploads\/2021\/09\/kilic-med-slider-1-500x333.jpg 500w, https:\/\/www.kilicmed.com\/wp-content\/uploads\/2021\/09\/kilic-med-slider-1-300x200.jpg 300w, https:\/\/www.kilicmed.com\/wp-content\/uploads\/2021\/09\/kilic-med-slider-1-768x512.jpg 768w, https:\/\/www.kilicmed.com\/wp-content\/uploads\/2021\/09\/kilic-med-slider-1-1000x667.jpg 1000w, https:\/\/www.kilicmed.com\/wp-content\/uploads\/2021\/09\/kilic-med-slider-1.jpg 1176w\" sizes=\"auto, (max-width: 1020px) 100vw, 1020px\" \/>\t\t\t\t\t\t\n\t\t\t\t\t<\/div>\n\t\t\t\t\t\t\t\t\n<style>\n#image_182794084 {\n  width: 100%;\n}\n<\/style>\n\t<\/div>\n\t\n\n\t<div class=\"img has-hover x md-x lg-x y md-y lg-y\" id=\"image_217935447\">\n\t\t\t\t\t\t\t\t<div class=\"img-inner dark\" >\n\t\t\t<img loading=\"lazy\" decoding=\"async\" width=\"1020\" height=\"680\" src=\"https:\/\/www.kilicmed.com\/wp-content\/uploads\/2021\/09\/kilic-med-slider-3-1024x683.jpg\" class=\"attachment-large size-large\" alt=\"\" srcset=\"https:\/\/www.kilicmed.com\/wp-content\/uploads\/2021\/09\/kilic-med-slider-3-1024x683.jpg 1024w, https:\/\/www.kilicmed.com\/wp-content\/uploads\/2021\/09\/kilic-med-slider-3-500x333.jpg 500w, https:\/\/www.kilicmed.com\/wp-content\/uploads\/2021\/09\/kilic-med-slider-3-300x200.jpg 300w, https:\/\/www.kilicmed.com\/wp-content\/uploads\/2021\/09\/kilic-med-slider-3-768x512.jpg 768w, https:\/\/www.kilicmed.com\/wp-content\/uploads\/2021\/09\/kilic-med-slider-3-1000x667.jpg 1000w, https:\/\/www.kilicmed.com\/wp-content\/uploads\/2021\/09\/kilic-med-slider-3.jpg 1176w\" sizes=\"auto, (max-width: 1020px) 100vw, 1020px\" \/>\t\t\t\t\t\t\n\t\t\t\t\t<\/div>\n\t\t\t\t\t\t\t\t\n<style>\n#image_217935447 {\n  width: 100%;\n}\n<\/style>\n\t<\/div>\n\t\n\n\t<div class=\"img has-hover x md-x lg-x y md-y lg-y\" id=\"image_1946095360\">\n\t\t\t\t\t\t\t\t<div class=\"img-inner dark\" >\n\t\t\t<img loading=\"lazy\" decoding=\"async\" width=\"1020\" height=\"680\" src=\"https:\/\/www.kilicmed.com\/wp-content\/uploads\/2021\/09\/kilic-med-slider-4-1024x683.jpg\" class=\"attachment-large size-large\" alt=\"\" srcset=\"https:\/\/www.kilicmed.com\/wp-content\/uploads\/2021\/09\/kilic-med-slider-4-1024x683.jpg 1024w, https:\/\/www.kilicmed.com\/wp-content\/uploads\/2021\/09\/kilic-med-slider-4-500x333.jpg 500w, https:\/\/www.kilicmed.com\/wp-content\/uploads\/2021\/09\/kilic-med-slider-4-300x200.jpg 300w, https:\/\/www.kilicmed.com\/wp-content\/uploads\/2021\/09\/kilic-med-slider-4-768x512.jpg 768w, https:\/\/www.kilicmed.com\/wp-content\/uploads\/2021\/09\/kilic-med-slider-4-1000x667.jpg 1000w, https:\/\/www.kilicmed.com\/wp-content\/uploads\/2021\/09\/kilic-med-slider-4.jpg 1176w\" sizes=\"auto, (max-width: 1020px) 100vw, 1020px\" \/>\t\t\t\t\t\t\n\t\t\t\t\t<\/div>\n\t\t\t\t\t\t\t\t\n<style>\n#image_1946095360 {\n  width: 100%;\n}\n<\/style>\n\t<\/div>\n\t\n\n\t<div class=\"img has-hover x md-x lg-x y md-y lg-y\" id=\"image_2118032920\">\n\t\t\t\t\t\t\t\t<div class=\"img-inner dark\" >\n\t\t\t<img loading=\"lazy\" decoding=\"async\" width=\"1020\" height=\"680\" src=\"https:\/\/www.kilicmed.com\/wp-content\/uploads\/2021\/09\/kilic-med-slider-6-1024x683.jpg\" class=\"attachment-large size-large\" alt=\"\" srcset=\"https:\/\/www.kilicmed.com\/wp-content\/uploads\/2021\/09\/kilic-med-slider-6-1024x683.jpg 1024w, https:\/\/www.kilicmed.com\/wp-content\/uploads\/2021\/09\/kilic-med-slider-6-500x333.jpg 500w, https:\/\/www.kilicmed.com\/wp-content\/uploads\/2021\/09\/kilic-med-slider-6-300x200.jpg 300w, https:\/\/www.kilicmed.com\/wp-content\/uploads\/2021\/09\/kilic-med-slider-6-768x512.jpg 768w, https:\/\/www.kilicmed.com\/wp-content\/uploads\/2021\/09\/kilic-med-slider-6-1000x667.jpg 1000w, https:\/\/www.kilicmed.com\/wp-content\/uploads\/2021\/09\/kilic-med-slider-6.jpg 1176w\" sizes=\"auto, (max-width: 1020px) 100vw, 1020px\" \/>\t\t\t\t\t\t\n\t\t\t\t\t<\/div>\n\t\t\t\t\t\t\t\t\n<style>\n#image_2118032920 {\n  width: 100%;\n}\n<\/style>\n\t<\/div>\n\t\n\n\t<div class=\"img has-hover x md-x lg-x y md-y lg-y\" id=\"image_1528469513\">\n\t\t\t\t\t\t\t\t<div class=\"img-inner dark\" >\n\t\t\t<img loading=\"lazy\" decoding=\"async\" width=\"1020\" height=\"680\" src=\"https:\/\/www.kilicmed.com\/wp-content\/uploads\/2021\/09\/kilic-med-slider-7-1024x683.jpg\" class=\"attachment-large size-large\" alt=\"\" srcset=\"https:\/\/www.kilicmed.com\/wp-content\/uploads\/2021\/09\/kilic-med-slider-7-1024x683.jpg 1024w, https:\/\/www.kilicmed.com\/wp-content\/uploads\/2021\/09\/kilic-med-slider-7-500x333.jpg 500w, https:\/\/www.kilicmed.com\/wp-content\/uploads\/2021\/09\/kilic-med-slider-7-300x200.jpg 300w, https:\/\/www.kilicmed.com\/wp-content\/uploads\/2021\/09\/kilic-med-slider-7-768x512.jpg 768w, https:\/\/www.kilicmed.com\/wp-content\/uploads\/2021\/09\/kilic-med-slider-7-1000x667.jpg 1000w, https:\/\/www.kilicmed.com\/wp-content\/uploads\/2021\/09\/kilic-med-slider-7.jpg 1176w\" sizes=\"auto, (max-width: 1020px) 100vw, 1020px\" \/>\t\t\t\t\t\t\n\t\t\t\t\t<\/div>\n\t\t\t\t\t\t\t\t\n<style>\n#image_1528469513 {\n  width: 100%;\n}\n<\/style>\n\t<\/div>\n\t\n\n\t<div class=\"img has-hover x md-x lg-x y md-y lg-y\" id=\"image_1773098854\">\n\t\t\t\t\t\t\t\t<div class=\"img-inner dark\" >\n\t\t\t<img loading=\"lazy\" decoding=\"async\" width=\"1020\" height=\"667\" src=\"https:\/\/www.kilicmed.com\/wp-content\/uploads\/2021\/09\/kilic-med-slider-5-1024x670.jpg\" class=\"attachment-large size-large\" alt=\"\" srcset=\"https:\/\/www.kilicmed.com\/wp-content\/uploads\/2021\/09\/kilic-med-slider-5-1024x670.jpg 1024w, https:\/\/www.kilicmed.com\/wp-content\/uploads\/2021\/09\/kilic-med-slider-5-500x327.jpg 500w, https:\/\/www.kilicmed.com\/wp-content\/uploads\/2021\/09\/kilic-med-slider-5-300x196.jpg 300w, https:\/\/www.kilicmed.com\/wp-content\/uploads\/2021\/09\/kilic-med-slider-5-768x502.jpg 768w, https:\/\/www.kilicmed.com\/wp-content\/uploads\/2021\/09\/kilic-med-slider-5-1000x654.jpg 1000w, https:\/\/www.kilicmed.com\/wp-content\/uploads\/2021\/09\/kilic-med-slider-5.jpg 1199w\" sizes=\"auto, (max-width: 1020px) 100vw, 1020px\" \/>\t\t\t\t\t\t\n\t\t\t\t\t<\/div>\n\t\t\t\t\t\t\t\t\n<style>\n#image_1773098854 {\n  width: 100%;\n}\n<\/style>\n\t<\/div>\n\t\n\n\t<div class=\"img has-hover x md-x lg-x y md-y lg-y\" id=\"image_1056307940\">\n\t\t\t\t\t\t\t\t<div class=\"img-inner dark\" >\n\t\t\t<img loading=\"lazy\" decoding=\"async\" width=\"1020\" height=\"680\" src=\"https:\/\/www.kilicmed.com\/wp-content\/uploads\/2021\/09\/kilic-med-slider-2-1024x683.jpg\" class=\"attachment-large size-large\" alt=\"\" srcset=\"https:\/\/www.kilicmed.com\/wp-content\/uploads\/2021\/09\/kilic-med-slider-2-1024x683.jpg 1024w, https:\/\/www.kilicmed.com\/wp-content\/uploads\/2021\/09\/kilic-med-slider-2-500x333.jpg 500w, https:\/\/www.kilicmed.com\/wp-content\/uploads\/2021\/09\/kilic-med-slider-2-300x200.jpg 300w, https:\/\/www.kilicmed.com\/wp-content\/uploads\/2021\/09\/kilic-med-slider-2-768x512.jpg 768w, https:\/\/www.kilicmed.com\/wp-content\/uploads\/2021\/09\/kilic-med-slider-2-1000x667.jpg 1000w, https:\/\/www.kilicmed.com\/wp-content\/uploads\/2021\/09\/kilic-med-slider-2.jpg 1176w\" sizes=\"auto, (max-width: 1020px) 100vw, 1020px\" \/>\t\t\t\t\t\t\n\t\t\t\t\t<\/div>\n\t\t\t\t\t\t\t\t\n<style>\n#image_1056307940 {\n  width: 100%;\n}\n<\/style>\n\t<\/div>\n\t\n\n\n     <\/div>\n\n     <div class=\"loading-spin dark large centered\"><\/div>\n\n\t<\/div>\n\n\n\n\t\t<\/div>\n\t\t\t\t\t<\/div>\n\n\t\n\n\t<div id=\"col-2077027626\" class=\"col medium-10 small-12 large-5\"  >\n\t\t\t\t<div class=\"col-inner\"  >\n\t\t\t\n\t\t\t\n\n\t<div id=\"gap-1462013109\" class=\"gap-element clearfix\" style=\"display:block; height:auto;\">\n\t\t\n<style>\n#gap-1462013109 {\n  padding-top: 30px;\n}\n<\/style>\n\t<\/div>\n\t\n\n\t<div id=\"text-2816543080\" class=\"text\">\n\t\t\n\n<h2>About us<\/h2>\n\t\t\n<style>\n#text-2816543080 {\n  font-size: 1.5rem;\n}\n@media (min-width:550px) {\n  #text-2816543080 {\n    font-size: 1.75rem;\n  }\n}\n<\/style>\n\t<\/div>\n\t\n<div class=\"is-divider divider clearfix\" style=\"max-width:100px;height:4px;background-color:rgb(111, 166, 212);\"><\/div>\n\n<p>K\u0131l\u0131\u00e7 Med Medical continue to serve you with the proud of 40 years successful experience at medical sector with the motto of &#8220;health first&#8221; since 1980.<\/p>\n<p>Beside, our company takes on increase the quality standards with a councieness of the importance of medical sector which has a vital impotance, and using the technology that has more role in our lives day by day with most efficient way.<\/p>\n<p>At this point, K\u0131l\u0131\u00e7 Med Medikal will continue to create innovative solutions that fits to expectations at medical sector as a domestic producer especially at artificial respiration area.<\/p>\n\n\t\t<\/div>\n\t\t\t\t\n<style>\n#col-2077027626 > .col-inner {\n  padding: 0px 0px 0px 0;\n}\n@media (min-width:550px) {\n  #col-2077027626 > .col-inner {\n    padding: 0px 0px 0px 30px;\n  }\n}\n<\/style>\n\t<\/div>\n\n\t\n\n<\/div>\n\t<div id=\"gap-977948593\" class=\"gap-element clearfix\" style=\"display:block; height:auto;\">\n\t\t\n<style>\n#gap-977948593 {\n  padding-top: 40px;\n}\n@media (min-width:550px) {\n  #gap-977948593 {\n    padding-top: 80px;\n  }\n}\n<\/style>\n\t<\/div>\n\t\n\n<div class=\"row row-solid\" style=\"max-width:1300px\" id=\"row-932843101\">\n\n\n\t<div id=\"col-714746330\" class=\"col medium-6 small-12 large-3\"  >\n\t\t\t\t<div class=\"col-inner\"  >\n\t\t\t\n\t\t\t\n\n\t<div id=\"text-3903477297\" class=\"text\">\n\t\t\n\n<h2><span class=\"count-up\">8<\/span><\/h2>\n\t\t\n<style>\n#text-3903477297 {\n  font-size: 2.5rem;\n  text-align: center;\n}\n<\/style>\n\t<\/div>\n\t\n\t<div id=\"text-3844248589\" class=\"text\">\n\t\t\n\n<p>Business awards<\/p>\n\t\t\n<style>\n#text-3844248589 {\n  text-align: center;\n}\n<\/style>\n\t<\/div>\n\t\n\n\t\t<\/div>\n\t\t\t\t\t<\/div>\n\n\t\n\n\t<div id=\"col-1092070219\" class=\"col medium-6 small-12 large-3\"  >\n\t\t\t\t<div class=\"col-inner\"  >\n\t\t\t\n\t\t\t\n\n\t<div id=\"text-1150685014\" class=\"text\">\n\t\t\n\n<h2><span class=\"count-up\">27<\/span><\/h2>\n\t\t\n<style>\n#text-1150685014 {\n  font-size: 2.5rem;\n  text-align: center;\n}\n<\/style>\n\t<\/div>\n\t\n\t<div id=\"text-1736437942\" class=\"text\">\n\t\t\n\n<p>Team members<\/p>\n\t\t\n<style>\n#text-1736437942 {\n  text-align: center;\n}\n<\/style>\n\t<\/div>\n\t\n\n\t\t<\/div>\n\t\t\t\t\t<\/div>\n\n\t\n\n\t<div id=\"col-1766831561\" class=\"col medium-6 small-12 large-3\"  >\n\t\t\t\t<div class=\"col-inner\"  >\n\t\t\t\n\t\t\t\n\n\t<div id=\"text-2212052128\" class=\"text\">\n\t\t\n\n<h2><span class=\"count-up\">42<\/span><\/h2>\n\t\t\n<style>\n#text-2212052128 {\n  font-size: 2.5rem;\n  text-align: center;\n}\n<\/style>\n\t<\/div>\n\t\n\t<div id=\"text-269278081\" class=\"text\">\n\t\t\n\n<p>Locations worldwide<\/p>\n\t\t\n<style>\n#text-269278081 {\n  text-align: center;\n}\n<\/style>\n\t<\/div>\n\t\n\n\t\t<\/div>\n\t\t\t\t\t<\/div>\n\n\t\n\n\t<div id=\"col-902276076\" class=\"col medium-6 small-12 large-3\"  >\n\t\t\t\t<div class=\"col-inner\"  >\n\t\t\t\n\t\t\t\n\n\t<div id=\"text-4229180046\" class=\"text\">\n\t\t\n\n<h2><span class=\"count-up\">45<\/span><\/h2>\n\t\t\n<style>\n#text-4229180046 {\n  font-size: 2.5rem;\n  text-align: center;\n}\n<\/style>\n\t<\/div>\n\t\n\t<div id=\"text-734443628\" class=\"text\">\n\t\t\n\n<p>Business awards<\/p>\n\t\t\n<style>\n#text-734443628 {\n  text-align: center;\n}\n<\/style>\n\t<\/div>\n\t\n\n\t\t<\/div>\n\t\t\t\t\t<\/div>\n\n\t\n\n<\/div>\n\n\t\t<\/div>\n\n\t\t\n<style>\n#section_1226633551 {\n  padding-top: 50px;\n  padding-bottom: 50px;\n}\n@media (min-width:550px) {\n  #section_1226633551 {\n    padding-top: 50px;\n    padding-bottom: 50px;\n  }\n}\n<\/style>\n\t<\/section>\n\t\n\n\t<section class=\"section\" id=\"section_1809399274\">\n\t\t<div class=\"section-bg fill\" >\n\t\t\t\t\t\t\t\t\t\n\t\t\t\n\n\t\t<\/div>\n\n\t\t\n\n\t\t<div class=\"section-content relative\">\n\t\t\t\n\n<div class=\"row\" style=\"max-width:1300px\" id=\"row-189441432\">\n\n\n<\/div>\n<div class=\"row\"  id=\"row-908144189\">\n\n\n\t<div id=\"col-868783826\" class=\"col medium-8 small-12 large-8 has-hover\"  >\n\t\t\t\t<div class=\"col-inner dark\" style=\"background-color:rgb(238, 238, 238);\" >\n\t\t\t\n\t<div class=\"is-border hover-bounce\"\n\t\tstyle=\"border-color:rgb(111, 166, 212);border-width:0px 0px 40px 40px;margin:-20px 0px -20px -20px;\">\n\t<\/div>\n\t\t\t\n\n<div class=\"container section-title-container\" ><h4 class=\"section-title section-title-normal\"><b aria-hidden=\"true\"><\/b><span class=\"section-title-main\" style=\"color:rgb(70, 70, 70);\"><i class=\"icon-checkmark\" aria-hidden=\"true\"><\/i>Our Mission<\/span><b aria-hidden=\"true\"><\/b><\/h4><\/div>\n\n<p><span style=\"color: #333333; font-size: 100%;\">To create products that has universal outstanding performance and high qualification with the consequence of eligible sectoral analysis of needs and demands.<\/span><\/p>\n\t<div id=\"gap-607795362\" class=\"gap-element clearfix\" style=\"display:block; height:auto;\">\n\t\t\n<style>\n#gap-607795362 {\n  padding-top: 10px;\n}\n<\/style>\n\t<\/div>\n\t\n\n\n\t\t<\/div>\n\t\t\t\t\t<\/div>\n\n\t\n\n\n<style>\n#row-908144189 > .col > .col-inner {\n  padding: 60px 60px 40px 60px;\n}\n<\/style>\n<\/div>\n<div class=\"row align-right\"  id=\"row-1918399632\">\n\n\n\t<div id=\"col-1897925631\" class=\"col medium-8 small-12 large-8 has-hover\"  >\n\t\t\t\t<div class=\"col-inner dark\" style=\"background-color:rgb(238, 238, 238);\" >\n\t\t\t\n\t<div class=\"is-border hover-bounce\"\n\t\tstyle=\"border-color:rgb(205, 205, 205);border-width:40px 40px 0px 0px;margin:-20px 0px -20px 0px;\">\n\t<\/div>\n\t\t\t\n\n<div class=\"container section-title-container\" ><h4 class=\"section-title section-title-normal\"><b aria-hidden=\"true\"><\/b><span class=\"section-title-main\" style=\"color:rgb(70, 70, 70);\"><i class=\"icon-checkmark\" aria-hidden=\"true\"><\/i>Our Vision<\/span><b aria-hidden=\"true\"><\/b><\/h4><\/div>\n\n<p><span style=\"color: #333333; font-size: 100%;\">To be a strong brand with international qualifications, acting with social and environmental awareness to increase our quality, playing role in the success of its stakeholders, adopting the principle of reaching the right product, high quality and stable production at a short time to exist as a developed Turkey in the market.<\/span><\/p>\n\t<div id=\"gap-1095605273\" class=\"gap-element clearfix\" style=\"display:block; height:auto;\">\n\t\t\n<style>\n#gap-1095605273 {\n  padding-top: 10px;\n}\n<\/style>\n\t<\/div>\n\t\n\n\n\t\t<\/div>\n\t\t\t\t\n<style>\n#col-1897925631 > .col-inner {\n  margin: 60px 0px 0px 0px;\n}\n<\/style>\n\t<\/div>\n\n\t\n\n\n<style>\n#row-1918399632 > .col > .col-inner {\n  padding: 60px 60px 40px 60px;\n}\n<\/style>\n<\/div>\n\n\t\t<\/div>\n\n\t\t\n<style>\n#section_1809399274 {\n  padding-top: 80px;\n  padding-bottom: 80px;\n  background-color: rgb(39, 54, 71);\n}\n<\/style>\n\t<\/section>\n\t\n\n\n","protected":false},"excerpt":{"rendered":"","protected":false},"author":1,"featured_media":0,"parent":0,"menu_order":0,"comment_status":"closed","ping_status":"closed","template":"page-blank.php","meta":{"footnotes":""},"class_list":["post-1002","page","type-page","status-publish","hentry"],"yoast_head":"<!-- This site is optimized with the Yoast SEO plugin v25.9 - https:\/\/yoast.com\/wordpress\/plugins\/seo\/ -->\n<title>About us - K\u0131l\u0131\u00e7 Med Medikal<\/title>\n<meta name=\"robots\" content=\"index, follow, max-snippet:-1, max-image-preview:large, max-video-preview:-1\" \/>\n<link rel=\"canonical\" href=\"https:\/\/www.kilicmed.com\/en\/about-us\/\" \/>\n<meta property=\"og:locale\" content=\"en_US\" \/>\n<meta property=\"og:type\" content=\"article\" \/>\n<meta property=\"og:title\" content=\"About us - K\u0131l\u0131\u00e7 Med Medikal\" \/>\n<meta property=\"og:url\" content=\"https:\/\/www.kilicmed.com\/en\/about-us\/\" \/>\n<meta property=\"og:site_name\" content=\"K\u0131l\u0131\u00e7 Med Medikal\" \/>\n<meta property=\"article:modified_time\" content=\"2022-03-12T12:54:19+00:00\" \/>\n<meta name=\"twitter:card\" content=\"summary_large_image\" \/>\n<meta name=\"twitter:label1\" content=\"Est. reading time\" \/>\n\t<meta name=\"twitter:data1\" content=\"4 minutes\" \/>\n<script type=\"application\/ld+json\" class=\"yoast-schema-graph\">{\"@context\":\"https:\/\/schema.org\",\"@graph\":[{\"@type\":\"WebPage\",\"@id\":\"https:\/\/www.kilicmed.com\/en\/about-us\/\",\"url\":\"https:\/\/www.kilicmed.com\/en\/about-us\/\",\"name\":\"About us - K\u0131l\u0131\u00e7 Med Medikal\",\"isPartOf\":{\"@id\":\"https:\/\/www.kilicmed.com\/#website\"},\"datePublished\":\"2021-03-28T11:39:48+00:00\",\"dateModified\":\"2022-03-12T12:54:19+00:00\",\"breadcrumb\":{\"@id\":\"https:\/\/www.kilicmed.com\/en\/about-us\/#breadcrumb\"},\"inLanguage\":\"en-US\",\"potentialAction\":[{\"@type\":\"ReadAction\",\"target\":[\"https:\/\/www.kilicmed.com\/en\/about-us\/\"]}]},{\"@type\":\"BreadcrumbList\",\"@id\":\"https:\/\/www.kilicmed.com\/en\/about-us\/#breadcrumb\",\"itemListElement\":[{\"@type\":\"ListItem\",\"position\":1,\"name\":\"Anasayfa\",\"item\":\"https:\/\/www.kilicmed.com\/en\/\"},{\"@type\":\"ListItem\",\"position\":2,\"name\":\"About us\"}]},{\"@type\":\"WebSite\",\"@id\":\"https:\/\/www.kilicmed.com\/#website\",\"url\":\"https:\/\/www.kilicmed.com\/\",\"name\":\"K\u0131l\u0131\u00e7 Med Medikal\",\"description\":\"K\u0131l\u0131\u00e7 Med Medikal\",\"publisher\":{\"@id\":\"https:\/\/www.kilicmed.com\/#organization\"},\"potentialAction\":[{\"@type\":\"SearchAction\",\"target\":{\"@type\":\"EntryPoint\",\"urlTemplate\":\"https:\/\/www.kilicmed.com\/?s={search_term_string}\"},\"query-input\":{\"@type\":\"PropertyValueSpecification\",\"valueRequired\":true,\"valueName\":\"search_term_string\"}}],\"inLanguage\":\"en-US\"},{\"@type\":\"Organization\",\"@id\":\"https:\/\/www.kilicmed.com\/#organization\",\"name\":\"K\u0131l\u0131\u00e7 Med Medikal\",\"url\":\"https:\/\/www.kilicmed.com\/\",\"logo\":{\"@type\":\"ImageObject\",\"inLanguage\":\"en-US\",\"@id\":\"https:\/\/www.kilicmed.com\/#\/schema\/logo\/image\/\",\"url\":\"https:\/\/www.kilicmed.com\/wp-content\/uploads\/2021\/07\/cropped-kilic-med-logo-512-1.png\",\"contentUrl\":\"https:\/\/www.kilicmed.com\/wp-content\/uploads\/2021\/07\/cropped-kilic-med-logo-512-1.png\",\"width\":512,\"height\":512,\"caption\":\"K\u0131l\u0131\u00e7 Med Medikal\"},\"image\":{\"@id\":\"https:\/\/www.kilicmed.com\/#\/schema\/logo\/image\/\"}}]}<\/script>\n<!-- \/ Yoast SEO plugin. -->","yoast_head_json":{"title":"About us - K\u0131l\u0131\u00e7 Med Medikal","robots":{"index":"index","follow":"follow","max-snippet":"max-snippet:-1","max-image-preview":"max-image-preview:large","max-video-preview":"max-video-preview:-1"},"canonical":"https:\/\/www.kilicmed.com\/en\/about-us\/","og_locale":"en_US","og_type":"article","og_title":"About us - K\u0131l\u0131\u00e7 Med Medikal","og_url":"https:\/\/www.kilicmed.com\/en\/about-us\/","og_site_name":"K\u0131l\u0131\u00e7 Med Medikal","article_modified_time":"2022-03-12T12:54:19+00:00","twitter_card":"summary_large_image","twitter_misc":{"Est. reading time":"4 minutes"},"schema":{"@context":"https:\/\/schema.org","@graph":[{"@type":"WebPage","@id":"https:\/\/www.kilicmed.com\/en\/about-us\/","url":"https:\/\/www.kilicmed.com\/en\/about-us\/","name":"About us - K\u0131l\u0131\u00e7 Med Medikal","isPartOf":{"@id":"https:\/\/www.kilicmed.com\/#website"},"datePublished":"2021-03-28T11:39:48+00:00","dateModified":"2022-03-12T12:54:19+00:00","breadcrumb":{"@id":"https:\/\/www.kilicmed.com\/en\/about-us\/#breadcrumb"},"inLanguage":"en-US","potentialAction":[{"@type":"ReadAction","target":["https:\/\/www.kilicmed.com\/en\/about-us\/"]}]},{"@type":"BreadcrumbList","@id":"https:\/\/www.kilicmed.com\/en\/about-us\/#breadcrumb","itemListElement":[{"@type":"ListItem","position":1,"name":"Anasayfa","item":"https:\/\/www.kilicmed.com\/en\/"},{"@type":"ListItem","position":2,"name":"About us"}]},{"@type":"WebSite","@id":"https:\/\/www.kilicmed.com\/#website","url":"https:\/\/www.kilicmed.com\/","name":"K\u0131l\u0131\u00e7 Med Medikal","description":"K\u0131l\u0131\u00e7 Med Medikal","publisher":{"@id":"https:\/\/www.kilicmed.com\/#organization"},"potentialAction":[{"@type":"SearchAction","target":{"@type":"EntryPoint","urlTemplate":"https:\/\/www.kilicmed.com\/?s={search_term_string}"},"query-input":{"@type":"PropertyValueSpecification","valueRequired":true,"valueName":"search_term_string"}}],"inLanguage":"en-US"},{"@type":"Organization","@id":"https:\/\/www.kilicmed.com\/#organization","name":"K\u0131l\u0131\u00e7 Med Medikal","url":"https:\/\/www.kilicmed.com\/","logo":{"@type":"ImageObject","inLanguage":"en-US","@id":"https:\/\/www.kilicmed.com\/#\/schema\/logo\/image\/","url":"https:\/\/www.kilicmed.com\/wp-content\/uploads\/2021\/07\/cropped-kilic-med-logo-512-1.png","contentUrl":"https:\/\/www.kilicmed.com\/wp-content\/uploads\/2021\/07\/cropped-kilic-med-logo-512-1.png","width":512,"height":512,"caption":"K\u0131l\u0131\u00e7 Med Medikal"},"image":{"@id":"https:\/\/www.kilicmed.com\/#\/schema\/logo\/image\/"}}]}},"_links":{"self":[{"href":"https:\/\/www.kilicmed.com\/en\/wp-json\/wp\/v2\/pages\/1002","targetHints":{"allow":["GET"]}}],"collection":[{"href":"https:\/\/www.kilicmed.com\/en\/wp-json\/wp\/v2\/pages"}],"about":[{"href":"https:\/\/www.kilicmed.com\/en\/wp-json\/wp\/v2\/types\/page"}],"author":[{"embeddable":true,"href":"https:\/\/www.kilicmed.com\/en\/wp-json\/wp\/v2\/users\/1"}],"replies":[{"embeddable":true,"href":"https:\/\/www.kilicmed.com\/en\/wp-json\/wp\/v2\/comments?post=1002"}],"version-history":[{"count":1,"href":"https:\/\/www.kilicmed.com\/en\/wp-json\/wp\/v2\/pages\/1002\/revisions"}],"predecessor-version":[{"id":1003,"href":"https:\/\/www.kilicmed.com\/en\/wp-json\/wp\/v2\/pages\/1002\/revisions\/1003"}],"wp:attachment":[{"href":"https:\/\/www.kilicmed.com\/en\/wp-json\/wp\/v2\/media?parent=1002"}],"curies":[{"name":"wp","href":"https:\/\/api.w.org\/{rel}","templated":true}]}}