{"id":1039,"date":"2021-03-20T19:07:07","date_gmt":"2021-03-20T19:07:07","guid":{"rendered":"https:\/\/www.kilicmed.com\/contact-us\/"},"modified":"2022-03-13T09:48:12","modified_gmt":"2022-03-13T09:48:12","slug":"contact-us","status":"publish","type":"page","link":"https:\/\/www.kilicmed.com\/en\/contact-us\/","title":{"rendered":"Contact Us"},"content":{"rendered":"\n<div class=\"row row-collapse row-full-width\"  id=\"row-588286555\">\n\n\n\t<div id=\"col-1060499541\" class=\"col small-12 large-12\"  >\n\t\t\t\t<div class=\"col-inner\"  >\n\t\t\t\n\t\t\t\n\n\n\t<section class=\"section\" id=\"section_712396790\">\n\t\t<div class=\"section-bg fill\" >\n\t\t\t<img loading=\"lazy\" decoding=\"async\" width=\"2560\" height=\"1463\" src=\"https:\/\/www.kilicmed.com\/wp-content\/uploads\/2021\/08\/17973908-scaled-1.jpg\" class=\"bg attachment- size-\" alt=\"\" \/>\t\t\t\t\t\t\n\t\t\t\n\n\t\t<\/div>\n\n\t\t\n\n\t\t<div class=\"section-content relative\">\n\t\t\t\n\n<div class=\"row row-collapse align-center\" style=\"max-width:\" id=\"row-351992153\">\n\n\n\t<div id=\"col-1202555061\" class=\"col small-12 large-12\"  >\n\t\t\t\t<div class=\"col-inner text-center dark\"  >\n\t\t\t\n\t\t\t\n\n<h1><span style=\"font-size: 170%; color: #0a3763;\">Contact Us<\/span><\/h1>\n<div id=\"gtx-trans\" style=\"position: absolute; left: 121px; top: 109.516px;\">\n<div class=\"gtx-trans-icon\"> <\/div>\n<\/div>\n\n\t\t<\/div>\n\t\t\t\t\n<style>\n#col-1202555061 > .col-inner {\n  padding: 100px 20px 200px 0px;\n}\n@media (min-width:550px) {\n  #col-1202555061 > .col-inner {\n    padding: 100px 0px 200px 0px;\n  }\n}\n<\/style>\n\t<\/div>\n\n\t\n\n<\/div>\n\n\t\t<\/div>\n\n\t\t\n<style>\n#section_712396790 {\n  padding-top: 0px;\n  padding-bottom: 0px;\n  min-height: 0px;\n}\n#section_712396790 .section-bg-overlay {\n  background-color: rgba(0, 0, 0, 0.12);\n}\n#section_712396790 .section-bg img {\n  object-position: 61% 100%;\n}\n@media (min-width:550px) {\n  #section_712396790 {\n    padding-top: 0px;\n    padding-bottom: 0px;\n  }\n  #section_712396790 .section-bg-overlay {\n    background-color: rgba(0, 0, 0, 0.21);\n  }\n}\n@media (min-width:850px) {\n  #section_712396790 {\n    padding-top: 30px;\n    padding-bottom: 30px;\n  }\n}\n<\/style>\n\t<\/section>\n\t\n\n\t\t<\/div>\n\t\t\t\t\t<\/div>\n\n\t\n\n<\/div>\n<div class=\"row row-large\" style=\"max-width:1400px\" id=\"row-500035085\">\n\n\n\t<div id=\"col-22317393\" class=\"col small-12 large-12\"  >\n\t\t\t\t<div class=\"col-inner\" style=\"background-color:rgb(255, 255, 255);\" >\n\t\t\t\n\t\t\t\n\n<div class=\"row row-collapse row-full-width\"  id=\"row-1329798616\">\n\n\n\t<div id=\"col-78950706\" class=\"col medium-12 small-12 large-6\"  >\n\t\t\t\t<div class=\"col-inner\"  >\n\t\t\t\n\t\t\t\n\n<h2><span style=\"font-size: 120%;\">Address<\/span><\/h2>\n<div id=\"gtx-trans\" style=\"position: absolute; left: -37px; top: 98.2188px;\">\n<div class=\"gtx-trans-icon\"> <\/div>\n<\/div>\n\t<div id=\"gap-236861437\" class=\"gap-element clearfix\" style=\"display:block; height:auto;\">\n\t\t\n<style>\n#gap-236861437 {\n  padding-top: 20px;\n}\n@media (min-width:550px) {\n  #gap-236861437 {\n    padding-top: 20px;\n  }\n}\n@media (min-width:850px) {\n  #gap-236861437 {\n    padding-top: 30px;\n  }\n}\n<\/style>\n\t<\/div>\n\t\n\n<div class=\"row\"  id=\"row-902950616\">\n\n\n\t<div id=\"col-675110061\" class=\"col medium-6 small-12 large-6\"  >\n\t\t\t\t<div class=\"col-inner\"  >\n\t\t\t\n\t\t\t\n\n\t<div class=\"img has-hover x md-x lg-x y md-y lg-y\" id=\"image_1296127556\">\n\t\t\t\t\t\t\t\t<div class=\"img-inner dark\" >\n\t\t\t<img loading=\"lazy\" decoding=\"async\" width=\"240\" height=\"240\" src=\"https:\/\/www.kilicmed.com\/wp-content\/uploads\/2021\/03\/map-pin-2-fill-2.png\" class=\"attachment-large size-large\" alt=\"\" srcset=\"https:\/\/www.kilicmed.com\/wp-content\/uploads\/2021\/03\/map-pin-2-fill-2.png 240w, https:\/\/www.kilicmed.com\/wp-content\/uploads\/2021\/03\/map-pin-2-fill-2-100x100.png 100w, https:\/\/www.kilicmed.com\/wp-content\/uploads\/2021\/03\/map-pin-2-fill-2-150x150.png 150w\" sizes=\"auto, (max-width: 240px) 100vw, 240px\" \/>\t\t\t\t\t\t\n\t\t\t\t\t<\/div>\n\t\t\t\t\t\t\t\t\n<style>\n#image_1296127556 {\n  width: 15%;\n}\n@media (min-width:550px) {\n  #image_1296127556 {\n    width: 20%;\n  }\n}\n<\/style>\n\t<\/div>\n\t\n\n<h3 class=\"uppercase\">Address<\/h3>\n<p>K\u00f6seler District 21. Street No: 50 Mermerciler Industrial Site<br>\nDilovas\u0131\/Kocaeli<\/p>\n\n\t\t<\/div>\n\t\t\t\t\t<\/div>\n\n\t\n\n\t<div id=\"col-6966645\" class=\"col medium-6 small-12 large-6\"  >\n\t\t\t\t<div class=\"col-inner\"  >\n\t\t\t\n\t\t\t\n\n\t<div class=\"img has-hover x md-x lg-x y md-y lg-y\" id=\"image_1330475952\">\n\t\t\t\t\t\t\t\t<div class=\"img-inner dark\" >\n\t\t\t<img loading=\"lazy\" decoding=\"async\" width=\"240\" height=\"240\" src=\"https:\/\/www.kilicmed.com\/wp-content\/uploads\/2021\/03\/phone-fill.png\" class=\"attachment-large size-large\" alt=\"\" srcset=\"https:\/\/www.kilicmed.com\/wp-content\/uploads\/2021\/03\/phone-fill.png 240w, https:\/\/www.kilicmed.com\/wp-content\/uploads\/2021\/03\/phone-fill-100x100.png 100w, https:\/\/www.kilicmed.com\/wp-content\/uploads\/2021\/03\/phone-fill-150x150.png 150w\" sizes=\"auto, (max-width: 240px) 100vw, 240px\" \/>\t\t\t\t\t\t\n\t\t\t\t\t<\/div>\n\t\t\t\t\t\t\t\t\n<style>\n#image_1330475952 {\n  width: 15%;\n}\n@media (min-width:550px) {\n  #image_1330475952 {\n    width: 20%;\n  }\n}\n<\/style>\n\t<\/div>\n\t\n\n<h3 class=\"uppercase\">phone<\/h3>\n<p data-line-height=\"xs\"><a href=\"tel:\/\/02625026745\">0 (262) 502 67 45<\/a><\/p>\n<p data-line-height=\"xs\"><a href=\"tel:\/\/02625026741\">0 (262) 502 67 41<\/a><\/p>\n\n\t\t<\/div>\n\t\t\t\t\t<\/div>\n\n\t\n\n\t<div id=\"col-1351773423\" class=\"col medium-6 small-12 large-6\"  >\n\t\t\t\t<div class=\"col-inner\"  >\n\t\t\t\n\t\t\t\n\n\t<div class=\"img has-hover x md-x lg-x y md-y lg-y\" id=\"image_249099615\">\n\t\t\t\t\t\t\t\t<div class=\"img-inner dark\" >\n\t\t\t<img loading=\"lazy\" decoding=\"async\" width=\"240\" height=\"240\" src=\"https:\/\/www.kilicmed.com\/wp-content\/uploads\/2021\/03\/mail-open-fill.png\" class=\"attachment-large size-large\" alt=\"\" srcset=\"https:\/\/www.kilicmed.com\/wp-content\/uploads\/2021\/03\/mail-open-fill.png 240w, https:\/\/www.kilicmed.com\/wp-content\/uploads\/2021\/03\/mail-open-fill-100x100.png 100w, https:\/\/www.kilicmed.com\/wp-content\/uploads\/2021\/03\/mail-open-fill-150x150.png 150w\" sizes=\"auto, (max-width: 240px) 100vw, 240px\" \/>\t\t\t\t\t\t\n\t\t\t\t\t<\/div>\n\t\t\t\t\t\t\t\t\n<style>\n#image_249099615 {\n  width: 15%;\n}\n@media (min-width:550px) {\n  #image_249099615 {\n    width: 20%;\n  }\n}\n<\/style>\n\t<\/div>\n\t\n\n<h3 class=\"uppercase\">E-mail<\/h3>\n<p><a href=\"mailto:info@kilicmed.com.tr\">info@kilicmed.com.tr<\/a><\/p>\n<p><strong>Sat\u0131\u015f &amp; Sat\u0131nalma Departman\u0131:<\/strong> <span lang=\"TR\"><a href=\"mailto:satis@kilicmed.com.tr\">satis@kilicmed.com.tr<\/a><\/span><\/p>\n<p><strong>Kalite Departman\u0131<\/strong>: <span lang=\"TR\"><a href=\"mailto:kys@kilicmed.com.tr\">kys@kilicmed.com.tr<\/a><\/span><\/p>\n<p><strong>Muhasebe Departman\u0131:<\/strong> <span lang=\"TR\"><a href=\"mailto:finans@kilicmed.com.tr\">finans@kilicmed.com.tr <\/a><\/span><span lang=\"TR\"><a href=\"mailto:muhasebe@kilicmed.com.tr\">muhasebe@kilicmed.com.tr<\/a><\/span><\/p>\n\n\t\t<\/div>\n\t\t\t\t\t<\/div>\n\n\t\n\n\t<div id=\"col-1742973349\" class=\"col medium-5 small-12 large-6\"  >\n\t\t\t\t<div class=\"col-inner\"  >\n\t\t\t\n\t\t\t\n\n\t<div class=\"img has-hover x md-x lg-x y md-y lg-y\" id=\"image_745108387\">\n\t\t\t\t\t\t\t\t<div class=\"img-inner dark\" >\n\t\t\t<img loading=\"lazy\" decoding=\"async\" width=\"240\" height=\"240\" src=\"https:\/\/www.kilicmed.com\/wp-content\/uploads\/2021\/03\/time-fill.png\" class=\"attachment-large size-large\" alt=\"\" srcset=\"https:\/\/www.kilicmed.com\/wp-content\/uploads\/2021\/03\/time-fill.png 240w, https:\/\/www.kilicmed.com\/wp-content\/uploads\/2021\/03\/time-fill-100x100.png 100w, https:\/\/www.kilicmed.com\/wp-content\/uploads\/2021\/03\/time-fill-150x150.png 150w\" sizes=\"auto, (max-width: 240px) 100vw, 240px\" \/>\t\t\t\t\t\t\n\t\t\t\t\t<\/div>\n\t\t\t\t\t\t\t\t\n<style>\n#image_745108387 {\n  width: 15%;\n}\n@media (min-width:550px) {\n  #image_745108387 {\n    width: 20%;\n  }\n}\n<\/style>\n\t<\/div>\n\t\n\n<h3 class=\"uppercase\">Fax<\/h3>\n<p data-line-height=\"xs\">0 (262) 502 67 46<\/p>\n<p data-line-height=\"xs\">0 (262) 502 67 43<\/p>\n\n\t\t<\/div>\n\t\t\t\t\t<\/div>\n\n\t\n\n<\/div>\n\n\t\t<\/div>\n\t\t\t\t\n<style>\n#col-78950706 > .col-inner {\n  padding: 0px 0px 0px 20px;\n}\n<\/style>\n\t<\/div>\n\n\t\n\n\t<div id=\"col-1207976822\" class=\"col medium-12 small-12 large-6\"  >\n\t\t\t\t<div class=\"col-inner\"  >\n\t\t\t\n\t\t\t\n\n<h2><span style=\"font-size: 120%;\">Contact Us<\/span><\/h2>\n<div id=\"gtx-trans\" style=\"position: absolute; left: 122px; top: 56.1094px;\">\n<div class=\"gtx-trans-icon\"> <\/div>\n<\/div>\n\t<div id=\"gap-2068758917\" class=\"gap-element clearfix\" style=\"display:block; height:auto;\">\n\t\t\n<style>\n#gap-2068758917 {\n  padding-top: 20px;\n}\n@media (min-width:550px) {\n  #gap-2068758917 {\n    padding-top: 20px;\n  }\n}\n@media (min-width:850px) {\n  #gap-2068758917 {\n    padding-top: 30px;\n  }\n}\n<\/style>\n\t<\/div>\n\t\n\n\n<div class=\"wpcf7 no-js\" id=\"wpcf7-f684-o1\" lang=\"tr-TR\" dir=\"ltr\" data-wpcf7-id=\"684\">\n<div class=\"screen-reader-response\"><p role=\"status\" aria-live=\"polite\" aria-atomic=\"true\"><\/p> <ul><\/ul><\/div>\n<form action=\"\/en\/wp-json\/wp\/v2\/pages\/1039#wpcf7-f684-o1\" method=\"post\" class=\"wpcf7-form init\" aria-label=\"\u0130leti\u015fim Formu\" novalidate=\"novalidate\" data-status=\"init\">\n<fieldset class=\"hidden-fields-container\"><input type=\"hidden\" name=\"_wpcf7\" value=\"684\" \/><input type=\"hidden\" name=\"_wpcf7_version\" value=\"6.1.1\" \/><input type=\"hidden\" name=\"_wpcf7_locale\" value=\"tr_TR\" \/><input type=\"hidden\" name=\"_wpcf7_unit_tag\" value=\"wpcf7-f684-o1\" \/><input type=\"hidden\" name=\"_wpcf7_container_post\" value=\"0\" \/><input type=\"hidden\" name=\"_wpcf7_posted_data_hash\" value=\"\" \/>\n<\/fieldset>\n<p><label>Ad\u0131n\u0131z Soyad\u0131n\u0131z (Gerekli)<\/label><br \/>\n<span class=\"wpcf7-form-control-wrap\" data-name=\"your-name\"><input size=\"40\" maxlength=\"400\" class=\"wpcf7-form-control wpcf7-text wpcf7-validates-as-required\" aria-required=\"true\" aria-invalid=\"false\" value=\"\" type=\"text\" name=\"your-name\" \/><\/span>\n<\/p>\n<p><label>Mail Adresiniz (Gerekli)<\/label><br \/>\n<span class=\"wpcf7-form-control-wrap\" data-name=\"your-email\"><input size=\"40\" maxlength=\"400\" class=\"wpcf7-form-control wpcf7-email wpcf7-validates-as-required wpcf7-text wpcf7-validates-as-email\" aria-required=\"true\" aria-invalid=\"false\" value=\"\" type=\"email\" name=\"your-email\" \/><\/span>\n<\/p>\n<p><label>Mesaj\u0131n\u0131z (Gerekli)<\/label><br \/>\n<span class=\"wpcf7-form-control-wrap\" data-name=\"your-message\"><textarea cols=\"40\" rows=\"10\" maxlength=\"2000\" class=\"wpcf7-form-control wpcf7-textarea\" aria-invalid=\"false\" name=\"your-message\"><\/textarea><\/span>\n<\/p>\n<p><input class=\"wpcf7-form-control wpcf7-submit has-spinner button\" type=\"submit\" value=\"G\u00f6nder\" \/>\n<\/p><div class=\"wpcf7-response-output\" aria-hidden=\"true\"><\/div>\n<\/form>\n<\/div>\n\n\n\n\t\t<\/div>\n\t\t\t\t\t<\/div>\n\n\t\n\n\n<style>\n#row-1329798616 > .col > .col-inner {\n  padding: 0px 15px 0px 15px;\n}\n<\/style>\n<\/div>\n\n\t\t<\/div>\n\t\t\t\t\n<style>\n#col-22317393 > .col-inner {\n  padding: 50px 20px 0px 20px;\n  margin: -0 0px 0px 0px;\n}\n@media (min-width:550px) {\n  #col-22317393 > .col-inner {\n    padding: 50px 20px 30px 20px;\n    margin: 0 0px 0px 0px;\n  }\n}\n@media (min-width:850px) {\n  #col-22317393 > .col-inner {\n    padding: 66px 5% 16px 5%;\n    margin: -135px 0px 0px 0px;\n  }\n}\n<\/style>\n\t<\/div>\n\n\t\n\n<\/div>\n<div class=\"row row-collapse row-full-width align-center\"  id=\"row-1724951215\">\n\n\n\t<div id=\"col-405441081\" class=\"col medium-6 small-12 large-6\"  >\n\t\t\t\t<div class=\"col-inner\"  >\n\t\t\t\n\t\t\t\n\n<p><iframe src=\"https:\/\/www.google.com\/maps\/embed?pb=!1m14!1m8!1m3!1d24133.33072413846!2d29.570730000000005!3d40.879196!3m2!1i1024!2i768!4f13.1!3m3!1m2!1s0x0%3A0xf82ccca83296d95f!2zS8SxbMSxw6cgTWVkIE1lZGlrYWw!5e0!3m2!1str!2str!4v1626206973480!5m2!1str!2str\" width=\"1300\" height=\"600\" style=\"border:0;\" allowfullscreen=\"\" loading=\"lazy\"><\/iframe><\/p>\n\n\t\t<\/div>\n\t\t\t\t\n<style>\n#col-405441081 > .col-inner {\n  padding: 0px 30px 0px 30px;\n}\n<\/style>\n\t<\/div>\n\n\t\n\n\t<div id=\"col-950735789\" class=\"col medium-6 small-12 large-6\"  >\n\t\t\t\t<div class=\"col-inner\"  >\n\t\t\t\n\t\t\t\n\n\t<div class=\"img has-hover x md-x lg-x y md-y lg-y\" id=\"image_871006671\">\n\t\t\t\t\t\t\t\t<div class=\"img-inner dark\" >\n\t\t\t<img loading=\"lazy\" decoding=\"async\" width=\"1020\" height=\"691\" src=\"https:\/\/www.kilicmed.com\/wp-content\/uploads\/2021\/09\/bina-dis-cekim-scaled-1-1024x694.jpg\" class=\"attachment-large size-large\" alt=\"\" srcset=\"https:\/\/www.kilicmed.com\/wp-content\/uploads\/2021\/09\/bina-dis-cekim-scaled-1-1024x694.jpg 1024w, https:\/\/www.kilicmed.com\/wp-content\/uploads\/2021\/09\/bina-dis-cekim-scaled-1-500x339.jpg 500w, https:\/\/www.kilicmed.com\/wp-content\/uploads\/2021\/09\/bina-dis-cekim-scaled-1-300x203.jpg 300w, https:\/\/www.kilicmed.com\/wp-content\/uploads\/2021\/09\/bina-dis-cekim-scaled-1-768x521.jpg 768w, https:\/\/www.kilicmed.com\/wp-content\/uploads\/2021\/09\/bina-dis-cekim-scaled-1-1536x1041.jpg 1536w, https:\/\/www.kilicmed.com\/wp-content\/uploads\/2021\/09\/bina-dis-cekim-scaled-1-2048x1388.jpg 2048w, https:\/\/www.kilicmed.com\/wp-content\/uploads\/2021\/09\/bina-dis-cekim-scaled-1-1000x678.jpg 1000w\" sizes=\"auto, (max-width: 1020px) 100vw, 1020px\" \/>\t\t\t\t\t\t\t<div class=\"overlay\" style=\"background-color: rgba(0, 0, 0, 0.25)\"><\/div>\n\t\t\t\t\t\t\n\t\t\t\t\t<\/div>\n\t\t\t\t\t\t\t\t\n<style>\n#image_871006671 {\n  width: 100%;\n}\n<\/style>\n\t<\/div>\n\t\n\n\n\t\t<\/div>\n\t\t\t\t\n<style>\n#col-950735789 > .col-inner {\n  padding: 0px 30px 0px 30px;\n}\n<\/style>\n\t<\/div>\n\n\t\n\n<\/div>\n<div class=\"row\"  id=\"row-1598545093\">\n\n\n\t<div id=\"col-1047461990\" class=\"col small-12 large-12\"  >\n\t\t\t\t<div class=\"col-inner\"  >\n\t\t\t\n\t\t\t\n\n<p class=\"lead\" style=\"text-align: center;\" data-line-height=\"s\">Follow us<\/p>\n<p style=\"text-align: center;\" data-line-height=\"s\">Follow us on our social media accounts for up-to-date news.<\/p>\n<div class=\"social-icons follow-icons full-width text-center\" ><a href=\"http:\/\/url\" target=\"_blank\" data-label=\"Facebook\" class=\"icon button circle is-outline tooltip facebook\" title=\"Follow on Facebook\" aria-label=\"Follow on Facebook\" rel=\"noopener nofollow\"><i class=\"icon-facebook\" aria-hidden=\"true\"><\/i><\/a><a href=\"http:\/\/url\" target=\"_blank\" data-label=\"Instagram\" class=\"icon button circle is-outline tooltip instagram\" title=\"Follow on Instagram\" aria-label=\"Follow on Instagram\" rel=\"noopener nofollow\"><i class=\"icon-instagram\" aria-hidden=\"true\"><\/i><\/a><a href=\"http:\/\/url\" data-label=\"Twitter\" target=\"_blank\" class=\"icon button circle is-outline tooltip twitter\" title=\"Follow on Twitter\" aria-label=\"Follow on Twitter\" rel=\"noopener nofollow\"><i class=\"icon-twitter\" aria-hidden=\"true\"><\/i><\/a><a href=\"mailto:your@email\" data-label=\"E-mail\" target=\"_blank\" class=\"icon button circle is-outline tooltip email\" title=\"Send us an email\" aria-label=\"Send us an email\" rel=\"nofollow noopener\"><i class=\"icon-envelop\" aria-hidden=\"true\"><\/i><\/a><\/div>\n\n\n\t\t<\/div>\n\t\t\t\t\t<\/div>\n\n\t\n\n<\/div>\n\n","protected":false},"excerpt":{"rendered":"","protected":false},"author":1,"featured_media":0,"parent":0,"menu_order":0,"comment_status":"closed","ping_status":"closed","template":"page-blank.php","meta":{"footnotes":""},"class_list":["post-1039","page","type-page","status-publish","hentry"],"yoast_head":"<!-- This site is optimized with the Yoast SEO plugin v25.9 - https:\/\/yoast.com\/wordpress\/plugins\/seo\/ -->\n<title>Contact Us - K\u0131l\u0131\u00e7 Med Medikal<\/title>\n<meta name=\"robots\" content=\"index, follow, max-snippet:-1, max-image-preview:large, max-video-preview:-1\" \/>\n<link rel=\"canonical\" href=\"https:\/\/www.kilicmed.com\/en\/contact-us\/\" \/>\n<meta property=\"og:locale\" content=\"en_US\" \/>\n<meta property=\"og:type\" content=\"article\" \/>\n<meta property=\"og:title\" content=\"Contact Us - K\u0131l\u0131\u00e7 Med Medikal\" \/>\n<meta property=\"og:url\" content=\"https:\/\/www.kilicmed.com\/en\/contact-us\/\" \/>\n<meta property=\"og:site_name\" content=\"K\u0131l\u0131\u00e7 Med Medikal\" \/>\n<meta property=\"article:modified_time\" content=\"2022-03-13T09:48:12+00:00\" \/>\n<meta name=\"twitter:card\" content=\"summary_large_image\" \/>\n<meta name=\"twitter:label1\" content=\"Est. reading time\" \/>\n\t<meta name=\"twitter:data1\" content=\"2 minutes\" \/>\n<script type=\"application\/ld+json\" class=\"yoast-schema-graph\">{\"@context\":\"https:\/\/schema.org\",\"@graph\":[{\"@type\":\"WebPage\",\"@id\":\"https:\/\/www.kilicmed.com\/en\/contact-us\/\",\"url\":\"https:\/\/www.kilicmed.com\/en\/contact-us\/\",\"name\":\"Contact Us - K\u0131l\u0131\u00e7 Med Medikal\",\"isPartOf\":{\"@id\":\"https:\/\/www.kilicmed.com\/#website\"},\"datePublished\":\"2021-03-20T19:07:07+00:00\",\"dateModified\":\"2022-03-13T09:48:12+00:00\",\"breadcrumb\":{\"@id\":\"https:\/\/www.kilicmed.com\/en\/contact-us\/#breadcrumb\"},\"inLanguage\":\"en-US\",\"potentialAction\":[{\"@type\":\"ReadAction\",\"target\":[\"https:\/\/www.kilicmed.com\/en\/contact-us\/\"]}]},{\"@type\":\"BreadcrumbList\",\"@id\":\"https:\/\/www.kilicmed.com\/en\/contact-us\/#breadcrumb\",\"itemListElement\":[{\"@type\":\"ListItem\",\"position\":1,\"name\":\"Anasayfa\",\"item\":\"https:\/\/www.kilicmed.com\/en\/\"},{\"@type\":\"ListItem\",\"position\":2,\"name\":\"Contact Us\"}]},{\"@type\":\"WebSite\",\"@id\":\"https:\/\/www.kilicmed.com\/#website\",\"url\":\"https:\/\/www.kilicmed.com\/\",\"name\":\"K\u0131l\u0131\u00e7 Med Medikal\",\"description\":\"K\u0131l\u0131\u00e7 Med Medikal\",\"publisher\":{\"@id\":\"https:\/\/www.kilicmed.com\/#organization\"},\"potentialAction\":[{\"@type\":\"SearchAction\",\"target\":{\"@type\":\"EntryPoint\",\"urlTemplate\":\"https:\/\/www.kilicmed.com\/?s={search_term_string}\"},\"query-input\":{\"@type\":\"PropertyValueSpecification\",\"valueRequired\":true,\"valueName\":\"search_term_string\"}}],\"inLanguage\":\"en-US\"},{\"@type\":\"Organization\",\"@id\":\"https:\/\/www.kilicmed.com\/#organization\",\"name\":\"K\u0131l\u0131\u00e7 Med Medikal\",\"url\":\"https:\/\/www.kilicmed.com\/\",\"logo\":{\"@type\":\"ImageObject\",\"inLanguage\":\"en-US\",\"@id\":\"https:\/\/www.kilicmed.com\/#\/schema\/logo\/image\/\",\"url\":\"https:\/\/www.kilicmed.com\/wp-content\/uploads\/2021\/07\/cropped-kilic-med-logo-512-1.png\",\"contentUrl\":\"https:\/\/www.kilicmed.com\/wp-content\/uploads\/2021\/07\/cropped-kilic-med-logo-512-1.png\",\"width\":512,\"height\":512,\"caption\":\"K\u0131l\u0131\u00e7 Med Medikal\"},\"image\":{\"@id\":\"https:\/\/www.kilicmed.com\/#\/schema\/logo\/image\/\"}}]}<\/script>\n<!-- \/ Yoast SEO plugin. -->","yoast_head_json":{"title":"Contact Us - K\u0131l\u0131\u00e7 Med Medikal","robots":{"index":"index","follow":"follow","max-snippet":"max-snippet:-1","max-image-preview":"max-image-preview:large","max-video-preview":"max-video-preview:-1"},"canonical":"https:\/\/www.kilicmed.com\/en\/contact-us\/","og_locale":"en_US","og_type":"article","og_title":"Contact Us - K\u0131l\u0131\u00e7 Med Medikal","og_url":"https:\/\/www.kilicmed.com\/en\/contact-us\/","og_site_name":"K\u0131l\u0131\u00e7 Med Medikal","article_modified_time":"2022-03-13T09:48:12+00:00","twitter_card":"summary_large_image","twitter_misc":{"Est. reading time":"2 minutes"},"schema":{"@context":"https:\/\/schema.org","@graph":[{"@type":"WebPage","@id":"https:\/\/www.kilicmed.com\/en\/contact-us\/","url":"https:\/\/www.kilicmed.com\/en\/contact-us\/","name":"Contact Us - K\u0131l\u0131\u00e7 Med Medikal","isPartOf":{"@id":"https:\/\/www.kilicmed.com\/#website"},"datePublished":"2021-03-20T19:07:07+00:00","dateModified":"2022-03-13T09:48:12+00:00","breadcrumb":{"@id":"https:\/\/www.kilicmed.com\/en\/contact-us\/#breadcrumb"},"inLanguage":"en-US","potentialAction":[{"@type":"ReadAction","target":["https:\/\/www.kilicmed.com\/en\/contact-us\/"]}]},{"@type":"BreadcrumbList","@id":"https:\/\/www.kilicmed.com\/en\/contact-us\/#breadcrumb","itemListElement":[{"@type":"ListItem","position":1,"name":"Anasayfa","item":"https:\/\/www.kilicmed.com\/en\/"},{"@type":"ListItem","position":2,"name":"Contact Us"}]},{"@type":"WebSite","@id":"https:\/\/www.kilicmed.com\/#website","url":"https:\/\/www.kilicmed.com\/","name":"K\u0131l\u0131\u00e7 Med Medikal","description":"K\u0131l\u0131\u00e7 Med Medikal","publisher":{"@id":"https:\/\/www.kilicmed.com\/#organization"},"potentialAction":[{"@type":"SearchAction","target":{"@type":"EntryPoint","urlTemplate":"https:\/\/www.kilicmed.com\/?s={search_term_string}"},"query-input":{"@type":"PropertyValueSpecification","valueRequired":true,"valueName":"search_term_string"}}],"inLanguage":"en-US"},{"@type":"Organization","@id":"https:\/\/www.kilicmed.com\/#organization","name":"K\u0131l\u0131\u00e7 Med Medikal","url":"https:\/\/www.kilicmed.com\/","logo":{"@type":"ImageObject","inLanguage":"en-US","@id":"https:\/\/www.kilicmed.com\/#\/schema\/logo\/image\/","url":"https:\/\/www.kilicmed.com\/wp-content\/uploads\/2021\/07\/cropped-kilic-med-logo-512-1.png","contentUrl":"https:\/\/www.kilicmed.com\/wp-content\/uploads\/2021\/07\/cropped-kilic-med-logo-512-1.png","width":512,"height":512,"caption":"K\u0131l\u0131\u00e7 Med Medikal"},"image":{"@id":"https:\/\/www.kilicmed.com\/#\/schema\/logo\/image\/"}}]}},"_links":{"self":[{"href":"https:\/\/www.kilicmed.com\/en\/wp-json\/wp\/v2\/pages\/1039","targetHints":{"allow":["GET"]}}],"collection":[{"href":"https:\/\/www.kilicmed.com\/en\/wp-json\/wp\/v2\/pages"}],"about":[{"href":"https:\/\/www.kilicmed.com\/en\/wp-json\/wp\/v2\/types\/page"}],"author":[{"embeddable":true,"href":"https:\/\/www.kilicmed.com\/en\/wp-json\/wp\/v2\/users\/1"}],"replies":[{"embeddable":true,"href":"https:\/\/www.kilicmed.com\/en\/wp-json\/wp\/v2\/comments?post=1039"}],"version-history":[{"count":1,"href":"https:\/\/www.kilicmed.com\/en\/wp-json\/wp\/v2\/pages\/1039\/revisions"}],"predecessor-version":[{"id":1040,"href":"https:\/\/www.kilicmed.com\/en\/wp-json\/wp\/v2\/pages\/1039\/revisions\/1040"}],"wp:attachment":[{"href":"https:\/\/www.kilicmed.com\/en\/wp-json\/wp\/v2\/media?parent=1039"}],"curies":[{"name":"wp","href":"https:\/\/api.w.org\/{rel}","templated":true}]}}