{"id":1034,"date":"2021-05-10T19:41:46","date_gmt":"2021-05-10T19:41:46","guid":{"rendered":"https:\/\/www.kilicmed.com\/urun\/kiwi-gostergeli-dogum-vakum-can-seti-manuel-vakum-cihazi\/"},"modified":"2021-05-10T19:41:46","modified_gmt":"2021-05-10T19:41:46","slug":"kiwi-gostergeli-dogum-vakum-can-seti-manuel-vakum-cihazi-2","status":"publish","type":"product","link":"https:\/\/www.kilicmed.com\/en\/urun\/kiwi-gostergeli-dogum-vakum-can-seti-manuel-vakum-cihazi-2\/","title":{"rendered":"Kiwi G\u00f6stergeli Do\u011fum Vakum \u00c7an Seti (Manuel Vakum Cihaz\u0131)"},"content":{"rendered":"<p>Bird obstetric suction cup is used if there is a significant decrease in the baby&#8217;s heart rate at the end of labor and if it continues for a long time, to deliver the baby without wasting time due to this dangerous situation; or it is used to shorten the second stage of labor.<\/p>\n<p><strong>Technical Specifications<\/strong><\/p>\n<ul>\n<li>The product has a hand pump that makes vacuum and a head (looks like a bell) thatapplies vacuum, made of plastic and have a diameter of 5 cm, and a pull cord that connect made of steel and connect these two to each other.<\/li>\n<li>There is an indicator that shows the pressure applied on head. This indicator has green and red lines to warn the user about the pressure applied.<\/li>\n<li>The traction force indicator which permits the operator to view and control the amount of traction that is being exerted on the fetal scalp.<\/li>\n<li>For single patient use only.<\/li>\n<li>Latex free<em>.<\/em><\/li>\n<li>It is sterilized with ethylene oxide.<em> <\/em><\/li>\n<\/ul>\n","protected":false},"excerpt":{"rendered":"<p>Bird obstetric suction cup is used if there is a significant decrease in the baby&#8217;s heart rate at the end of labor and if it continues for a long time, to deliver the baby without wasting time due to this dangerous situation; or it is used to shorten the second stage of labor.<\/p>\n","protected":false},"featured_media":959,"comment_status":"open","ping_status":"closed","template":"","meta":[],"product_brand":[],"product_cat":[66],"product_tag":[],"class_list":{"0":"post-1034","1":"product","2":"type-product","3":"status-publish","4":"has-post-thumbnail","6":"product_cat-obstetrics-and-gynecology","8":"first","9":"instock","10":"shipping-taxable","11":"product-type-simple"},"yoast_head":"<!-- This site is optimized with the Yoast SEO plugin v25.9 - https:\/\/yoast.com\/wordpress\/plugins\/seo\/ -->\n<title>Kiwi G\u00f6stergeli Do\u011fum Vakum \u00c7an Seti (Manuel Vakum Cihaz\u0131) - K\u0131l\u0131\u00e7 Med Medikal<\/title>\n<meta name=\"robots\" content=\"index, follow, max-snippet:-1, max-image-preview:large, max-video-preview:-1\" \/>\n<link rel=\"canonical\" href=\"https:\/\/www.kilicmed.com\/en\/urun\/kiwi-gostergeli-dogum-vakum-can-seti-manuel-vakum-cihazi-2\/\" \/>\n<meta property=\"og:locale\" content=\"en_US\" \/>\n<meta property=\"og:type\" content=\"article\" \/>\n<meta property=\"og:title\" content=\"Kiwi G\u00f6stergeli Do\u011fum Vakum \u00c7an Seti (Manuel Vakum Cihaz\u0131) - K\u0131l\u0131\u00e7 Med Medikal\" \/>\n<meta property=\"og:description\" content=\"Bird obstetric suction cup is used if there is a significant decrease in the baby&#039;s heart rate at the end of labor and if it continues for a long time, to deliver the baby without wasting time due to this dangerous situation; or it is used to shorten the second stage of labor.\" \/>\n<meta property=\"og:url\" content=\"https:\/\/www.kilicmed.com\/en\/urun\/kiwi-gostergeli-dogum-vakum-can-seti-manuel-vakum-cihazi-2\/\" \/>\n<meta property=\"og:site_name\" content=\"K\u0131l\u0131\u00e7 Med Medikal\" \/>\n<meta property=\"og:image\" content=\"https:\/\/www.kilicmed.com\/wp-content\/uploads\/2021\/05\/dogum-vakum-can-2.jpg\" \/>\n\t<meta property=\"og:image:width\" content=\"1000\" \/>\n\t<meta property=\"og:image:height\" content=\"667\" \/>\n\t<meta property=\"og:image:type\" content=\"image\/jpeg\" \/>\n<meta name=\"twitter:card\" content=\"summary_large_image\" \/>\n<meta name=\"twitter:label1\" content=\"Est. reading time\" \/>\n\t<meta name=\"twitter:data1\" content=\"1 minute\" \/>\n<script type=\"application\/ld+json\" class=\"yoast-schema-graph\">{\"@context\":\"https:\/\/schema.org\",\"@graph\":[{\"@type\":\"WebPage\",\"@id\":\"https:\/\/www.kilicmed.com\/en\/urun\/kiwi-gostergeli-dogum-vakum-can-seti-manuel-vakum-cihazi-2\/\",\"url\":\"https:\/\/www.kilicmed.com\/en\/urun\/kiwi-gostergeli-dogum-vakum-can-seti-manuel-vakum-cihazi-2\/\",\"name\":\"Kiwi G\u00f6stergeli Do\u011fum Vakum \u00c7an Seti (Manuel Vakum Cihaz\u0131) - K\u0131l\u0131\u00e7 Med Medikal\",\"isPartOf\":{\"@id\":\"https:\/\/www.kilicmed.com\/#website\"},\"primaryImageOfPage\":{\"@id\":\"https:\/\/www.kilicmed.com\/en\/urun\/kiwi-gostergeli-dogum-vakum-can-seti-manuel-vakum-cihazi-2\/#primaryimage\"},\"image\":{\"@id\":\"https:\/\/www.kilicmed.com\/en\/urun\/kiwi-gostergeli-dogum-vakum-can-seti-manuel-vakum-cihazi-2\/#primaryimage\"},\"thumbnailUrl\":\"https:\/\/www.kilicmed.com\/wp-content\/uploads\/2021\/05\/dogum-vakum-can-2.jpg\",\"datePublished\":\"2021-05-10T19:41:46+00:00\",\"breadcrumb\":{\"@id\":\"https:\/\/www.kilicmed.com\/en\/urun\/kiwi-gostergeli-dogum-vakum-can-seti-manuel-vakum-cihazi-2\/#breadcrumb\"},\"inLanguage\":\"en-US\",\"potentialAction\":[{\"@type\":\"ReadAction\",\"target\":[\"https:\/\/www.kilicmed.com\/en\/urun\/kiwi-gostergeli-dogum-vakum-can-seti-manuel-vakum-cihazi-2\/\"]}]},{\"@type\":\"ImageObject\",\"inLanguage\":\"en-US\",\"@id\":\"https:\/\/www.kilicmed.com\/en\/urun\/kiwi-gostergeli-dogum-vakum-can-seti-manuel-vakum-cihazi-2\/#primaryimage\",\"url\":\"https:\/\/www.kilicmed.com\/wp-content\/uploads\/2021\/05\/dogum-vakum-can-2.jpg\",\"contentUrl\":\"https:\/\/www.kilicmed.com\/wp-content\/uploads\/2021\/05\/dogum-vakum-can-2.jpg\",\"width\":1000,\"height\":667},{\"@type\":\"BreadcrumbList\",\"@id\":\"https:\/\/www.kilicmed.com\/en\/urun\/kiwi-gostergeli-dogum-vakum-can-seti-manuel-vakum-cihazi-2\/#breadcrumb\",\"itemListElement\":[{\"@type\":\"ListItem\",\"position\":1,\"name\":\"Anasayfa\",\"item\":\"https:\/\/www.kilicmed.com\/en\/\"},{\"@type\":\"ListItem\",\"position\":2,\"name\":\"Shop\",\"item\":\"https:\/\/www.kilicmed.com\/en\/shop\/\"},{\"@type\":\"ListItem\",\"position\":3,\"name\":\"Kiwi G\u00f6stergeli Do\u011fum Vakum \u00c7an Seti (Manuel Vakum Cihaz\u0131)\"}]},{\"@type\":\"WebSite\",\"@id\":\"https:\/\/www.kilicmed.com\/#website\",\"url\":\"https:\/\/www.kilicmed.com\/\",\"name\":\"K\u0131l\u0131\u00e7 Med Medikal\",\"description\":\"K\u0131l\u0131\u00e7 Med Medikal\",\"publisher\":{\"@id\":\"https:\/\/www.kilicmed.com\/#organization\"},\"potentialAction\":[{\"@type\":\"SearchAction\",\"target\":{\"@type\":\"EntryPoint\",\"urlTemplate\":\"https:\/\/www.kilicmed.com\/?s={search_term_string}\"},\"query-input\":{\"@type\":\"PropertyValueSpecification\",\"valueRequired\":true,\"valueName\":\"search_term_string\"}}],\"inLanguage\":\"en-US\"},{\"@type\":\"Organization\",\"@id\":\"https:\/\/www.kilicmed.com\/#organization\",\"name\":\"K\u0131l\u0131\u00e7 Med Medikal\",\"url\":\"https:\/\/www.kilicmed.com\/\",\"logo\":{\"@type\":\"ImageObject\",\"inLanguage\":\"en-US\",\"@id\":\"https:\/\/www.kilicmed.com\/#\/schema\/logo\/image\/\",\"url\":\"https:\/\/www.kilicmed.com\/wp-content\/uploads\/2021\/07\/cropped-kilic-med-logo-512-1.png\",\"contentUrl\":\"https:\/\/www.kilicmed.com\/wp-content\/uploads\/2021\/07\/cropped-kilic-med-logo-512-1.png\",\"width\":512,\"height\":512,\"caption\":\"K\u0131l\u0131\u00e7 Med Medikal\"},\"image\":{\"@id\":\"https:\/\/www.kilicmed.com\/#\/schema\/logo\/image\/\"}}]}<\/script>\n<!-- \/ Yoast SEO plugin. -->","yoast_head_json":{"title":"Kiwi G\u00f6stergeli Do\u011fum Vakum \u00c7an Seti (Manuel Vakum Cihaz\u0131) - K\u0131l\u0131\u00e7 Med Medikal","robots":{"index":"index","follow":"follow","max-snippet":"max-snippet:-1","max-image-preview":"max-image-preview:large","max-video-preview":"max-video-preview:-1"},"canonical":"https:\/\/www.kilicmed.com\/en\/urun\/kiwi-gostergeli-dogum-vakum-can-seti-manuel-vakum-cihazi-2\/","og_locale":"en_US","og_type":"article","og_title":"Kiwi G\u00f6stergeli Do\u011fum Vakum \u00c7an Seti (Manuel Vakum Cihaz\u0131) - K\u0131l\u0131\u00e7 Med Medikal","og_description":"Bird obstetric suction cup is used if there is a significant decrease in the baby's heart rate at the end of labor and if it continues for a long time, to deliver the baby without wasting time due to this dangerous situation; or it is used to shorten the second stage of labor.","og_url":"https:\/\/www.kilicmed.com\/en\/urun\/kiwi-gostergeli-dogum-vakum-can-seti-manuel-vakum-cihazi-2\/","og_site_name":"K\u0131l\u0131\u00e7 Med Medikal","og_image":[{"width":1000,"height":667,"url":"https:\/\/www.kilicmed.com\/wp-content\/uploads\/2021\/05\/dogum-vakum-can-2.jpg","type":"image\/jpeg"}],"twitter_card":"summary_large_image","twitter_misc":{"Est. reading time":"1 minute"},"schema":{"@context":"https:\/\/schema.org","@graph":[{"@type":"WebPage","@id":"https:\/\/www.kilicmed.com\/en\/urun\/kiwi-gostergeli-dogum-vakum-can-seti-manuel-vakum-cihazi-2\/","url":"https:\/\/www.kilicmed.com\/en\/urun\/kiwi-gostergeli-dogum-vakum-can-seti-manuel-vakum-cihazi-2\/","name":"Kiwi G\u00f6stergeli Do\u011fum Vakum \u00c7an Seti (Manuel Vakum Cihaz\u0131) - K\u0131l\u0131\u00e7 Med Medikal","isPartOf":{"@id":"https:\/\/www.kilicmed.com\/#website"},"primaryImageOfPage":{"@id":"https:\/\/www.kilicmed.com\/en\/urun\/kiwi-gostergeli-dogum-vakum-can-seti-manuel-vakum-cihazi-2\/#primaryimage"},"image":{"@id":"https:\/\/www.kilicmed.com\/en\/urun\/kiwi-gostergeli-dogum-vakum-can-seti-manuel-vakum-cihazi-2\/#primaryimage"},"thumbnailUrl":"https:\/\/www.kilicmed.com\/wp-content\/uploads\/2021\/05\/dogum-vakum-can-2.jpg","datePublished":"2021-05-10T19:41:46+00:00","breadcrumb":{"@id":"https:\/\/www.kilicmed.com\/en\/urun\/kiwi-gostergeli-dogum-vakum-can-seti-manuel-vakum-cihazi-2\/#breadcrumb"},"inLanguage":"en-US","potentialAction":[{"@type":"ReadAction","target":["https:\/\/www.kilicmed.com\/en\/urun\/kiwi-gostergeli-dogum-vakum-can-seti-manuel-vakum-cihazi-2\/"]}]},{"@type":"ImageObject","inLanguage":"en-US","@id":"https:\/\/www.kilicmed.com\/en\/urun\/kiwi-gostergeli-dogum-vakum-can-seti-manuel-vakum-cihazi-2\/#primaryimage","url":"https:\/\/www.kilicmed.com\/wp-content\/uploads\/2021\/05\/dogum-vakum-can-2.jpg","contentUrl":"https:\/\/www.kilicmed.com\/wp-content\/uploads\/2021\/05\/dogum-vakum-can-2.jpg","width":1000,"height":667},{"@type":"BreadcrumbList","@id":"https:\/\/www.kilicmed.com\/en\/urun\/kiwi-gostergeli-dogum-vakum-can-seti-manuel-vakum-cihazi-2\/#breadcrumb","itemListElement":[{"@type":"ListItem","position":1,"name":"Anasayfa","item":"https:\/\/www.kilicmed.com\/en\/"},{"@type":"ListItem","position":2,"name":"Shop","item":"https:\/\/www.kilicmed.com\/en\/shop\/"},{"@type":"ListItem","position":3,"name":"Kiwi G\u00f6stergeli Do\u011fum Vakum \u00c7an Seti (Manuel Vakum Cihaz\u0131)"}]},{"@type":"WebSite","@id":"https:\/\/www.kilicmed.com\/#website","url":"https:\/\/www.kilicmed.com\/","name":"K\u0131l\u0131\u00e7 Med Medikal","description":"K\u0131l\u0131\u00e7 Med Medikal","publisher":{"@id":"https:\/\/www.kilicmed.com\/#organization"},"potentialAction":[{"@type":"SearchAction","target":{"@type":"EntryPoint","urlTemplate":"https:\/\/www.kilicmed.com\/?s={search_term_string}"},"query-input":{"@type":"PropertyValueSpecification","valueRequired":true,"valueName":"search_term_string"}}],"inLanguage":"en-US"},{"@type":"Organization","@id":"https:\/\/www.kilicmed.com\/#organization","name":"K\u0131l\u0131\u00e7 Med Medikal","url":"https:\/\/www.kilicmed.com\/","logo":{"@type":"ImageObject","inLanguage":"en-US","@id":"https:\/\/www.kilicmed.com\/#\/schema\/logo\/image\/","url":"https:\/\/www.kilicmed.com\/wp-content\/uploads\/2021\/07\/cropped-kilic-med-logo-512-1.png","contentUrl":"https:\/\/www.kilicmed.com\/wp-content\/uploads\/2021\/07\/cropped-kilic-med-logo-512-1.png","width":512,"height":512,"caption":"K\u0131l\u0131\u00e7 Med Medikal"},"image":{"@id":"https:\/\/www.kilicmed.com\/#\/schema\/logo\/image\/"}}]}},"_links":{"self":[{"href":"https:\/\/www.kilicmed.com\/en\/wp-json\/wp\/v2\/product\/1034","targetHints":{"allow":["GET"]}}],"collection":[{"href":"https:\/\/www.kilicmed.com\/en\/wp-json\/wp\/v2\/product"}],"about":[{"href":"https:\/\/www.kilicmed.com\/en\/wp-json\/wp\/v2\/types\/product"}],"replies":[{"embeddable":true,"href":"https:\/\/www.kilicmed.com\/en\/wp-json\/wp\/v2\/comments?post=1034"}],"wp:featuredmedia":[{"embeddable":true,"href":"https:\/\/www.kilicmed.com\/en\/wp-json\/wp\/v2\/media\/959"}],"wp:attachment":[{"href":"https:\/\/www.kilicmed.com\/en\/wp-json\/wp\/v2\/media?parent=1034"}],"wp:term":[{"taxonomy":"product_brand","embeddable":true,"href":"https:\/\/www.kilicmed.com\/en\/wp-json\/wp\/v2\/product_brand?post=1034"},{"taxonomy":"product_cat","embeddable":true,"href":"https:\/\/www.kilicmed.com\/en\/wp-json\/wp\/v2\/product_cat?post=1034"},{"taxonomy":"product_tag","embeddable":true,"href":"https:\/\/www.kilicmed.com\/en\/wp-json\/wp\/v2\/product_tag?post=1034"}],"curies":[{"name":"wp","href":"https:\/\/api.w.org\/{rel}","templated":true}]}}