{"id":1038,"date":"2021-08-27T07:22:09","date_gmt":"2021-08-27T07:22:09","guid":{"rendered":"https:\/\/www.kilicmed.com\/urun\/endometrial-biopsi-suction-pipelle\/"},"modified":"2021-08-27T07:22:09","modified_gmt":"2021-08-27T07:22:09","slug":"endometrial-biyopsi-kanulu-pipella-2","status":"publish","type":"product","link":"https:\/\/www.kilicmed.com\/en\/urun\/endometrial-biyopsi-kanulu-pipella-2\/","title":{"rendered":"Endometrial Biopsi Suction (Pipelle)"},"content":{"rendered":"<p>Endometrial biopsy investigated whether there are abnormal cells in the endometrial cavity (uterine lining), the causes of menstrual irregularities and whether the effects of hormones such as estrogen and progesterone on the endometrium are sufficient For this purpose, the endometrial biopsy cannula (Pipella), which has a thin and flexible structure, is entered through the uterine pain and a sample is taken from the inner lining of the uterus and examined.<\/p>\n<p><strong>Technical Specifications<\/strong><\/p>\n<p>&nbsp;<\/p>\n<ul>\n<li>For single patient use only.<\/li>\n<li>Sterilized with ethylene oxide<\/li>\n<li>Latex free.<\/li>\n<li>3 mm of diameter<\/li>\n<li>The canule is marked with 1 cm intervals from 1 to 12.<\/li>\n<li>The tip of the product has 4 holes in total at the right and left sides.<\/li>\n<\/ul>\n","protected":false},"excerpt":{"rendered":"<p>Endometrial biopsy investigated whether there are abnormal cells in the endometrial cavity (uterine lining), the causes of menstrual irregularities and whether the effects of hormones such as estrogen and progesterone on the endometrium are sufficient For this purpose, the endometrial biopsy cannula (Pipella), which has a thin and flexible structure, is entered through the uterine [&#8230;]\n","protected":false},"featured_media":1064,"comment_status":"open","ping_status":"closed","template":"","meta":[],"product_brand":[],"product_cat":[66],"product_tag":[],"class_list":{"0":"post-1038","1":"product","2":"type-product","3":"status-publish","4":"has-post-thumbnail","6":"product_cat-obstetrics-and-gynecology","8":"first","9":"instock","10":"shipping-taxable","11":"product-type-simple"},"yoast_head":"<!-- This site is optimized with the Yoast SEO plugin v25.9 - https:\/\/yoast.com\/wordpress\/plugins\/seo\/ -->\n<title>Endometrial Biopsi Suction (Pipelle) - K\u0131l\u0131\u00e7 Med Medikal<\/title>\n<meta name=\"robots\" content=\"index, follow, max-snippet:-1, max-image-preview:large, max-video-preview:-1\" \/>\n<link rel=\"canonical\" href=\"https:\/\/www.kilicmed.com\/en\/urun\/endometrial-biyopsi-kanulu-pipella-2\/\" \/>\n<meta property=\"og:locale\" content=\"en_US\" \/>\n<meta property=\"og:type\" content=\"article\" \/>\n<meta property=\"og:title\" content=\"Endometrial Biopsi Suction (Pipelle) - K\u0131l\u0131\u00e7 Med Medikal\" \/>\n<meta property=\"og:description\" content=\"Endometrial biopsy investigated whether there are abnormal cells in the endometrial cavity (uterine lining), the causes of menstrual irregularities and whether the effects of hormones such as estrogen and progesterone on the endometrium are sufficient For this purpose, the endometrial biopsy cannula (Pipella), which has a thin and flexible structure, is entered through the uterine [...]\" \/>\n<meta property=\"og:url\" content=\"https:\/\/www.kilicmed.com\/en\/urun\/endometrial-biyopsi-kanulu-pipella-2\/\" \/>\n<meta property=\"og:site_name\" content=\"K\u0131l\u0131\u00e7 Med Medikal\" \/>\n<meta property=\"og:image\" content=\"https:\/\/www.kilicmed.com\/wp-content\/uploads\/2021\/08\/pipella-1.jpg\" \/>\n\t<meta property=\"og:image:width\" content=\"1000\" \/>\n\t<meta property=\"og:image:height\" content=\"625\" \/>\n\t<meta property=\"og:image:type\" content=\"image\/jpeg\" \/>\n<meta name=\"twitter:card\" content=\"summary_large_image\" \/>\n<meta name=\"twitter:label1\" content=\"Est. reading time\" \/>\n\t<meta name=\"twitter:data1\" content=\"1 minute\" \/>\n<script type=\"application\/ld+json\" class=\"yoast-schema-graph\">{\"@context\":\"https:\/\/schema.org\",\"@graph\":[{\"@type\":\"WebPage\",\"@id\":\"https:\/\/www.kilicmed.com\/en\/urun\/endometrial-biyopsi-kanulu-pipella-2\/\",\"url\":\"https:\/\/www.kilicmed.com\/en\/urun\/endometrial-biyopsi-kanulu-pipella-2\/\",\"name\":\"Endometrial Biopsi Suction (Pipelle) - K\u0131l\u0131\u00e7 Med Medikal\",\"isPartOf\":{\"@id\":\"https:\/\/www.kilicmed.com\/#website\"},\"primaryImageOfPage\":{\"@id\":\"https:\/\/www.kilicmed.com\/en\/urun\/endometrial-biyopsi-kanulu-pipella-2\/#primaryimage\"},\"image\":{\"@id\":\"https:\/\/www.kilicmed.com\/en\/urun\/endometrial-biyopsi-kanulu-pipella-2\/#primaryimage\"},\"thumbnailUrl\":\"https:\/\/www.kilicmed.com\/wp-content\/uploads\/2021\/08\/pipella-1.jpg\",\"datePublished\":\"2021-08-27T07:22:09+00:00\",\"breadcrumb\":{\"@id\":\"https:\/\/www.kilicmed.com\/en\/urun\/endometrial-biyopsi-kanulu-pipella-2\/#breadcrumb\"},\"inLanguage\":\"en-US\",\"potentialAction\":[{\"@type\":\"ReadAction\",\"target\":[\"https:\/\/www.kilicmed.com\/en\/urun\/endometrial-biyopsi-kanulu-pipella-2\/\"]}]},{\"@type\":\"ImageObject\",\"inLanguage\":\"en-US\",\"@id\":\"https:\/\/www.kilicmed.com\/en\/urun\/endometrial-biyopsi-kanulu-pipella-2\/#primaryimage\",\"url\":\"https:\/\/www.kilicmed.com\/wp-content\/uploads\/2021\/08\/pipella-1.jpg\",\"contentUrl\":\"https:\/\/www.kilicmed.com\/wp-content\/uploads\/2021\/08\/pipella-1.jpg\",\"width\":1000,\"height\":625},{\"@type\":\"BreadcrumbList\",\"@id\":\"https:\/\/www.kilicmed.com\/en\/urun\/endometrial-biyopsi-kanulu-pipella-2\/#breadcrumb\",\"itemListElement\":[{\"@type\":\"ListItem\",\"position\":1,\"name\":\"Anasayfa\",\"item\":\"https:\/\/www.kilicmed.com\/en\/\"},{\"@type\":\"ListItem\",\"position\":2,\"name\":\"Shop\",\"item\":\"https:\/\/www.kilicmed.com\/en\/shop\/\"},{\"@type\":\"ListItem\",\"position\":3,\"name\":\"Endometrial Biopsi Suction (Pipelle)\"}]},{\"@type\":\"WebSite\",\"@id\":\"https:\/\/www.kilicmed.com\/#website\",\"url\":\"https:\/\/www.kilicmed.com\/\",\"name\":\"K\u0131l\u0131\u00e7 Med Medikal\",\"description\":\"K\u0131l\u0131\u00e7 Med Medikal\",\"publisher\":{\"@id\":\"https:\/\/www.kilicmed.com\/#organization\"},\"potentialAction\":[{\"@type\":\"SearchAction\",\"target\":{\"@type\":\"EntryPoint\",\"urlTemplate\":\"https:\/\/www.kilicmed.com\/?s={search_term_string}\"},\"query-input\":{\"@type\":\"PropertyValueSpecification\",\"valueRequired\":true,\"valueName\":\"search_term_string\"}}],\"inLanguage\":\"en-US\"},{\"@type\":\"Organization\",\"@id\":\"https:\/\/www.kilicmed.com\/#organization\",\"name\":\"K\u0131l\u0131\u00e7 Med Medikal\",\"url\":\"https:\/\/www.kilicmed.com\/\",\"logo\":{\"@type\":\"ImageObject\",\"inLanguage\":\"en-US\",\"@id\":\"https:\/\/www.kilicmed.com\/#\/schema\/logo\/image\/\",\"url\":\"https:\/\/www.kilicmed.com\/wp-content\/uploads\/2021\/07\/cropped-kilic-med-logo-512-1.png\",\"contentUrl\":\"https:\/\/www.kilicmed.com\/wp-content\/uploads\/2021\/07\/cropped-kilic-med-logo-512-1.png\",\"width\":512,\"height\":512,\"caption\":\"K\u0131l\u0131\u00e7 Med Medikal\"},\"image\":{\"@id\":\"https:\/\/www.kilicmed.com\/#\/schema\/logo\/image\/\"}}]}<\/script>\n<!-- \/ Yoast SEO plugin. -->","yoast_head_json":{"title":"Endometrial Biopsi Suction (Pipelle) - K\u0131l\u0131\u00e7 Med Medikal","robots":{"index":"index","follow":"follow","max-snippet":"max-snippet:-1","max-image-preview":"max-image-preview:large","max-video-preview":"max-video-preview:-1"},"canonical":"https:\/\/www.kilicmed.com\/en\/urun\/endometrial-biyopsi-kanulu-pipella-2\/","og_locale":"en_US","og_type":"article","og_title":"Endometrial Biopsi Suction (Pipelle) - K\u0131l\u0131\u00e7 Med Medikal","og_description":"Endometrial biopsy investigated whether there are abnormal cells in the endometrial cavity (uterine lining), the causes of menstrual irregularities and whether the effects of hormones such as estrogen and progesterone on the endometrium are sufficient For this purpose, the endometrial biopsy cannula (Pipella), which has a thin and flexible structure, is entered through the uterine [...]","og_url":"https:\/\/www.kilicmed.com\/en\/urun\/endometrial-biyopsi-kanulu-pipella-2\/","og_site_name":"K\u0131l\u0131\u00e7 Med Medikal","og_image":[{"width":1000,"height":625,"url":"https:\/\/www.kilicmed.com\/wp-content\/uploads\/2021\/08\/pipella-1.jpg","type":"image\/jpeg"}],"twitter_card":"summary_large_image","twitter_misc":{"Est. reading time":"1 minute"},"schema":{"@context":"https:\/\/schema.org","@graph":[{"@type":"WebPage","@id":"https:\/\/www.kilicmed.com\/en\/urun\/endometrial-biyopsi-kanulu-pipella-2\/","url":"https:\/\/www.kilicmed.com\/en\/urun\/endometrial-biyopsi-kanulu-pipella-2\/","name":"Endometrial Biopsi Suction (Pipelle) - K\u0131l\u0131\u00e7 Med Medikal","isPartOf":{"@id":"https:\/\/www.kilicmed.com\/#website"},"primaryImageOfPage":{"@id":"https:\/\/www.kilicmed.com\/en\/urun\/endometrial-biyopsi-kanulu-pipella-2\/#primaryimage"},"image":{"@id":"https:\/\/www.kilicmed.com\/en\/urun\/endometrial-biyopsi-kanulu-pipella-2\/#primaryimage"},"thumbnailUrl":"https:\/\/www.kilicmed.com\/wp-content\/uploads\/2021\/08\/pipella-1.jpg","datePublished":"2021-08-27T07:22:09+00:00","breadcrumb":{"@id":"https:\/\/www.kilicmed.com\/en\/urun\/endometrial-biyopsi-kanulu-pipella-2\/#breadcrumb"},"inLanguage":"en-US","potentialAction":[{"@type":"ReadAction","target":["https:\/\/www.kilicmed.com\/en\/urun\/endometrial-biyopsi-kanulu-pipella-2\/"]}]},{"@type":"ImageObject","inLanguage":"en-US","@id":"https:\/\/www.kilicmed.com\/en\/urun\/endometrial-biyopsi-kanulu-pipella-2\/#primaryimage","url":"https:\/\/www.kilicmed.com\/wp-content\/uploads\/2021\/08\/pipella-1.jpg","contentUrl":"https:\/\/www.kilicmed.com\/wp-content\/uploads\/2021\/08\/pipella-1.jpg","width":1000,"height":625},{"@type":"BreadcrumbList","@id":"https:\/\/www.kilicmed.com\/en\/urun\/endometrial-biyopsi-kanulu-pipella-2\/#breadcrumb","itemListElement":[{"@type":"ListItem","position":1,"name":"Anasayfa","item":"https:\/\/www.kilicmed.com\/en\/"},{"@type":"ListItem","position":2,"name":"Shop","item":"https:\/\/www.kilicmed.com\/en\/shop\/"},{"@type":"ListItem","position":3,"name":"Endometrial Biopsi Suction (Pipelle)"}]},{"@type":"WebSite","@id":"https:\/\/www.kilicmed.com\/#website","url":"https:\/\/www.kilicmed.com\/","name":"K\u0131l\u0131\u00e7 Med Medikal","description":"K\u0131l\u0131\u00e7 Med Medikal","publisher":{"@id":"https:\/\/www.kilicmed.com\/#organization"},"potentialAction":[{"@type":"SearchAction","target":{"@type":"EntryPoint","urlTemplate":"https:\/\/www.kilicmed.com\/?s={search_term_string}"},"query-input":{"@type":"PropertyValueSpecification","valueRequired":true,"valueName":"search_term_string"}}],"inLanguage":"en-US"},{"@type":"Organization","@id":"https:\/\/www.kilicmed.com\/#organization","name":"K\u0131l\u0131\u00e7 Med Medikal","url":"https:\/\/www.kilicmed.com\/","logo":{"@type":"ImageObject","inLanguage":"en-US","@id":"https:\/\/www.kilicmed.com\/#\/schema\/logo\/image\/","url":"https:\/\/www.kilicmed.com\/wp-content\/uploads\/2021\/07\/cropped-kilic-med-logo-512-1.png","contentUrl":"https:\/\/www.kilicmed.com\/wp-content\/uploads\/2021\/07\/cropped-kilic-med-logo-512-1.png","width":512,"height":512,"caption":"K\u0131l\u0131\u00e7 Med Medikal"},"image":{"@id":"https:\/\/www.kilicmed.com\/#\/schema\/logo\/image\/"}}]}},"_links":{"self":[{"href":"https:\/\/www.kilicmed.com\/en\/wp-json\/wp\/v2\/product\/1038","targetHints":{"allow":["GET"]}}],"collection":[{"href":"https:\/\/www.kilicmed.com\/en\/wp-json\/wp\/v2\/product"}],"about":[{"href":"https:\/\/www.kilicmed.com\/en\/wp-json\/wp\/v2\/types\/product"}],"replies":[{"embeddable":true,"href":"https:\/\/www.kilicmed.com\/en\/wp-json\/wp\/v2\/comments?post=1038"}],"wp:featuredmedia":[{"embeddable":true,"href":"https:\/\/www.kilicmed.com\/en\/wp-json\/wp\/v2\/media\/1064"}],"wp:attachment":[{"href":"https:\/\/www.kilicmed.com\/en\/wp-json\/wp\/v2\/media?parent=1038"}],"wp:term":[{"taxonomy":"product_brand","embeddable":true,"href":"https:\/\/www.kilicmed.com\/en\/wp-json\/wp\/v2\/product_brand?post=1038"},{"taxonomy":"product_cat","embeddable":true,"href":"https:\/\/www.kilicmed.com\/en\/wp-json\/wp\/v2\/product_cat?post=1038"},{"taxonomy":"product_tag","embeddable":true,"href":"https:\/\/www.kilicmed.com\/en\/wp-json\/wp\/v2\/product_tag?post=1038"}],"curies":[{"name":"wp","href":"https:\/\/api.w.org\/{rel}","templated":true}]}}