{"id":1090,"date":"2024-05-11T15:22:02","date_gmt":"2024-05-11T15:22:02","guid":{"rendered":"https:\/\/www.kilicmed.com\/?post_type=product&#038;p=1090"},"modified":"2024-05-11T16:00:06","modified_gmt":"2024-05-11T16:00:06","slug":"pompa-sistemli-10-cm-kavisli-havali-yatak","status":"publish","type":"product","link":"https:\/\/www.kilicmed.com\/en\/urun\/pompa-sistemli-10-cm-kavisli-havali-yatak\/","title":{"rendered":"Pompa Sistemli 10 cm Kavisli Haval\u0131 Yatak"},"content":{"rendered":"<p><img loading=\"lazy\" decoding=\"async\" class=\"alignnone size-full wp-image-1097\" src=\"https:\/\/www.kilicmed.com\/wp-content\/uploads\/2024\/05\/tm400.png\" alt=\"\" width=\"1352\" height=\"376\" srcset=\"https:\/\/www.kilicmed.com\/wp-content\/uploads\/2024\/05\/tm400.png 1352w, https:\/\/www.kilicmed.com\/wp-content\/uploads\/2024\/05\/tm400-500x139.png 500w, https:\/\/www.kilicmed.com\/wp-content\/uploads\/2024\/05\/tm400-300x83.png 300w, https:\/\/www.kilicmed.com\/wp-content\/uploads\/2024\/05\/tm400-1024x285.png 1024w, https:\/\/www.kilicmed.com\/wp-content\/uploads\/2024\/05\/tm400-768x214.png 768w\" sizes=\"auto, (max-width: 1352px) 100vw, 1352px\" \/><\/p>\n<table>\n<tbody>\n<tr>\n<td width=\"260\"><strong>Pompa<\/strong><\/td>\n<td width=\"286\"><strong>Yatak<\/strong><\/td>\n<\/tr>\n<tr>\n<td width=\"260\"><strong>\u00dcr\u00fcn Kodu:<\/strong> HOY-1<\/td>\n<td width=\"286\"><strong>\u00dcr\u00fcn Kodu:<\/strong> HY-TM400<\/td>\n<\/tr>\n<tr>\n<td width=\"260\"><strong>G\u00fc\u00e7 Kayna\u011f\u0131:<\/strong> AC 220V\/50HZ;<\/td>\n<td width=\"286\"><strong>\u00d6l\u00e7\u00fcler:<\/strong> 200cm(U) x 90cm(G) x 10cm(Y)<\/td>\n<\/tr>\n<tr>\n<td width=\"260\"><strong>Hava \u00c7\u0131k\u0131\u015f\u0131:<\/strong> \u22655 liter\/min<\/td>\n<td width=\"286\"><strong>\u00dcst Zemin:<\/strong> D\u00fc\u011fmeli Naylon\/PU<\/td>\n<\/tr>\n<tr>\n<td width=\"260\"><strong>Bas\u0131n Aral\u0131\u011f\u0131:<\/strong> 40mmHg-110mmHg<\/td>\n<td width=\"286\"><strong>Hava Kanallar\u0131:<\/strong> Na\u00a0ylon PVC<\/td>\n<\/tr>\n<tr>\n<td width=\"260\"><strong>D\u00f6ng\u00fc Zaman\u0131:<\/strong> 12 dakika<\/td>\n<td width=\"286\"><strong>Kal\u0131nl\u0131k:<\/strong> 0,35 mm<\/td>\n<\/tr>\n<tr>\n<td width=\"260\">Ayar d\u00fc\u011fmesi\/Asma kancas\u0131<\/td>\n<td width=\"286\"><strong>A\u011f\u0131rl\u0131k kapasitesi:<\/strong> 140KG<\/td>\n<\/tr>\n<tr>\n<td width=\"260\"><strong>\u00d6l\u00e7\u00fcler:<\/strong> 23.5cm(U)x11.2cm(G)x10.8cm(Y)<\/td>\n<td width=\"286\">22 hava kanal\u0131<\/td>\n<\/tr>\n<tr>\n<td width=\"260\"><\/td>\n<td width=\"286\">U\u00e7 kanad\u0131 \/D\u00fc\u015f\u00fck hava kayb\u0131 iste\u011fe ba\u011fl\u0131<\/td>\n<\/tr>\n<tr>\n<td width=\"260\"><\/td>\n<td width=\"286\">Tamir tak\u0131m\u0131 ve ba\u011flant\u0131 t\u00fcp\u00fc \u015funlar\u0131 i\u00e7erir.<\/td>\n<\/tr>\n<\/tbody>\n<\/table>\n","protected":false},"excerpt":{"rendered":"<p>Pompa Yatak \u00dcr\u00fcn Kodu: HOY-1 \u00dcr\u00fcn Kodu: HY-TM400 G\u00fc\u00e7 Kayna\u011f\u0131: AC 220V\/50HZ; \u00d6l\u00e7\u00fcler: 200cm(U) x 90cm(G) x 10cm(Y) Hava \u00c7\u0131k\u0131\u015f\u0131: \u22655 liter\/min \u00dcst Zemin: D\u00fc\u011fmeli Naylon\/PU Bas\u0131n Aral\u0131\u011f\u0131: 40mmHg-110mmHg Hava Kanallar\u0131: Na\u00a0ylon PVC D\u00f6ng\u00fc Zaman\u0131: 12 dakika Kal\u0131nl\u0131k: 0,35 mm Ayar d\u00fc\u011fmesi\/Asma kancas\u0131 A\u011f\u0131rl\u0131k kapasitesi: 140KG \u00d6l\u00e7\u00fcler: 23.5cm(U)x11.2cm(G)x10.8cm(Y) 22 hava kanal\u0131 U\u00e7 kanad\u0131 \/D\u00fc\u015f\u00fck hava [&#8230;]\n","protected":false},"featured_media":1104,"comment_status":"open","ping_status":"closed","template":"","meta":[],"product_brand":[],"product_cat":[69],"product_tag":[],"class_list":{"0":"post-1090","1":"product","2":"type-product","3":"status-publish","4":"has-post-thumbnail","6":"product_cat-hava-yataklari","8":"first","9":"instock","10":"shipping-taxable","11":"product-type-simple"},"yoast_head":"<!-- This site is optimized with the Yoast SEO plugin v25.9 - https:\/\/yoast.com\/wordpress\/plugins\/seo\/ -->\n<title>Pompa Sistemli 10 cm Kavisli Haval\u0131 Yatak - K\u0131l\u0131\u00e7 Med Medikal<\/title>\n<meta name=\"robots\" content=\"index, follow, max-snippet:-1, max-image-preview:large, max-video-preview:-1\" \/>\n<link rel=\"canonical\" href=\"https:\/\/www.kilicmed.com\/urun\/pompa-sistemli-10-cm-kavisli-havali-yatak\/\" \/>\n<meta property=\"og:locale\" content=\"en_US\" \/>\n<meta property=\"og:type\" content=\"article\" \/>\n<meta property=\"og:title\" content=\"Pompa Sistemli 10 cm Kavisli Haval\u0131 Yatak - K\u0131l\u0131\u00e7 Med Medikal\" \/>\n<meta property=\"og:description\" content=\"Pompa Yatak \u00dcr\u00fcn Kodu: HOY-1 \u00dcr\u00fcn Kodu: HY-TM400 G\u00fc\u00e7 Kayna\u011f\u0131: AC 220V\/50HZ; \u00d6l\u00e7\u00fcler: 200cm(U) x 90cm(G) x 10cm(Y) Hava \u00c7\u0131k\u0131\u015f\u0131: \u22655 liter\/min \u00dcst Zemin: D\u00fc\u011fmeli Naylon\/PU Bas\u0131n Aral\u0131\u011f\u0131: 40mmHg-110mmHg Hava Kanallar\u0131: Na\u00a0ylon PVC D\u00f6ng\u00fc Zaman\u0131: 12 dakika Kal\u0131nl\u0131k: 0,35 mm Ayar d\u00fc\u011fmesi\/Asma kancas\u0131 A\u011f\u0131rl\u0131k kapasitesi: 140KG \u00d6l\u00e7\u00fcler: 23.5cm(U)x11.2cm(G)x10.8cm(Y) 22 hava kanal\u0131 U\u00e7 kanad\u0131 \/D\u00fc\u015f\u00fck hava [...]\" \/>\n<meta property=\"og:url\" content=\"https:\/\/www.kilicmed.com\/urun\/pompa-sistemli-10-cm-kavisli-havali-yatak\/\" \/>\n<meta property=\"og:site_name\" content=\"K\u0131l\u0131\u00e7 Med Medikal\" \/>\n<meta property=\"article:modified_time\" content=\"2024-05-11T16:00:06+00:00\" \/>\n<meta property=\"og:image\" content=\"https:\/\/www.kilicmed.com\/wp-content\/uploads\/2024\/05\/tm400.jpg\" \/>\n\t<meta property=\"og:image:width\" content=\"1000\" \/>\n\t<meta property=\"og:image:height\" content=\"625\" \/>\n\t<meta property=\"og:image:type\" content=\"image\/jpeg\" \/>\n<meta name=\"twitter:card\" content=\"summary_large_image\" \/>\n<meta name=\"twitter:label1\" content=\"Est. reading time\" \/>\n\t<meta name=\"twitter:data1\" content=\"1 minute\" \/>\n<script type=\"application\/ld+json\" class=\"yoast-schema-graph\">{\"@context\":\"https:\/\/schema.org\",\"@graph\":[{\"@type\":\"WebPage\",\"@id\":\"https:\/\/www.kilicmed.com\/urun\/pompa-sistemli-10-cm-kavisli-havali-yatak\/\",\"url\":\"https:\/\/www.kilicmed.com\/urun\/pompa-sistemli-10-cm-kavisli-havali-yatak\/\",\"name\":\"Pompa Sistemli 10 cm Kavisli Haval\u0131 Yatak - K\u0131l\u0131\u00e7 Med Medikal\",\"isPartOf\":{\"@id\":\"https:\/\/www.kilicmed.com\/#website\"},\"primaryImageOfPage\":{\"@id\":\"https:\/\/www.kilicmed.com\/urun\/pompa-sistemli-10-cm-kavisli-havali-yatak\/#primaryimage\"},\"image\":{\"@id\":\"https:\/\/www.kilicmed.com\/urun\/pompa-sistemli-10-cm-kavisli-havali-yatak\/#primaryimage\"},\"thumbnailUrl\":\"https:\/\/www.kilicmed.com\/wp-content\/uploads\/2024\/05\/tm400.jpg\",\"datePublished\":\"2024-05-11T15:22:02+00:00\",\"dateModified\":\"2024-05-11T16:00:06+00:00\",\"breadcrumb\":{\"@id\":\"https:\/\/www.kilicmed.com\/urun\/pompa-sistemli-10-cm-kavisli-havali-yatak\/#breadcrumb\"},\"inLanguage\":\"en-US\",\"potentialAction\":[{\"@type\":\"ReadAction\",\"target\":[\"https:\/\/www.kilicmed.com\/urun\/pompa-sistemli-10-cm-kavisli-havali-yatak\/\"]}]},{\"@type\":\"ImageObject\",\"inLanguage\":\"en-US\",\"@id\":\"https:\/\/www.kilicmed.com\/urun\/pompa-sistemli-10-cm-kavisli-havali-yatak\/#primaryimage\",\"url\":\"https:\/\/www.kilicmed.com\/wp-content\/uploads\/2024\/05\/tm400.jpg\",\"contentUrl\":\"https:\/\/www.kilicmed.com\/wp-content\/uploads\/2024\/05\/tm400.jpg\",\"width\":1000,\"height\":625},{\"@type\":\"BreadcrumbList\",\"@id\":\"https:\/\/www.kilicmed.com\/urun\/pompa-sistemli-10-cm-kavisli-havali-yatak\/#breadcrumb\",\"itemListElement\":[{\"@type\":\"ListItem\",\"position\":1,\"name\":\"Anasayfa\",\"item\":\"https:\/\/www.kilicmed.com\/en\/\"},{\"@type\":\"ListItem\",\"position\":2,\"name\":\"Shop\",\"item\":\"https:\/\/www.kilicmed.com\/en\/shop\/\"},{\"@type\":\"ListItem\",\"position\":3,\"name\":\"Pompa Sistemli 10 cm Kavisli Haval\u0131 Yatak\"}]},{\"@type\":\"WebSite\",\"@id\":\"https:\/\/www.kilicmed.com\/#website\",\"url\":\"https:\/\/www.kilicmed.com\/\",\"name\":\"K\u0131l\u0131\u00e7 Med Medikal\",\"description\":\"K\u0131l\u0131\u00e7 Med Medikal\",\"publisher\":{\"@id\":\"https:\/\/www.kilicmed.com\/#organization\"},\"potentialAction\":[{\"@type\":\"SearchAction\",\"target\":{\"@type\":\"EntryPoint\",\"urlTemplate\":\"https:\/\/www.kilicmed.com\/?s={search_term_string}\"},\"query-input\":{\"@type\":\"PropertyValueSpecification\",\"valueRequired\":true,\"valueName\":\"search_term_string\"}}],\"inLanguage\":\"en-US\"},{\"@type\":\"Organization\",\"@id\":\"https:\/\/www.kilicmed.com\/#organization\",\"name\":\"K\u0131l\u0131\u00e7 Med Medikal\",\"url\":\"https:\/\/www.kilicmed.com\/\",\"logo\":{\"@type\":\"ImageObject\",\"inLanguage\":\"en-US\",\"@id\":\"https:\/\/www.kilicmed.com\/#\/schema\/logo\/image\/\",\"url\":\"https:\/\/www.kilicmed.com\/wp-content\/uploads\/2021\/07\/cropped-kilic-med-logo-512-1.png\",\"contentUrl\":\"https:\/\/www.kilicmed.com\/wp-content\/uploads\/2021\/07\/cropped-kilic-med-logo-512-1.png\",\"width\":512,\"height\":512,\"caption\":\"K\u0131l\u0131\u00e7 Med Medikal\"},\"image\":{\"@id\":\"https:\/\/www.kilicmed.com\/#\/schema\/logo\/image\/\"}}]}<\/script>\n<!-- \/ Yoast SEO plugin. -->","yoast_head_json":{"title":"Pompa Sistemli 10 cm Kavisli Haval\u0131 Yatak - K\u0131l\u0131\u00e7 Med Medikal","robots":{"index":"index","follow":"follow","max-snippet":"max-snippet:-1","max-image-preview":"max-image-preview:large","max-video-preview":"max-video-preview:-1"},"canonical":"https:\/\/www.kilicmed.com\/urun\/pompa-sistemli-10-cm-kavisli-havali-yatak\/","og_locale":"en_US","og_type":"article","og_title":"Pompa Sistemli 10 cm Kavisli Haval\u0131 Yatak - K\u0131l\u0131\u00e7 Med Medikal","og_description":"Pompa Yatak \u00dcr\u00fcn Kodu: HOY-1 \u00dcr\u00fcn Kodu: HY-TM400 G\u00fc\u00e7 Kayna\u011f\u0131: AC 220V\/50HZ; \u00d6l\u00e7\u00fcler: 200cm(U) x 90cm(G) x 10cm(Y) Hava \u00c7\u0131k\u0131\u015f\u0131: \u22655 liter\/min \u00dcst Zemin: D\u00fc\u011fmeli Naylon\/PU Bas\u0131n Aral\u0131\u011f\u0131: 40mmHg-110mmHg Hava Kanallar\u0131: Na\u00a0ylon PVC D\u00f6ng\u00fc Zaman\u0131: 12 dakika Kal\u0131nl\u0131k: 0,35 mm Ayar d\u00fc\u011fmesi\/Asma kancas\u0131 A\u011f\u0131rl\u0131k kapasitesi: 140KG \u00d6l\u00e7\u00fcler: 23.5cm(U)x11.2cm(G)x10.8cm(Y) 22 hava kanal\u0131 U\u00e7 kanad\u0131 \/D\u00fc\u015f\u00fck hava [...]","og_url":"https:\/\/www.kilicmed.com\/urun\/pompa-sistemli-10-cm-kavisli-havali-yatak\/","og_site_name":"K\u0131l\u0131\u00e7 Med Medikal","article_modified_time":"2024-05-11T16:00:06+00:00","og_image":[{"width":1000,"height":625,"url":"https:\/\/www.kilicmed.com\/wp-content\/uploads\/2024\/05\/tm400.jpg","type":"image\/jpeg"}],"twitter_card":"summary_large_image","twitter_misc":{"Est. reading time":"1 minute"},"schema":{"@context":"https:\/\/schema.org","@graph":[{"@type":"WebPage","@id":"https:\/\/www.kilicmed.com\/urun\/pompa-sistemli-10-cm-kavisli-havali-yatak\/","url":"https:\/\/www.kilicmed.com\/urun\/pompa-sistemli-10-cm-kavisli-havali-yatak\/","name":"Pompa Sistemli 10 cm Kavisli Haval\u0131 Yatak - K\u0131l\u0131\u00e7 Med Medikal","isPartOf":{"@id":"https:\/\/www.kilicmed.com\/#website"},"primaryImageOfPage":{"@id":"https:\/\/www.kilicmed.com\/urun\/pompa-sistemli-10-cm-kavisli-havali-yatak\/#primaryimage"},"image":{"@id":"https:\/\/www.kilicmed.com\/urun\/pompa-sistemli-10-cm-kavisli-havali-yatak\/#primaryimage"},"thumbnailUrl":"https:\/\/www.kilicmed.com\/wp-content\/uploads\/2024\/05\/tm400.jpg","datePublished":"2024-05-11T15:22:02+00:00","dateModified":"2024-05-11T16:00:06+00:00","breadcrumb":{"@id":"https:\/\/www.kilicmed.com\/urun\/pompa-sistemli-10-cm-kavisli-havali-yatak\/#breadcrumb"},"inLanguage":"en-US","potentialAction":[{"@type":"ReadAction","target":["https:\/\/www.kilicmed.com\/urun\/pompa-sistemli-10-cm-kavisli-havali-yatak\/"]}]},{"@type":"ImageObject","inLanguage":"en-US","@id":"https:\/\/www.kilicmed.com\/urun\/pompa-sistemli-10-cm-kavisli-havali-yatak\/#primaryimage","url":"https:\/\/www.kilicmed.com\/wp-content\/uploads\/2024\/05\/tm400.jpg","contentUrl":"https:\/\/www.kilicmed.com\/wp-content\/uploads\/2024\/05\/tm400.jpg","width":1000,"height":625},{"@type":"BreadcrumbList","@id":"https:\/\/www.kilicmed.com\/urun\/pompa-sistemli-10-cm-kavisli-havali-yatak\/#breadcrumb","itemListElement":[{"@type":"ListItem","position":1,"name":"Anasayfa","item":"https:\/\/www.kilicmed.com\/en\/"},{"@type":"ListItem","position":2,"name":"Shop","item":"https:\/\/www.kilicmed.com\/en\/shop\/"},{"@type":"ListItem","position":3,"name":"Pompa Sistemli 10 cm Kavisli Haval\u0131 Yatak"}]},{"@type":"WebSite","@id":"https:\/\/www.kilicmed.com\/#website","url":"https:\/\/www.kilicmed.com\/","name":"K\u0131l\u0131\u00e7 Med Medikal","description":"K\u0131l\u0131\u00e7 Med Medikal","publisher":{"@id":"https:\/\/www.kilicmed.com\/#organization"},"potentialAction":[{"@type":"SearchAction","target":{"@type":"EntryPoint","urlTemplate":"https:\/\/www.kilicmed.com\/?s={search_term_string}"},"query-input":{"@type":"PropertyValueSpecification","valueRequired":true,"valueName":"search_term_string"}}],"inLanguage":"en-US"},{"@type":"Organization","@id":"https:\/\/www.kilicmed.com\/#organization","name":"K\u0131l\u0131\u00e7 Med Medikal","url":"https:\/\/www.kilicmed.com\/","logo":{"@type":"ImageObject","inLanguage":"en-US","@id":"https:\/\/www.kilicmed.com\/#\/schema\/logo\/image\/","url":"https:\/\/www.kilicmed.com\/wp-content\/uploads\/2021\/07\/cropped-kilic-med-logo-512-1.png","contentUrl":"https:\/\/www.kilicmed.com\/wp-content\/uploads\/2021\/07\/cropped-kilic-med-logo-512-1.png","width":512,"height":512,"caption":"K\u0131l\u0131\u00e7 Med Medikal"},"image":{"@id":"https:\/\/www.kilicmed.com\/#\/schema\/logo\/image\/"}}]}},"_links":{"self":[{"href":"https:\/\/www.kilicmed.com\/en\/wp-json\/wp\/v2\/product\/1090","targetHints":{"allow":["GET"]}}],"collection":[{"href":"https:\/\/www.kilicmed.com\/en\/wp-json\/wp\/v2\/product"}],"about":[{"href":"https:\/\/www.kilicmed.com\/en\/wp-json\/wp\/v2\/types\/product"}],"replies":[{"embeddable":true,"href":"https:\/\/www.kilicmed.com\/en\/wp-json\/wp\/v2\/comments?post=1090"}],"wp:featuredmedia":[{"embeddable":true,"href":"https:\/\/www.kilicmed.com\/en\/wp-json\/wp\/v2\/media\/1104"}],"wp:attachment":[{"href":"https:\/\/www.kilicmed.com\/en\/wp-json\/wp\/v2\/media?parent=1090"}],"wp:term":[{"taxonomy":"product_brand","embeddable":true,"href":"https:\/\/www.kilicmed.com\/en\/wp-json\/wp\/v2\/product_brand?post=1090"},{"taxonomy":"product_cat","embeddable":true,"href":"https:\/\/www.kilicmed.com\/en\/wp-json\/wp\/v2\/product_cat?post=1090"},{"taxonomy":"product_tag","embeddable":true,"href":"https:\/\/www.kilicmed.com\/en\/wp-json\/wp\/v2\/product_tag?post=1090"}],"curies":[{"name":"wp","href":"https:\/\/api.w.org\/{rel}","templated":true}]}}