{"id":408,"date":"2021-04-25T12:13:34","date_gmt":"2021-04-25T12:13:34","guid":{"rendered":"https:\/\/kilic.kavimdigital.com\/?post_type=product&#038;p=408"},"modified":"2022-03-12T13:53:50","modified_gmt":"2022-03-12T13:53:50","slug":"pediatrik-tek-kullanimlik-manuel-suni-solunum-cihazi","status":"publish","type":"product","link":"https:\/\/www.kilicmed.com\/en\/urun\/pediatrik-tek-kullanimlik-manuel-suni-solunum-cihazi\/","title":{"rendered":"Pediatrik Tek Kullan\u0131ml\u0131k Manuel Suni Solunum Cihaz\u0131"},"content":{"rendered":"<p><strong>Genel \u00d6zellikler<\/strong><\/p>\n<ul>\n<li>Tek kullan\u0131ml\u0131kt\u0131r.<\/li>\n<li>Medikal PVC ham maddeden \u00fcretilmi\u015ftir.<\/li>\n<li>Set olarak sat\u0131lmaktad\u0131r.\u00a0<span class=\"Apple-converted-space\">\u00a0<\/span><\/li>\n<li>Latex i\u00e7ermez.<span class=\"Apple-converted-space\">\u00a0<\/span><\/li>\n<li>Non sterildir.<\/li>\n<\/ul>\n<p>&nbsp;<\/p>\n<p><strong>Set \u0130\u00e7eri\u011fi<\/strong><\/p>\n<ul>\n<li>Medikal PVC Balon Haznesi<\/li>\n<li>1 Adet Oksijen Maskesi (No:2 veya No:3)<\/li>\n<li>40 cm\u00a0H<sub>2<\/sub>O PEEP Valfi<\/li>\n<li>Oksijen Hortumu<span class=\"Apple-converted-space\">\u00a0<\/span><\/li>\n<li>1600 ml Rezervuar Torbas\u0131<span class=\"Apple-converted-space\">\u00a0<\/span><\/li>\n<\/ul>\n<p>&nbsp;<\/p>\n<p><strong>Teknik \u00d6zellikler<\/strong><\/p>\n<table width=\"708\">\n<tbody>\n<tr>\n<td width=\"177\"><\/td>\n<td width=\"177\"><strong>BEBEK (INFANT)<\/strong><\/td>\n<td width=\"177\"><strong>\u00c7OCUK (PEDIATRIC)<\/strong><\/td>\n<td width=\"177\"><strong>YET\u0130\u015eK\u0130N (ADULT)<\/strong><\/td>\n<\/tr>\n<tr>\n<td width=\"177\"><strong>V\u00fccut A\u011f\u0131rl\u0131\u011f\u0131 (Body weight)<\/strong><\/td>\n<td width=\"177\">&nbsp;<\/p>\n<p>\u226410 kg<\/td>\n<td width=\"177\">&nbsp;<\/p>\n<p>10 kg \u2013 40 kg<\/td>\n<td width=\"177\">&nbsp;<\/p>\n<p>&gt;40 kg<\/td>\n<\/tr>\n<tr>\n<td width=\"177\"><strong>S\u0131kma Hacmi (Stroke Volume)<\/strong><\/td>\n<td width=\"177\">150 ml \u2013 225 ml<\/td>\n<td width=\"177\">450 ml &#8211; 635 ml<\/td>\n<td width=\"177\">600 ml \u2013 1250 ml<\/td>\n<\/tr>\n<tr>\n<td width=\"177\"><strong>Ambu Hacmi (Resuscitator Volume)<\/strong><\/td>\n<td width=\"177\">280 ml<\/td>\n<td width=\"177\">300 ml &#8211; 600 ml<\/td>\n<td width=\"177\">1650 ml<\/td>\n<\/tr>\n<tr>\n<td width=\"177\"><strong>Ebatlar (Uzunluk ve \u00c7ap)\u00a0 (Dimensions (Length x Diameter))<\/strong><\/td>\n<td width=\"177\">&nbsp;<\/p>\n<p>135&#215;75 mm<\/td>\n<td width=\"177\">&nbsp;<\/p>\n<p>146&#215;100 mm<\/td>\n<td width=\"177\">&nbsp;<\/p>\n<p>212&#215;131 mm<\/td>\n<\/tr>\n<tr>\n<td width=\"177\"><strong>Ambu A\u011f\u0131rl\u0131\u011f\u0131 (Resuscitator Weight)<\/strong><\/td>\n<td width=\"177\">&nbsp;<\/p>\n<p>350 g<\/td>\n<td width=\"177\">&nbsp;<\/p>\n<p>410 g<\/td>\n<td width=\"177\">&nbsp;<\/p>\n<p>600 g<\/td>\n<\/tr>\n<tr>\n<td width=\"177\"><strong>Bas\u0131n\u00e7 Limitleme Valfi (Pressure Limiting Valve)<\/strong><\/td>\n<td width=\"177\">&nbsp;<\/p>\n<p>40 cmH2O<\/td>\n<td width=\"177\">&nbsp;<\/p>\n<p>40 cmH2O<\/td>\n<td width=\"177\">&nbsp;<\/p>\n<p>60 cmH2O<\/td>\n<\/tr>\n<tr>\n<td width=\"177\"><strong>\u00d6l\u00fc Alan (Dead Space)<\/strong><\/td>\n<td width=\"177\">7 mL<\/td>\n<td width=\"177\">7 mL<\/td>\n<td width=\"177\">7 mL<\/td>\n<\/tr>\n<tr>\n<td width=\"177\"><strong>\u0130nspirasyon Direnci (Inspiration Resistance)<\/strong><\/td>\n<td colspan=\"3\" width=\"531\">\n<p style=\"text-align: center;\">&lt;5 cmH2O\u00a0 (50 L\/dakika)<\/p>\n<p>&nbsp;<\/p>\n<p>&nbsp;<\/td>\n<\/tr>\n<tr>\n<td width=\"177\"><strong>Ekspirasyon Direnci (Expiration Resistance)<\/strong><\/td>\n<td colspan=\"3\" width=\"531\">\n<p style=\"text-align: center;\">&lt;5 cm H2O\u00a0 (50 L\/dakika)<\/p>\n<\/td>\n<\/tr>\n<tr>\n<td width=\"177\"><strong>Torba Rezervuar Hacmi (Bag Reservoir Volume)<\/strong><\/td>\n<td width=\"177\">&nbsp;<\/p>\n<p style=\"text-align: left;\">600 mL<\/p>\n<\/td>\n<td width=\"177\">&nbsp;<\/p>\n<p>1600 mL<\/td>\n<td width=\"177\">&nbsp;<\/p>\n<p>2000 mL<\/td>\n<\/tr>\n<tr>\n<td width=\"177\"><strong>Hasta Konnekt\u00f6r\u00fc (Patient Connector)<\/strong><\/td>\n<td width=\"177\">&nbsp;<\/p>\n<p>ISO5356-1:22\/15 mm<\/td>\n<td width=\"177\">&nbsp;<\/p>\n<p>&nbsp;<\/td>\n<td width=\"177\"><\/td>\n<\/tr>\n<tr>\n<td width=\"177\"><strong>Tavsiye Edilen Opeasyon Is\u0131s\u0131 (Recommended Operating Temperature)<\/strong><\/td>\n<td colspan=\"3\" width=\"531\">&nbsp;<\/p>\n<p style=\"text-align: center;\">-18 \u00b0C \u00a0&#8211; \u00a0+50 \u00b0C \u00a0 (-0.4\u00b0F\u00a0\u00a0\u00a0\u00a0 &#8211;\u00a0 122\u00b0F)<\/p>\n<\/td>\n<\/tr>\n<tr>\n<td width=\"177\"><strong>Muhafaza (Storage)<\/strong><\/td>\n<td colspan=\"3\" width=\"531\">\n<p style=\"text-align: center;\">-40 \u00b0C \u00a0&#8211; \u00a0+60 \u00b0C \u00a0(-40\u00b0F\u00a0\u00a0 &#8211;\u00a0 140\u00b0F)<\/p>\n<\/td>\n<\/tr>\n<tr>\n<td width=\"177\"><strong>Oksijen Toplanmas\u0131 (Oxygen Percent)<\/strong><\/td>\n<td width=\"177\">Rezervuar ile %90*<\/p>\n<p>(with Reservoir 90%)<\/td>\n<td width=\"177\">Rezervuar ile %99*<\/p>\n<p>(with Reservoir 90%)<\/td>\n<td width=\"177\">Rezervuar ile %99*<\/p>\n<p>(with Reservoir 90%)<\/td>\n<\/tr>\n<tr>\n<td colspan=\"4\" width=\"708\"><strong>*<\/strong>Suni solunum cihaz\u0131n\u0131n verimi kullan\u0131c\u0131dan kullan\u0131c\u0131ya g\u00f6re de\u011fi\u015fmektedir. Bununla beraber ortam s\u0131cakl\u0131\u011f\u0131, akci\u011ferin solunuma cevap vermesi, nefes s\u0131kl\u0131\u011f\u0131 ve uygulay\u0131c\u0131n\u0131n el b\u00fcy\u00fckl\u00fc\u011f\u00fc performans \u00fczerinde etkinlik g\u00f6stermektedir.<\/td>\n<\/tr>\n<\/tbody>\n<\/table>\n","protected":false},"excerpt":{"rendered":"<p><span lang=\"TR\">K\u0131l\u0131\u00e7lar<\/span><span lang=\"TR\">\u00ae\u00a0<\/span>ambu seti pulmoner resusitasyon i\u00e7in tasarlanm\u0131\u015f, s\u00fcrekli oksijen kayna\u011f\u0131 ve ventilasyon deste\u011fi sa\u011flayan suni tenef\u00fcs cihaz\u0131d\u0131r. Yapay solunum yapt\u0131r\u0131lmak istenen, zor solunum yapan veya solunumu durmu\u015f hastalara manuel olarak kullan\u0131l\u0131r.\u00a0<span lang=\"TR\">Set i\u00e7eri\u011fi oksijen maskesi, oksijen hortumu ve rezervuar torbas\u0131ndan olu\u015fmaktad\u0131r.<\/span><\/p>\n","protected":false},"featured_media":1017,"comment_status":"open","ping_status":"closed","template":"","meta":[],"product_brand":[],"product_cat":[21],"product_tag":[],"class_list":{"0":"post-408","1":"product","2":"type-product","3":"status-publish","4":"has-post-thumbnail","6":"product_cat-manuel-suni-solunum-urunleri","8":"first","9":"instock","10":"shipping-taxable","11":"product-type-simple"},"yoast_head":"<!-- This site is optimized with the Yoast SEO plugin v25.9 - https:\/\/yoast.com\/wordpress\/plugins\/seo\/ -->\n<title>Pediatrik Tek Kullan\u0131ml\u0131k Manuel Suni Solunum Cihaz\u0131 - K\u0131l\u0131\u00e7 Med Medikal<\/title>\n<meta name=\"robots\" content=\"index, follow, max-snippet:-1, max-image-preview:large, max-video-preview:-1\" \/>\n<link rel=\"canonical\" href=\"https:\/\/www.kilicmed.com\/urun\/pediatrik-tek-kullanimlik-manuel-suni-solunum-cihazi\/\" \/>\n<meta property=\"og:locale\" content=\"en_US\" \/>\n<meta property=\"og:type\" content=\"article\" \/>\n<meta property=\"og:title\" content=\"Pediatrik Tek Kullan\u0131ml\u0131k Manuel Suni Solunum Cihaz\u0131 - K\u0131l\u0131\u00e7 Med Medikal\" \/>\n<meta property=\"og:description\" content=\"K\u0131l\u0131\u00e7lar\u00ae\u00a0ambu seti pulmoner resusitasyon i\u00e7in tasarlanm\u0131\u015f, s\u00fcrekli oksijen kayna\u011f\u0131 ve ventilasyon deste\u011fi sa\u011flayan suni tenef\u00fcs cihaz\u0131d\u0131r. Yapay solunum yapt\u0131r\u0131lmak istenen, zor solunum yapan veya solunumu durmu\u015f hastalara manuel olarak kullan\u0131l\u0131r.\u00a0Set i\u00e7eri\u011fi oksijen maskesi, oksijen hortumu ve rezervuar torbas\u0131ndan olu\u015fmaktad\u0131r.\" \/>\n<meta property=\"og:url\" content=\"https:\/\/www.kilicmed.com\/urun\/pediatrik-tek-kullanimlik-manuel-suni-solunum-cihazi\/\" \/>\n<meta property=\"og:site_name\" content=\"K\u0131l\u0131\u00e7 Med Medikal\" \/>\n<meta property=\"article:modified_time\" content=\"2022-03-12T13:53:50+00:00\" \/>\n<meta property=\"og:image\" content=\"https:\/\/www.kilicmed.com\/wp-content\/uploads\/2021\/04\/pvc-pediatrik-ambu-seti.jpg\" \/>\n\t<meta property=\"og:image:width\" content=\"1000\" \/>\n\t<meta property=\"og:image:height\" content=\"601\" \/>\n\t<meta property=\"og:image:type\" content=\"image\/jpeg\" \/>\n<meta name=\"twitter:card\" content=\"summary_large_image\" \/>\n<meta name=\"twitter:label1\" content=\"Est. reading time\" \/>\n\t<meta name=\"twitter:data1\" content=\"1 minute\" \/>\n<script type=\"application\/ld+json\" class=\"yoast-schema-graph\">{\"@context\":\"https:\/\/schema.org\",\"@graph\":[{\"@type\":\"WebPage\",\"@id\":\"https:\/\/www.kilicmed.com\/urun\/pediatrik-tek-kullanimlik-manuel-suni-solunum-cihazi\/\",\"url\":\"https:\/\/www.kilicmed.com\/urun\/pediatrik-tek-kullanimlik-manuel-suni-solunum-cihazi\/\",\"name\":\"Pediatrik Tek Kullan\u0131ml\u0131k Manuel Suni Solunum Cihaz\u0131 - K\u0131l\u0131\u00e7 Med Medikal\",\"isPartOf\":{\"@id\":\"https:\/\/www.kilicmed.com\/#website\"},\"primaryImageOfPage\":{\"@id\":\"https:\/\/www.kilicmed.com\/urun\/pediatrik-tek-kullanimlik-manuel-suni-solunum-cihazi\/#primaryimage\"},\"image\":{\"@id\":\"https:\/\/www.kilicmed.com\/urun\/pediatrik-tek-kullanimlik-manuel-suni-solunum-cihazi\/#primaryimage\"},\"thumbnailUrl\":\"https:\/\/www.kilicmed.com\/wp-content\/uploads\/2021\/04\/pvc-pediatrik-ambu-seti.jpg\",\"datePublished\":\"2021-04-25T12:13:34+00:00\",\"dateModified\":\"2022-03-12T13:53:50+00:00\",\"breadcrumb\":{\"@id\":\"https:\/\/www.kilicmed.com\/urun\/pediatrik-tek-kullanimlik-manuel-suni-solunum-cihazi\/#breadcrumb\"},\"inLanguage\":\"en-US\",\"potentialAction\":[{\"@type\":\"ReadAction\",\"target\":[\"https:\/\/www.kilicmed.com\/urun\/pediatrik-tek-kullanimlik-manuel-suni-solunum-cihazi\/\"]}]},{\"@type\":\"ImageObject\",\"inLanguage\":\"en-US\",\"@id\":\"https:\/\/www.kilicmed.com\/urun\/pediatrik-tek-kullanimlik-manuel-suni-solunum-cihazi\/#primaryimage\",\"url\":\"https:\/\/www.kilicmed.com\/wp-content\/uploads\/2021\/04\/pvc-pediatrik-ambu-seti.jpg\",\"contentUrl\":\"https:\/\/www.kilicmed.com\/wp-content\/uploads\/2021\/04\/pvc-pediatrik-ambu-seti.jpg\",\"width\":1000,\"height\":601},{\"@type\":\"BreadcrumbList\",\"@id\":\"https:\/\/www.kilicmed.com\/urun\/pediatrik-tek-kullanimlik-manuel-suni-solunum-cihazi\/#breadcrumb\",\"itemListElement\":[{\"@type\":\"ListItem\",\"position\":1,\"name\":\"Anasayfa\",\"item\":\"https:\/\/www.kilicmed.com\/en\/\"},{\"@type\":\"ListItem\",\"position\":2,\"name\":\"Shop\",\"item\":\"https:\/\/www.kilicmed.com\/en\/shop\/\"},{\"@type\":\"ListItem\",\"position\":3,\"name\":\"Pediatrik Tek Kullan\u0131ml\u0131k Manuel Suni Solunum Cihaz\u0131\"}]},{\"@type\":\"WebSite\",\"@id\":\"https:\/\/www.kilicmed.com\/#website\",\"url\":\"https:\/\/www.kilicmed.com\/\",\"name\":\"K\u0131l\u0131\u00e7 Med Medikal\",\"description\":\"K\u0131l\u0131\u00e7 Med Medikal\",\"publisher\":{\"@id\":\"https:\/\/www.kilicmed.com\/#organization\"},\"potentialAction\":[{\"@type\":\"SearchAction\",\"target\":{\"@type\":\"EntryPoint\",\"urlTemplate\":\"https:\/\/www.kilicmed.com\/?s={search_term_string}\"},\"query-input\":{\"@type\":\"PropertyValueSpecification\",\"valueRequired\":true,\"valueName\":\"search_term_string\"}}],\"inLanguage\":\"en-US\"},{\"@type\":\"Organization\",\"@id\":\"https:\/\/www.kilicmed.com\/#organization\",\"name\":\"K\u0131l\u0131\u00e7 Med Medikal\",\"url\":\"https:\/\/www.kilicmed.com\/\",\"logo\":{\"@type\":\"ImageObject\",\"inLanguage\":\"en-US\",\"@id\":\"https:\/\/www.kilicmed.com\/#\/schema\/logo\/image\/\",\"url\":\"https:\/\/www.kilicmed.com\/wp-content\/uploads\/2021\/07\/cropped-kilic-med-logo-512-1.png\",\"contentUrl\":\"https:\/\/www.kilicmed.com\/wp-content\/uploads\/2021\/07\/cropped-kilic-med-logo-512-1.png\",\"width\":512,\"height\":512,\"caption\":\"K\u0131l\u0131\u00e7 Med Medikal\"},\"image\":{\"@id\":\"https:\/\/www.kilicmed.com\/#\/schema\/logo\/image\/\"}}]}<\/script>\n<!-- \/ Yoast SEO plugin. -->","yoast_head_json":{"title":"Pediatrik Tek Kullan\u0131ml\u0131k Manuel Suni Solunum Cihaz\u0131 - K\u0131l\u0131\u00e7 Med Medikal","robots":{"index":"index","follow":"follow","max-snippet":"max-snippet:-1","max-image-preview":"max-image-preview:large","max-video-preview":"max-video-preview:-1"},"canonical":"https:\/\/www.kilicmed.com\/urun\/pediatrik-tek-kullanimlik-manuel-suni-solunum-cihazi\/","og_locale":"en_US","og_type":"article","og_title":"Pediatrik Tek Kullan\u0131ml\u0131k Manuel Suni Solunum Cihaz\u0131 - K\u0131l\u0131\u00e7 Med Medikal","og_description":"K\u0131l\u0131\u00e7lar\u00ae\u00a0ambu seti pulmoner resusitasyon i\u00e7in tasarlanm\u0131\u015f, s\u00fcrekli oksijen kayna\u011f\u0131 ve ventilasyon deste\u011fi sa\u011flayan suni tenef\u00fcs cihaz\u0131d\u0131r. Yapay solunum yapt\u0131r\u0131lmak istenen, zor solunum yapan veya solunumu durmu\u015f hastalara manuel olarak kullan\u0131l\u0131r.\u00a0Set i\u00e7eri\u011fi oksijen maskesi, oksijen hortumu ve rezervuar torbas\u0131ndan olu\u015fmaktad\u0131r.","og_url":"https:\/\/www.kilicmed.com\/urun\/pediatrik-tek-kullanimlik-manuel-suni-solunum-cihazi\/","og_site_name":"K\u0131l\u0131\u00e7 Med Medikal","article_modified_time":"2022-03-12T13:53:50+00:00","og_image":[{"width":1000,"height":601,"url":"https:\/\/www.kilicmed.com\/wp-content\/uploads\/2021\/04\/pvc-pediatrik-ambu-seti.jpg","type":"image\/jpeg"}],"twitter_card":"summary_large_image","twitter_misc":{"Est. reading time":"1 minute"},"schema":{"@context":"https:\/\/schema.org","@graph":[{"@type":"WebPage","@id":"https:\/\/www.kilicmed.com\/urun\/pediatrik-tek-kullanimlik-manuel-suni-solunum-cihazi\/","url":"https:\/\/www.kilicmed.com\/urun\/pediatrik-tek-kullanimlik-manuel-suni-solunum-cihazi\/","name":"Pediatrik Tek Kullan\u0131ml\u0131k Manuel Suni Solunum Cihaz\u0131 - K\u0131l\u0131\u00e7 Med Medikal","isPartOf":{"@id":"https:\/\/www.kilicmed.com\/#website"},"primaryImageOfPage":{"@id":"https:\/\/www.kilicmed.com\/urun\/pediatrik-tek-kullanimlik-manuel-suni-solunum-cihazi\/#primaryimage"},"image":{"@id":"https:\/\/www.kilicmed.com\/urun\/pediatrik-tek-kullanimlik-manuel-suni-solunum-cihazi\/#primaryimage"},"thumbnailUrl":"https:\/\/www.kilicmed.com\/wp-content\/uploads\/2021\/04\/pvc-pediatrik-ambu-seti.jpg","datePublished":"2021-04-25T12:13:34+00:00","dateModified":"2022-03-12T13:53:50+00:00","breadcrumb":{"@id":"https:\/\/www.kilicmed.com\/urun\/pediatrik-tek-kullanimlik-manuel-suni-solunum-cihazi\/#breadcrumb"},"inLanguage":"en-US","potentialAction":[{"@type":"ReadAction","target":["https:\/\/www.kilicmed.com\/urun\/pediatrik-tek-kullanimlik-manuel-suni-solunum-cihazi\/"]}]},{"@type":"ImageObject","inLanguage":"en-US","@id":"https:\/\/www.kilicmed.com\/urun\/pediatrik-tek-kullanimlik-manuel-suni-solunum-cihazi\/#primaryimage","url":"https:\/\/www.kilicmed.com\/wp-content\/uploads\/2021\/04\/pvc-pediatrik-ambu-seti.jpg","contentUrl":"https:\/\/www.kilicmed.com\/wp-content\/uploads\/2021\/04\/pvc-pediatrik-ambu-seti.jpg","width":1000,"height":601},{"@type":"BreadcrumbList","@id":"https:\/\/www.kilicmed.com\/urun\/pediatrik-tek-kullanimlik-manuel-suni-solunum-cihazi\/#breadcrumb","itemListElement":[{"@type":"ListItem","position":1,"name":"Anasayfa","item":"https:\/\/www.kilicmed.com\/en\/"},{"@type":"ListItem","position":2,"name":"Shop","item":"https:\/\/www.kilicmed.com\/en\/shop\/"},{"@type":"ListItem","position":3,"name":"Pediatrik Tek Kullan\u0131ml\u0131k Manuel Suni Solunum Cihaz\u0131"}]},{"@type":"WebSite","@id":"https:\/\/www.kilicmed.com\/#website","url":"https:\/\/www.kilicmed.com\/","name":"K\u0131l\u0131\u00e7 Med Medikal","description":"K\u0131l\u0131\u00e7 Med Medikal","publisher":{"@id":"https:\/\/www.kilicmed.com\/#organization"},"potentialAction":[{"@type":"SearchAction","target":{"@type":"EntryPoint","urlTemplate":"https:\/\/www.kilicmed.com\/?s={search_term_string}"},"query-input":{"@type":"PropertyValueSpecification","valueRequired":true,"valueName":"search_term_string"}}],"inLanguage":"en-US"},{"@type":"Organization","@id":"https:\/\/www.kilicmed.com\/#organization","name":"K\u0131l\u0131\u00e7 Med Medikal","url":"https:\/\/www.kilicmed.com\/","logo":{"@type":"ImageObject","inLanguage":"en-US","@id":"https:\/\/www.kilicmed.com\/#\/schema\/logo\/image\/","url":"https:\/\/www.kilicmed.com\/wp-content\/uploads\/2021\/07\/cropped-kilic-med-logo-512-1.png","contentUrl":"https:\/\/www.kilicmed.com\/wp-content\/uploads\/2021\/07\/cropped-kilic-med-logo-512-1.png","width":512,"height":512,"caption":"K\u0131l\u0131\u00e7 Med Medikal"},"image":{"@id":"https:\/\/www.kilicmed.com\/#\/schema\/logo\/image\/"}}]}},"_links":{"self":[{"href":"https:\/\/www.kilicmed.com\/en\/wp-json\/wp\/v2\/product\/408","targetHints":{"allow":["GET"]}}],"collection":[{"href":"https:\/\/www.kilicmed.com\/en\/wp-json\/wp\/v2\/product"}],"about":[{"href":"https:\/\/www.kilicmed.com\/en\/wp-json\/wp\/v2\/types\/product"}],"replies":[{"embeddable":true,"href":"https:\/\/www.kilicmed.com\/en\/wp-json\/wp\/v2\/comments?post=408"}],"wp:featuredmedia":[{"embeddable":true,"href":"https:\/\/www.kilicmed.com\/en\/wp-json\/wp\/v2\/media\/1017"}],"wp:attachment":[{"href":"https:\/\/www.kilicmed.com\/en\/wp-json\/wp\/v2\/media?parent=408"}],"wp:term":[{"taxonomy":"product_brand","embeddable":true,"href":"https:\/\/www.kilicmed.com\/en\/wp-json\/wp\/v2\/product_brand?post=408"},{"taxonomy":"product_cat","embeddable":true,"href":"https:\/\/www.kilicmed.com\/en\/wp-json\/wp\/v2\/product_cat?post=408"},{"taxonomy":"product_tag","embeddable":true,"href":"https:\/\/www.kilicmed.com\/en\/wp-json\/wp\/v2\/product_tag?post=408"}],"curies":[{"name":"wp","href":"https:\/\/api.w.org\/{rel}","templated":true}]}}