{"id":419,"date":"2021-05-08T08:26:52","date_gmt":"2021-05-08T08:26:52","guid":{"rendered":"https:\/\/kilic.kavimdigital.com\/?post_type=product&#038;p=419"},"modified":"2025-09-16T06:05:00","modified_gmt":"2025-09-16T06:05:00","slug":"yetiskin-cok-kullanimlik-manuel-suni-solunum-cihazi","status":"publish","type":"product","link":"https:\/\/www.kilicmed.com\/en\/urun\/yetiskin-cok-kullanimlik-manuel-suni-solunum-cihazi\/","title":{"rendered":"Yeti\u015fkin \u00c7ok Kullan\u0131ml\u0131k Manuel Suni Solunum Cihaz\u0131"},"content":{"rendered":"<ul>\n<li>Pulmoner resusitasyon i\u00e7in tasarlanm\u0131\u015ft\u0131r.<\/li>\n<li>S\u00fcrekli oksijen kayna\u011f\u0131 ve ventilasyon deste\u011fi olarak kullan\u0131l\u0131r.<\/li>\n<li>Yapay solunum yapt\u0131r\u0131lmak istenen, zor solunum yapan veya solunumu durmu\u015f hastalara manuel olarak uygulan\u0131r.<\/li>\n<\/ul>\n<p><strong>Silikon ambu setleri otolavda sterilize edilebilme \u00f6zellikleri sayesinde birden fazla kez kullan\u0131lma olana\u011f\u0131 sa\u011flar.<span class=\"Apple-converted-space\">\u00a0<\/span><\/strong><\/p>\n<p><strong>Silikon Ambu Seti \u0130\u00e7eri\u011fi<\/strong><\/p>\n<ul>\n<li>Medikal Silikon Hammadde<\/li>\n<li>Tekrar Kullan\u0131labilir<\/li>\n<li>Yeti\u015fkin Boy Ambu Balonu<span class=\"Apple-converted-space\">\u00a0<\/span><\/li>\n<li>Hortum<span class=\"Apple-converted-space\">\u00a0<\/span><\/li>\n<li>2000 mL Rezervuar Torbas\u0131<span class=\"Apple-converted-space\">\u00a0<\/span><\/li>\n<li>NO:5 veya NO:4 Silikon Maske<span class=\"Apple-converted-space\">\u00a0<\/span><\/li>\n<\/ul>\n","protected":false},"excerpt":{"rendered":"<p><span class=\"Apple-converted-space\">\u00a0<\/span>Ambu seti pulmoner resusitasyon i\u00e7in tasarlanm\u0131\u015f; s\u00fcrekli oksijen kayna\u011f\u0131 ve ventilasyon deste\u011fi olarak kullan\u0131lan \u00fcr\u00fcnd\u00fcr. Ambu setleri tek kullan\u0131ml\u0131k ve tekrar kullan\u0131labilir \u00e7e\u015fitlere sahiptir. Tek kullan\u0131ml\u0131k \u00fcr\u00fcnlerde balon haznesi medikal pvc hammaddeden \u00fcretilir, \u00e7ok kullan\u0131ml\u0131k \u00fcr\u00fcnlerde ise balon haznesi medikal silikon hammaddeden \u00fcretilir.<span class=\"Apple-converted-space\">\u00a0<\/span><\/p>\n","protected":false},"featured_media":1027,"comment_status":"open","ping_status":"closed","template":"","meta":[],"product_brand":[],"product_cat":[21],"product_tag":[],"class_list":{"0":"post-419","1":"product","2":"type-product","3":"status-publish","4":"has-post-thumbnail","6":"product_cat-manuel-suni-solunum-urunleri","8":"first","9":"instock","10":"shipping-taxable","11":"product-type-simple"},"yoast_head":"<!-- This site is optimized with the Yoast SEO plugin v25.9 - https:\/\/yoast.com\/wordpress\/plugins\/seo\/ -->\n<title>Yeti\u015fkin \u00c7ok Kullan\u0131ml\u0131k Manuel Suni Solunum Cihaz\u0131 - K\u0131l\u0131\u00e7 Med Medikal<\/title>\n<meta name=\"robots\" content=\"index, follow, max-snippet:-1, max-image-preview:large, max-video-preview:-1\" \/>\n<link rel=\"canonical\" href=\"https:\/\/www.kilicmed.com\/urun\/yetiskin-cok-kullanimlik-manuel-suni-solunum-cihazi\/\" \/>\n<meta property=\"og:locale\" content=\"en_US\" \/>\n<meta property=\"og:type\" content=\"article\" \/>\n<meta property=\"og:title\" content=\"Yeti\u015fkin \u00c7ok Kullan\u0131ml\u0131k Manuel Suni Solunum Cihaz\u0131 - K\u0131l\u0131\u00e7 Med Medikal\" \/>\n<meta property=\"og:description\" content=\"\u00a0Ambu seti pulmoner resusitasyon i\u00e7in tasarlanm\u0131\u015f; s\u00fcrekli oksijen kayna\u011f\u0131 ve ventilasyon deste\u011fi olarak kullan\u0131lan \u00fcr\u00fcnd\u00fcr. Ambu setleri tek kullan\u0131ml\u0131k ve tekrar kullan\u0131labilir \u00e7e\u015fitlere sahiptir. Tek kullan\u0131ml\u0131k \u00fcr\u00fcnlerde balon haznesi medikal pvc hammaddeden \u00fcretilir, \u00e7ok kullan\u0131ml\u0131k \u00fcr\u00fcnlerde ise balon haznesi medikal silikon hammaddeden \u00fcretilir.\u00a0\" \/>\n<meta property=\"og:url\" content=\"https:\/\/www.kilicmed.com\/urun\/yetiskin-cok-kullanimlik-manuel-suni-solunum-cihazi\/\" \/>\n<meta property=\"og:site_name\" content=\"K\u0131l\u0131\u00e7 Med Medikal\" \/>\n<meta property=\"article:modified_time\" content=\"2025-09-16T06:05:00+00:00\" \/>\n<meta property=\"og:image\" content=\"https:\/\/www.kilicmed.com\/wp-content\/uploads\/2021\/05\/cok-kul-yetiskin-ambu-seti.jpg\" \/>\n\t<meta property=\"og:image:width\" content=\"1000\" \/>\n\t<meta property=\"og:image:height\" content=\"653\" \/>\n\t<meta property=\"og:image:type\" content=\"image\/jpeg\" \/>\n<meta name=\"twitter:card\" content=\"summary_large_image\" \/>\n<meta name=\"twitter:label1\" content=\"Est. reading time\" \/>\n\t<meta name=\"twitter:data1\" content=\"1 minute\" \/>\n<script type=\"application\/ld+json\" class=\"yoast-schema-graph\">{\"@context\":\"https:\/\/schema.org\",\"@graph\":[{\"@type\":\"WebPage\",\"@id\":\"https:\/\/www.kilicmed.com\/urun\/yetiskin-cok-kullanimlik-manuel-suni-solunum-cihazi\/\",\"url\":\"https:\/\/www.kilicmed.com\/urun\/yetiskin-cok-kullanimlik-manuel-suni-solunum-cihazi\/\",\"name\":\"Yeti\u015fkin \u00c7ok Kullan\u0131ml\u0131k Manuel Suni Solunum Cihaz\u0131 - K\u0131l\u0131\u00e7 Med Medikal\",\"isPartOf\":{\"@id\":\"https:\/\/www.kilicmed.com\/#website\"},\"primaryImageOfPage\":{\"@id\":\"https:\/\/www.kilicmed.com\/urun\/yetiskin-cok-kullanimlik-manuel-suni-solunum-cihazi\/#primaryimage\"},\"image\":{\"@id\":\"https:\/\/www.kilicmed.com\/urun\/yetiskin-cok-kullanimlik-manuel-suni-solunum-cihazi\/#primaryimage\"},\"thumbnailUrl\":\"https:\/\/www.kilicmed.com\/wp-content\/uploads\/2021\/05\/cok-kul-yetiskin-ambu-seti.jpg\",\"datePublished\":\"2021-05-08T08:26:52+00:00\",\"dateModified\":\"2025-09-16T06:05:00+00:00\",\"breadcrumb\":{\"@id\":\"https:\/\/www.kilicmed.com\/urun\/yetiskin-cok-kullanimlik-manuel-suni-solunum-cihazi\/#breadcrumb\"},\"inLanguage\":\"en-US\",\"potentialAction\":[{\"@type\":\"ReadAction\",\"target\":[\"https:\/\/www.kilicmed.com\/urun\/yetiskin-cok-kullanimlik-manuel-suni-solunum-cihazi\/\"]}]},{\"@type\":\"ImageObject\",\"inLanguage\":\"en-US\",\"@id\":\"https:\/\/www.kilicmed.com\/urun\/yetiskin-cok-kullanimlik-manuel-suni-solunum-cihazi\/#primaryimage\",\"url\":\"https:\/\/www.kilicmed.com\/wp-content\/uploads\/2021\/05\/cok-kul-yetiskin-ambu-seti.jpg\",\"contentUrl\":\"https:\/\/www.kilicmed.com\/wp-content\/uploads\/2021\/05\/cok-kul-yetiskin-ambu-seti.jpg\",\"width\":1000,\"height\":653},{\"@type\":\"BreadcrumbList\",\"@id\":\"https:\/\/www.kilicmed.com\/urun\/yetiskin-cok-kullanimlik-manuel-suni-solunum-cihazi\/#breadcrumb\",\"itemListElement\":[{\"@type\":\"ListItem\",\"position\":1,\"name\":\"Anasayfa\",\"item\":\"https:\/\/www.kilicmed.com\/en\/\"},{\"@type\":\"ListItem\",\"position\":2,\"name\":\"Shop\",\"item\":\"https:\/\/www.kilicmed.com\/en\/shop\/\"},{\"@type\":\"ListItem\",\"position\":3,\"name\":\"Yeti\u015fkin \u00c7ok Kullan\u0131ml\u0131k Manuel Suni Solunum Cihaz\u0131\"}]},{\"@type\":\"WebSite\",\"@id\":\"https:\/\/www.kilicmed.com\/#website\",\"url\":\"https:\/\/www.kilicmed.com\/\",\"name\":\"K\u0131l\u0131\u00e7 Med Medikal\",\"description\":\"K\u0131l\u0131\u00e7 Med Medikal\",\"publisher\":{\"@id\":\"https:\/\/www.kilicmed.com\/#organization\"},\"potentialAction\":[{\"@type\":\"SearchAction\",\"target\":{\"@type\":\"EntryPoint\",\"urlTemplate\":\"https:\/\/www.kilicmed.com\/?s={search_term_string}\"},\"query-input\":{\"@type\":\"PropertyValueSpecification\",\"valueRequired\":true,\"valueName\":\"search_term_string\"}}],\"inLanguage\":\"en-US\"},{\"@type\":\"Organization\",\"@id\":\"https:\/\/www.kilicmed.com\/#organization\",\"name\":\"K\u0131l\u0131\u00e7 Med Medikal\",\"url\":\"https:\/\/www.kilicmed.com\/\",\"logo\":{\"@type\":\"ImageObject\",\"inLanguage\":\"en-US\",\"@id\":\"https:\/\/www.kilicmed.com\/#\/schema\/logo\/image\/\",\"url\":\"https:\/\/www.kilicmed.com\/wp-content\/uploads\/2021\/07\/cropped-kilic-med-logo-512-1.png\",\"contentUrl\":\"https:\/\/www.kilicmed.com\/wp-content\/uploads\/2021\/07\/cropped-kilic-med-logo-512-1.png\",\"width\":512,\"height\":512,\"caption\":\"K\u0131l\u0131\u00e7 Med Medikal\"},\"image\":{\"@id\":\"https:\/\/www.kilicmed.com\/#\/schema\/logo\/image\/\"}}]}<\/script>\n<!-- \/ Yoast SEO plugin. -->","yoast_head_json":{"title":"Yeti\u015fkin \u00c7ok Kullan\u0131ml\u0131k Manuel Suni Solunum Cihaz\u0131 - K\u0131l\u0131\u00e7 Med Medikal","robots":{"index":"index","follow":"follow","max-snippet":"max-snippet:-1","max-image-preview":"max-image-preview:large","max-video-preview":"max-video-preview:-1"},"canonical":"https:\/\/www.kilicmed.com\/urun\/yetiskin-cok-kullanimlik-manuel-suni-solunum-cihazi\/","og_locale":"en_US","og_type":"article","og_title":"Yeti\u015fkin \u00c7ok Kullan\u0131ml\u0131k Manuel Suni Solunum Cihaz\u0131 - K\u0131l\u0131\u00e7 Med Medikal","og_description":"\u00a0Ambu seti pulmoner resusitasyon i\u00e7in tasarlanm\u0131\u015f; s\u00fcrekli oksijen kayna\u011f\u0131 ve ventilasyon deste\u011fi olarak kullan\u0131lan \u00fcr\u00fcnd\u00fcr. Ambu setleri tek kullan\u0131ml\u0131k ve tekrar kullan\u0131labilir \u00e7e\u015fitlere sahiptir. Tek kullan\u0131ml\u0131k \u00fcr\u00fcnlerde balon haznesi medikal pvc hammaddeden \u00fcretilir, \u00e7ok kullan\u0131ml\u0131k \u00fcr\u00fcnlerde ise balon haznesi medikal silikon hammaddeden \u00fcretilir.\u00a0","og_url":"https:\/\/www.kilicmed.com\/urun\/yetiskin-cok-kullanimlik-manuel-suni-solunum-cihazi\/","og_site_name":"K\u0131l\u0131\u00e7 Med Medikal","article_modified_time":"2025-09-16T06:05:00+00:00","og_image":[{"width":1000,"height":653,"url":"https:\/\/www.kilicmed.com\/wp-content\/uploads\/2021\/05\/cok-kul-yetiskin-ambu-seti.jpg","type":"image\/jpeg"}],"twitter_card":"summary_large_image","twitter_misc":{"Est. reading time":"1 minute"},"schema":{"@context":"https:\/\/schema.org","@graph":[{"@type":"WebPage","@id":"https:\/\/www.kilicmed.com\/urun\/yetiskin-cok-kullanimlik-manuel-suni-solunum-cihazi\/","url":"https:\/\/www.kilicmed.com\/urun\/yetiskin-cok-kullanimlik-manuel-suni-solunum-cihazi\/","name":"Yeti\u015fkin \u00c7ok Kullan\u0131ml\u0131k Manuel Suni Solunum Cihaz\u0131 - K\u0131l\u0131\u00e7 Med Medikal","isPartOf":{"@id":"https:\/\/www.kilicmed.com\/#website"},"primaryImageOfPage":{"@id":"https:\/\/www.kilicmed.com\/urun\/yetiskin-cok-kullanimlik-manuel-suni-solunum-cihazi\/#primaryimage"},"image":{"@id":"https:\/\/www.kilicmed.com\/urun\/yetiskin-cok-kullanimlik-manuel-suni-solunum-cihazi\/#primaryimage"},"thumbnailUrl":"https:\/\/www.kilicmed.com\/wp-content\/uploads\/2021\/05\/cok-kul-yetiskin-ambu-seti.jpg","datePublished":"2021-05-08T08:26:52+00:00","dateModified":"2025-09-16T06:05:00+00:00","breadcrumb":{"@id":"https:\/\/www.kilicmed.com\/urun\/yetiskin-cok-kullanimlik-manuel-suni-solunum-cihazi\/#breadcrumb"},"inLanguage":"en-US","potentialAction":[{"@type":"ReadAction","target":["https:\/\/www.kilicmed.com\/urun\/yetiskin-cok-kullanimlik-manuel-suni-solunum-cihazi\/"]}]},{"@type":"ImageObject","inLanguage":"en-US","@id":"https:\/\/www.kilicmed.com\/urun\/yetiskin-cok-kullanimlik-manuel-suni-solunum-cihazi\/#primaryimage","url":"https:\/\/www.kilicmed.com\/wp-content\/uploads\/2021\/05\/cok-kul-yetiskin-ambu-seti.jpg","contentUrl":"https:\/\/www.kilicmed.com\/wp-content\/uploads\/2021\/05\/cok-kul-yetiskin-ambu-seti.jpg","width":1000,"height":653},{"@type":"BreadcrumbList","@id":"https:\/\/www.kilicmed.com\/urun\/yetiskin-cok-kullanimlik-manuel-suni-solunum-cihazi\/#breadcrumb","itemListElement":[{"@type":"ListItem","position":1,"name":"Anasayfa","item":"https:\/\/www.kilicmed.com\/en\/"},{"@type":"ListItem","position":2,"name":"Shop","item":"https:\/\/www.kilicmed.com\/en\/shop\/"},{"@type":"ListItem","position":3,"name":"Yeti\u015fkin \u00c7ok Kullan\u0131ml\u0131k Manuel Suni Solunum Cihaz\u0131"}]},{"@type":"WebSite","@id":"https:\/\/www.kilicmed.com\/#website","url":"https:\/\/www.kilicmed.com\/","name":"K\u0131l\u0131\u00e7 Med Medikal","description":"K\u0131l\u0131\u00e7 Med Medikal","publisher":{"@id":"https:\/\/www.kilicmed.com\/#organization"},"potentialAction":[{"@type":"SearchAction","target":{"@type":"EntryPoint","urlTemplate":"https:\/\/www.kilicmed.com\/?s={search_term_string}"},"query-input":{"@type":"PropertyValueSpecification","valueRequired":true,"valueName":"search_term_string"}}],"inLanguage":"en-US"},{"@type":"Organization","@id":"https:\/\/www.kilicmed.com\/#organization","name":"K\u0131l\u0131\u00e7 Med Medikal","url":"https:\/\/www.kilicmed.com\/","logo":{"@type":"ImageObject","inLanguage":"en-US","@id":"https:\/\/www.kilicmed.com\/#\/schema\/logo\/image\/","url":"https:\/\/www.kilicmed.com\/wp-content\/uploads\/2021\/07\/cropped-kilic-med-logo-512-1.png","contentUrl":"https:\/\/www.kilicmed.com\/wp-content\/uploads\/2021\/07\/cropped-kilic-med-logo-512-1.png","width":512,"height":512,"caption":"K\u0131l\u0131\u00e7 Med Medikal"},"image":{"@id":"https:\/\/www.kilicmed.com\/#\/schema\/logo\/image\/"}}]}},"_links":{"self":[{"href":"https:\/\/www.kilicmed.com\/en\/wp-json\/wp\/v2\/product\/419","targetHints":{"allow":["GET"]}}],"collection":[{"href":"https:\/\/www.kilicmed.com\/en\/wp-json\/wp\/v2\/product"}],"about":[{"href":"https:\/\/www.kilicmed.com\/en\/wp-json\/wp\/v2\/types\/product"}],"replies":[{"embeddable":true,"href":"https:\/\/www.kilicmed.com\/en\/wp-json\/wp\/v2\/comments?post=419"}],"wp:featuredmedia":[{"embeddable":true,"href":"https:\/\/www.kilicmed.com\/en\/wp-json\/wp\/v2\/media\/1027"}],"wp:attachment":[{"href":"https:\/\/www.kilicmed.com\/en\/wp-json\/wp\/v2\/media?parent=419"}],"wp:term":[{"taxonomy":"product_brand","embeddable":true,"href":"https:\/\/www.kilicmed.com\/en\/wp-json\/wp\/v2\/product_brand?post=419"},{"taxonomy":"product_cat","embeddable":true,"href":"https:\/\/www.kilicmed.com\/en\/wp-json\/wp\/v2\/product_cat?post=419"},{"taxonomy":"product_tag","embeddable":true,"href":"https:\/\/www.kilicmed.com\/en\/wp-json\/wp\/v2\/product_tag?post=419"}],"curies":[{"name":"wp","href":"https:\/\/api.w.org\/{rel}","templated":true}]}}