{"id":536,"date":"2021-05-10T19:45:07","date_gmt":"2021-05-10T19:45:07","guid":{"rendered":"https:\/\/kilic.kavimdigital.com\/?post_type=product&#038;p=536"},"modified":"2022-04-12T07:49:19","modified_gmt":"2022-04-12T07:49:19","slug":"endometriyal-aspirator-kanulu-enjektorlu-pipella","status":"publish","type":"product","link":"https:\/\/www.kilicmed.com\/en\/urun\/endometriyal-aspirator-kanulu-enjektorlu-pipella\/","title":{"rendered":"Endometriyal Aspirat\u00f6r Kan\u00fcl\u00fc (Enjekt\u00f6rl\u00fc Pipella)"},"content":{"rendered":"<p>Endometrial aspirat\u00f6r kan\u00fcl\u00fc, tan\u0131sal ve tedavi ama\u00e7l\u0131 endometriyal biyopsi ve jinekolojik \u00f6rnek toplamak i\u00e7in etkili bir \u00fcr\u00fcnd\u00fcr.<\/p>\n<p><strong>Teknik \u00d6zellikleri\u00a0<\/strong><\/p>\n<ul>\n<li>Tek kullan\u0131ml\u0131k pakette, 3 mm\u2019lik endometrial k\u00fcretten olu\u015fur.<\/li>\n<li>\u00dcr\u00fcn, en fazla 10 cc\u2019lik plastik tokal\u0131 kilitlenebilir vakum enjekt\u00f6r\u00fcne sahiptir. B\u00f6ylece toplanan numunenin geri ak\u0131\u015f\u0131 \u015f\u0131r\u0131nga \u00fczerindeki kilit yay mekanizmas\u0131 ile engellenir.<\/li>\n<li>\u00dcr\u00fcn esnek ve \u015feffaft\u0131r, \u00f6n u\u00e7 ihtiyaca g\u00f6re b\u00fck\u00fclebilir ve kullan\u0131m\u0131 etkilemez.<\/li>\n<li>Steril pakette bulunur.<\/li>\n<li>Latex i\u00e7ermez.<\/li>\n<\/ul>\n<div id=\"gtx-trans\" style=\"position: absolute; left: 123px; top: 78.7812px;\">\n<div class=\"gtx-trans-icon\"><\/div>\n<\/div>\n","protected":false},"excerpt":{"rendered":"<p>Endometrial aspirat\u00f6r kan\u00fcl\u00fc, tan\u0131sal ve tedavi ama\u00e7l\u0131 endometriyal biyopsi ve jinekolojik \u00f6rnek toplamak i\u00e7in etkili bir \u00fcr\u00fcnd\u00fcr.<\/p>\n","protected":false},"featured_media":1067,"comment_status":"open","ping_status":"closed","template":"","meta":[],"product_brand":[],"product_cat":[33],"product_tag":[],"class_list":{"0":"post-536","1":"product","2":"type-product","3":"status-publish","4":"has-post-thumbnail","6":"product_cat-kadin-dogum-urunleri","8":"first","9":"instock","10":"shipping-taxable","11":"product-type-simple"},"yoast_head":"<!-- This site is optimized with the Yoast SEO plugin v25.9 - https:\/\/yoast.com\/wordpress\/plugins\/seo\/ -->\n<title>Endometriyal Aspirat\u00f6r Kan\u00fcl\u00fc (Enjekt\u00f6rl\u00fc Pipella) - K\u0131l\u0131\u00e7 Med Medikal<\/title>\n<meta name=\"robots\" content=\"index, follow, max-snippet:-1, max-image-preview:large, max-video-preview:-1\" \/>\n<link rel=\"canonical\" href=\"https:\/\/www.kilicmed.com\/urun\/endometriyal-aspirator-kanulu-enjektorlu-pipella\/\" \/>\n<meta property=\"og:locale\" content=\"en_US\" \/>\n<meta property=\"og:type\" content=\"article\" \/>\n<meta property=\"og:title\" content=\"Endometriyal Aspirat\u00f6r Kan\u00fcl\u00fc (Enjekt\u00f6rl\u00fc Pipella) - K\u0131l\u0131\u00e7 Med Medikal\" \/>\n<meta property=\"og:description\" content=\"Endometrial aspirat\u00f6r kan\u00fcl\u00fc, tan\u0131sal ve tedavi ama\u00e7l\u0131 endometriyal biyopsi ve jinekolojik \u00f6rnek toplamak i\u00e7in etkili bir \u00fcr\u00fcnd\u00fcr.\" \/>\n<meta property=\"og:url\" content=\"https:\/\/www.kilicmed.com\/urun\/endometriyal-aspirator-kanulu-enjektorlu-pipella\/\" \/>\n<meta property=\"og:site_name\" content=\"K\u0131l\u0131\u00e7 Med Medikal\" \/>\n<meta property=\"article:modified_time\" content=\"2022-04-12T07:49:19+00:00\" \/>\n<meta property=\"og:image\" content=\"https:\/\/www.kilicmed.com\/wp-content\/uploads\/2021\/05\/enjektorlu-pipella-2.jpg\" \/>\n\t<meta property=\"og:image:width\" content=\"1000\" \/>\n\t<meta property=\"og:image:height\" content=\"625\" \/>\n\t<meta property=\"og:image:type\" content=\"image\/jpeg\" \/>\n<meta name=\"twitter:card\" content=\"summary_large_image\" \/>\n<script type=\"application\/ld+json\" class=\"yoast-schema-graph\">{\"@context\":\"https:\/\/schema.org\",\"@graph\":[{\"@type\":\"WebPage\",\"@id\":\"https:\/\/www.kilicmed.com\/urun\/endometriyal-aspirator-kanulu-enjektorlu-pipella\/\",\"url\":\"https:\/\/www.kilicmed.com\/urun\/endometriyal-aspirator-kanulu-enjektorlu-pipella\/\",\"name\":\"Endometriyal Aspirat\u00f6r Kan\u00fcl\u00fc (Enjekt\u00f6rl\u00fc Pipella) - K\u0131l\u0131\u00e7 Med Medikal\",\"isPartOf\":{\"@id\":\"https:\/\/www.kilicmed.com\/#website\"},\"primaryImageOfPage\":{\"@id\":\"https:\/\/www.kilicmed.com\/urun\/endometriyal-aspirator-kanulu-enjektorlu-pipella\/#primaryimage\"},\"image\":{\"@id\":\"https:\/\/www.kilicmed.com\/urun\/endometriyal-aspirator-kanulu-enjektorlu-pipella\/#primaryimage\"},\"thumbnailUrl\":\"https:\/\/www.kilicmed.com\/wp-content\/uploads\/2021\/05\/enjektorlu-pipella-2.jpg\",\"datePublished\":\"2021-05-10T19:45:07+00:00\",\"dateModified\":\"2022-04-12T07:49:19+00:00\",\"breadcrumb\":{\"@id\":\"https:\/\/www.kilicmed.com\/urun\/endometriyal-aspirator-kanulu-enjektorlu-pipella\/#breadcrumb\"},\"inLanguage\":\"en-US\",\"potentialAction\":[{\"@type\":\"ReadAction\",\"target\":[\"https:\/\/www.kilicmed.com\/urun\/endometriyal-aspirator-kanulu-enjektorlu-pipella\/\"]}]},{\"@type\":\"ImageObject\",\"inLanguage\":\"en-US\",\"@id\":\"https:\/\/www.kilicmed.com\/urun\/endometriyal-aspirator-kanulu-enjektorlu-pipella\/#primaryimage\",\"url\":\"https:\/\/www.kilicmed.com\/wp-content\/uploads\/2021\/05\/enjektorlu-pipella-2.jpg\",\"contentUrl\":\"https:\/\/www.kilicmed.com\/wp-content\/uploads\/2021\/05\/enjektorlu-pipella-2.jpg\",\"width\":1000,\"height\":625},{\"@type\":\"BreadcrumbList\",\"@id\":\"https:\/\/www.kilicmed.com\/urun\/endometriyal-aspirator-kanulu-enjektorlu-pipella\/#breadcrumb\",\"itemListElement\":[{\"@type\":\"ListItem\",\"position\":1,\"name\":\"Anasayfa\",\"item\":\"https:\/\/www.kilicmed.com\/en\/\"},{\"@type\":\"ListItem\",\"position\":2,\"name\":\"Shop\",\"item\":\"https:\/\/www.kilicmed.com\/en\/shop\/\"},{\"@type\":\"ListItem\",\"position\":3,\"name\":\"Endometriyal Aspirat\u00f6r Kan\u00fcl\u00fc (Enjekt\u00f6rl\u00fc Pipella)\"}]},{\"@type\":\"WebSite\",\"@id\":\"https:\/\/www.kilicmed.com\/#website\",\"url\":\"https:\/\/www.kilicmed.com\/\",\"name\":\"K\u0131l\u0131\u00e7 Med Medikal\",\"description\":\"K\u0131l\u0131\u00e7 Med Medikal\",\"publisher\":{\"@id\":\"https:\/\/www.kilicmed.com\/#organization\"},\"potentialAction\":[{\"@type\":\"SearchAction\",\"target\":{\"@type\":\"EntryPoint\",\"urlTemplate\":\"https:\/\/www.kilicmed.com\/?s={search_term_string}\"},\"query-input\":{\"@type\":\"PropertyValueSpecification\",\"valueRequired\":true,\"valueName\":\"search_term_string\"}}],\"inLanguage\":\"en-US\"},{\"@type\":\"Organization\",\"@id\":\"https:\/\/www.kilicmed.com\/#organization\",\"name\":\"K\u0131l\u0131\u00e7 Med Medikal\",\"url\":\"https:\/\/www.kilicmed.com\/\",\"logo\":{\"@type\":\"ImageObject\",\"inLanguage\":\"en-US\",\"@id\":\"https:\/\/www.kilicmed.com\/#\/schema\/logo\/image\/\",\"url\":\"https:\/\/www.kilicmed.com\/wp-content\/uploads\/2021\/07\/cropped-kilic-med-logo-512-1.png\",\"contentUrl\":\"https:\/\/www.kilicmed.com\/wp-content\/uploads\/2021\/07\/cropped-kilic-med-logo-512-1.png\",\"width\":512,\"height\":512,\"caption\":\"K\u0131l\u0131\u00e7 Med Medikal\"},\"image\":{\"@id\":\"https:\/\/www.kilicmed.com\/#\/schema\/logo\/image\/\"}}]}<\/script>\n<!-- \/ Yoast SEO plugin. -->","yoast_head_json":{"title":"Endometriyal Aspirat\u00f6r Kan\u00fcl\u00fc (Enjekt\u00f6rl\u00fc Pipella) - K\u0131l\u0131\u00e7 Med Medikal","robots":{"index":"index","follow":"follow","max-snippet":"max-snippet:-1","max-image-preview":"max-image-preview:large","max-video-preview":"max-video-preview:-1"},"canonical":"https:\/\/www.kilicmed.com\/urun\/endometriyal-aspirator-kanulu-enjektorlu-pipella\/","og_locale":"en_US","og_type":"article","og_title":"Endometriyal Aspirat\u00f6r Kan\u00fcl\u00fc (Enjekt\u00f6rl\u00fc Pipella) - K\u0131l\u0131\u00e7 Med Medikal","og_description":"Endometrial aspirat\u00f6r kan\u00fcl\u00fc, tan\u0131sal ve tedavi ama\u00e7l\u0131 endometriyal biyopsi ve jinekolojik \u00f6rnek toplamak i\u00e7in etkili bir \u00fcr\u00fcnd\u00fcr.","og_url":"https:\/\/www.kilicmed.com\/urun\/endometriyal-aspirator-kanulu-enjektorlu-pipella\/","og_site_name":"K\u0131l\u0131\u00e7 Med Medikal","article_modified_time":"2022-04-12T07:49:19+00:00","og_image":[{"width":1000,"height":625,"url":"https:\/\/www.kilicmed.com\/wp-content\/uploads\/2021\/05\/enjektorlu-pipella-2.jpg","type":"image\/jpeg"}],"twitter_card":"summary_large_image","schema":{"@context":"https:\/\/schema.org","@graph":[{"@type":"WebPage","@id":"https:\/\/www.kilicmed.com\/urun\/endometriyal-aspirator-kanulu-enjektorlu-pipella\/","url":"https:\/\/www.kilicmed.com\/urun\/endometriyal-aspirator-kanulu-enjektorlu-pipella\/","name":"Endometriyal Aspirat\u00f6r Kan\u00fcl\u00fc (Enjekt\u00f6rl\u00fc Pipella) - K\u0131l\u0131\u00e7 Med Medikal","isPartOf":{"@id":"https:\/\/www.kilicmed.com\/#website"},"primaryImageOfPage":{"@id":"https:\/\/www.kilicmed.com\/urun\/endometriyal-aspirator-kanulu-enjektorlu-pipella\/#primaryimage"},"image":{"@id":"https:\/\/www.kilicmed.com\/urun\/endometriyal-aspirator-kanulu-enjektorlu-pipella\/#primaryimage"},"thumbnailUrl":"https:\/\/www.kilicmed.com\/wp-content\/uploads\/2021\/05\/enjektorlu-pipella-2.jpg","datePublished":"2021-05-10T19:45:07+00:00","dateModified":"2022-04-12T07:49:19+00:00","breadcrumb":{"@id":"https:\/\/www.kilicmed.com\/urun\/endometriyal-aspirator-kanulu-enjektorlu-pipella\/#breadcrumb"},"inLanguage":"en-US","potentialAction":[{"@type":"ReadAction","target":["https:\/\/www.kilicmed.com\/urun\/endometriyal-aspirator-kanulu-enjektorlu-pipella\/"]}]},{"@type":"ImageObject","inLanguage":"en-US","@id":"https:\/\/www.kilicmed.com\/urun\/endometriyal-aspirator-kanulu-enjektorlu-pipella\/#primaryimage","url":"https:\/\/www.kilicmed.com\/wp-content\/uploads\/2021\/05\/enjektorlu-pipella-2.jpg","contentUrl":"https:\/\/www.kilicmed.com\/wp-content\/uploads\/2021\/05\/enjektorlu-pipella-2.jpg","width":1000,"height":625},{"@type":"BreadcrumbList","@id":"https:\/\/www.kilicmed.com\/urun\/endometriyal-aspirator-kanulu-enjektorlu-pipella\/#breadcrumb","itemListElement":[{"@type":"ListItem","position":1,"name":"Anasayfa","item":"https:\/\/www.kilicmed.com\/en\/"},{"@type":"ListItem","position":2,"name":"Shop","item":"https:\/\/www.kilicmed.com\/en\/shop\/"},{"@type":"ListItem","position":3,"name":"Endometriyal Aspirat\u00f6r Kan\u00fcl\u00fc (Enjekt\u00f6rl\u00fc Pipella)"}]},{"@type":"WebSite","@id":"https:\/\/www.kilicmed.com\/#website","url":"https:\/\/www.kilicmed.com\/","name":"K\u0131l\u0131\u00e7 Med Medikal","description":"K\u0131l\u0131\u00e7 Med Medikal","publisher":{"@id":"https:\/\/www.kilicmed.com\/#organization"},"potentialAction":[{"@type":"SearchAction","target":{"@type":"EntryPoint","urlTemplate":"https:\/\/www.kilicmed.com\/?s={search_term_string}"},"query-input":{"@type":"PropertyValueSpecification","valueRequired":true,"valueName":"search_term_string"}}],"inLanguage":"en-US"},{"@type":"Organization","@id":"https:\/\/www.kilicmed.com\/#organization","name":"K\u0131l\u0131\u00e7 Med Medikal","url":"https:\/\/www.kilicmed.com\/","logo":{"@type":"ImageObject","inLanguage":"en-US","@id":"https:\/\/www.kilicmed.com\/#\/schema\/logo\/image\/","url":"https:\/\/www.kilicmed.com\/wp-content\/uploads\/2021\/07\/cropped-kilic-med-logo-512-1.png","contentUrl":"https:\/\/www.kilicmed.com\/wp-content\/uploads\/2021\/07\/cropped-kilic-med-logo-512-1.png","width":512,"height":512,"caption":"K\u0131l\u0131\u00e7 Med Medikal"},"image":{"@id":"https:\/\/www.kilicmed.com\/#\/schema\/logo\/image\/"}}]}},"_links":{"self":[{"href":"https:\/\/www.kilicmed.com\/en\/wp-json\/wp\/v2\/product\/536","targetHints":{"allow":["GET"]}}],"collection":[{"href":"https:\/\/www.kilicmed.com\/en\/wp-json\/wp\/v2\/product"}],"about":[{"href":"https:\/\/www.kilicmed.com\/en\/wp-json\/wp\/v2\/types\/product"}],"replies":[{"embeddable":true,"href":"https:\/\/www.kilicmed.com\/en\/wp-json\/wp\/v2\/comments?post=536"}],"wp:featuredmedia":[{"embeddable":true,"href":"https:\/\/www.kilicmed.com\/en\/wp-json\/wp\/v2\/media\/1067"}],"wp:attachment":[{"href":"https:\/\/www.kilicmed.com\/en\/wp-json\/wp\/v2\/media?parent=536"}],"wp:term":[{"taxonomy":"product_brand","embeddable":true,"href":"https:\/\/www.kilicmed.com\/en\/wp-json\/wp\/v2\/product_brand?post=536"},{"taxonomy":"product_cat","embeddable":true,"href":"https:\/\/www.kilicmed.com\/en\/wp-json\/wp\/v2\/product_cat?post=536"},{"taxonomy":"product_tag","embeddable":true,"href":"https:\/\/www.kilicmed.com\/en\/wp-json\/wp\/v2\/product_tag?post=536"}],"curies":[{"name":"wp","href":"https:\/\/api.w.org\/{rel}","templated":true}]}}