{"id":607,"date":"2021-08-27T06:53:58","date_gmt":"2021-08-27T06:53:58","guid":{"rendered":"https:\/\/kilic.kavimdigital.com\/?post_type=product&amp;p=607"},"modified":"2021-08-27T06:53:58","modified_gmt":"2021-08-27T06:53:58","slug":"htkd-tc-gostergesiz-dogum-vakum-can-seti-manuel-vakum-cihazi","status":"publish","type":"product","link":"https:\/\/www.kilicmed.com\/en\/urun\/htkd-tc-gostergesiz-dogum-vakum-can-seti-manuel-vakum-cihazi\/","title":{"rendered":"HTKD-TC G\u00f6stergesiz Do\u011fum Vakum \u00c7an Seti (Manuel Vakum Cihaz\u0131)"},"content":{"rendered":"<p>Do\u011fum vakum \u00e7an seti, do\u011fum eyleminin sonlar\u0131nda e\u011fer bebe\u011fin kalp at\u0131m h\u0131z\u0131nda belirgin bir d\u00fc\u015f\u00fc\u015f varsa ve uzun s\u00fcre devam ediyorsa olu\u015fan bu tehlikeli durumdan dolay\u0131 bebe\u011fi zaman kaybetmeden do\u011furtmak ya da do\u011fumun ikinci evresini k\u0131saltmak i\u00e7in kullan\u0131l\u0131r.<\/p>\n<p><strong>Teknik \u00d6zellikleri<\/strong><\/p>\n<ul>\n<li>\u00dcr\u00fcn\u00fcn vakum yapan el pompas\u0131 ve \u00e7ap\u0131 5 cm plastik vakum uygulayan ba\u015fl\u0131k \u00e7an\u0131 ve bu ikisini birbirine ba\u011flayan i\u00e7i \u00e7elik 16 cm\u2019lik \u00e7ekme kordonu bulunur.<\/li>\n<li>\u00dcr\u00fcnde bulunan g\u00f6sterge ile ba\u015fa uygulanan bas\u0131n\u00e7 kontrol alt\u0131nda tutulur.<\/li>\n<li>\u00dcr\u00fcnde bulunan \u00e7ekme g\u00fcc\u00fc g\u00f6stergesi kafa derisine uygulanan \u00e7eki\u015f miktar\u0131n\u0131n g\u00f6r\u00fcnt\u00fclenmesine ve kontrol edilmesine izin verir.<\/li>\n<li>\u00dcr\u00fcn tek kullan\u0131ml\u0131kt\u0131r.<\/li>\n<li>Latex i\u00e7ermez<em>.<\/em><\/li>\n<li>\u00dcr\u00fcn steril paket i\u00e7inde bulur.<em>\u00a0<\/em><\/li>\n<\/ul>\n","protected":false},"excerpt":{"rendered":"<p>Do\u011fum vakum \u00e7an seti, do\u011fum eyleminin sonlar\u0131nda e\u011fer bebe\u011fin kalp at\u0131m h\u0131z\u0131nda belirgin bir d\u00fc\u015f\u00fc\u015f varsa ve uzun s\u00fcre devam ediyorsa olu\u015fan bu tehlikeli durumdan dolay\u0131 bebe\u011fi zaman kaybetmeden do\u011furtmak ya da do\u011fumun ikinci evresini k\u0131saltmak i\u00e7in kullan\u0131l\u0131r.<\/p>\n","protected":false},"featured_media":535,"comment_status":"open","ping_status":"closed","template":"","meta":[],"product_brand":[],"product_cat":[33],"product_tag":[],"class_list":{"0":"post-607","1":"product","2":"type-product","3":"status-publish","4":"has-post-thumbnail","6":"product_cat-kadin-dogum-urunleri","8":"first","9":"instock","10":"shipping-taxable","11":"product-type-simple"},"yoast_head":"<!-- This site is optimized with the Yoast SEO plugin v25.9 - https:\/\/yoast.com\/wordpress\/plugins\/seo\/ -->\n<title>HTKD-TC G\u00f6stergesiz Do\u011fum Vakum \u00c7an Seti (Manuel Vakum Cihaz\u0131) - K\u0131l\u0131\u00e7 Med Medikal<\/title>\n<meta name=\"robots\" content=\"index, follow, max-snippet:-1, max-image-preview:large, max-video-preview:-1\" \/>\n<link rel=\"canonical\" href=\"https:\/\/www.kilicmed.com\/urun\/htkd-tc-gostergesiz-dogum-vakum-can-seti-manuel-vakum-cihazi\/\" \/>\n<meta property=\"og:locale\" content=\"en_US\" \/>\n<meta property=\"og:type\" content=\"article\" \/>\n<meta property=\"og:title\" content=\"HTKD-TC G\u00f6stergesiz Do\u011fum Vakum \u00c7an Seti (Manuel Vakum Cihaz\u0131) - K\u0131l\u0131\u00e7 Med Medikal\" \/>\n<meta property=\"og:description\" content=\"Do\u011fum vakum \u00e7an seti, do\u011fum eyleminin sonlar\u0131nda e\u011fer bebe\u011fin kalp at\u0131m h\u0131z\u0131nda belirgin bir d\u00fc\u015f\u00fc\u015f varsa ve uzun s\u00fcre devam ediyorsa olu\u015fan bu tehlikeli durumdan dolay\u0131 bebe\u011fi zaman kaybetmeden do\u011furtmak ya da do\u011fumun ikinci evresini k\u0131saltmak i\u00e7in kullan\u0131l\u0131r.\" \/>\n<meta property=\"og:url\" content=\"https:\/\/www.kilicmed.com\/urun\/htkd-tc-gostergesiz-dogum-vakum-can-seti-manuel-vakum-cihazi\/\" \/>\n<meta property=\"og:site_name\" content=\"K\u0131l\u0131\u00e7 Med Medikal\" \/>\n<meta property=\"og:image\" content=\"https:\/\/www.kilicmed.com\/wp-content\/uploads\/2021\/05\/dogum-vakum-can.jpg\" \/>\n\t<meta property=\"og:image:width\" content=\"1000\" \/>\n\t<meta property=\"og:image:height\" content=\"667\" \/>\n\t<meta property=\"og:image:type\" content=\"image\/jpeg\" \/>\n<meta name=\"twitter:card\" content=\"summary_large_image\" \/>\n<meta name=\"twitter:label1\" content=\"Est. reading time\" \/>\n\t<meta name=\"twitter:data1\" content=\"1 minute\" \/>\n<script type=\"application\/ld+json\" class=\"yoast-schema-graph\">{\"@context\":\"https:\/\/schema.org\",\"@graph\":[{\"@type\":\"WebPage\",\"@id\":\"https:\/\/www.kilicmed.com\/urun\/htkd-tc-gostergesiz-dogum-vakum-can-seti-manuel-vakum-cihazi\/\",\"url\":\"https:\/\/www.kilicmed.com\/urun\/htkd-tc-gostergesiz-dogum-vakum-can-seti-manuel-vakum-cihazi\/\",\"name\":\"HTKD-TC G\u00f6stergesiz Do\u011fum Vakum \u00c7an Seti (Manuel Vakum Cihaz\u0131) - K\u0131l\u0131\u00e7 Med Medikal\",\"isPartOf\":{\"@id\":\"https:\/\/www.kilicmed.com\/#website\"},\"primaryImageOfPage\":{\"@id\":\"https:\/\/www.kilicmed.com\/urun\/htkd-tc-gostergesiz-dogum-vakum-can-seti-manuel-vakum-cihazi\/#primaryimage\"},\"image\":{\"@id\":\"https:\/\/www.kilicmed.com\/urun\/htkd-tc-gostergesiz-dogum-vakum-can-seti-manuel-vakum-cihazi\/#primaryimage\"},\"thumbnailUrl\":\"https:\/\/www.kilicmed.com\/wp-content\/uploads\/2021\/05\/dogum-vakum-can.jpg\",\"datePublished\":\"2021-08-27T06:53:58+00:00\",\"breadcrumb\":{\"@id\":\"https:\/\/www.kilicmed.com\/urun\/htkd-tc-gostergesiz-dogum-vakum-can-seti-manuel-vakum-cihazi\/#breadcrumb\"},\"inLanguage\":\"en-US\",\"potentialAction\":[{\"@type\":\"ReadAction\",\"target\":[\"https:\/\/www.kilicmed.com\/urun\/htkd-tc-gostergesiz-dogum-vakum-can-seti-manuel-vakum-cihazi\/\"]}]},{\"@type\":\"ImageObject\",\"inLanguage\":\"en-US\",\"@id\":\"https:\/\/www.kilicmed.com\/urun\/htkd-tc-gostergesiz-dogum-vakum-can-seti-manuel-vakum-cihazi\/#primaryimage\",\"url\":\"https:\/\/www.kilicmed.com\/wp-content\/uploads\/2021\/05\/dogum-vakum-can.jpg\",\"contentUrl\":\"https:\/\/www.kilicmed.com\/wp-content\/uploads\/2021\/05\/dogum-vakum-can.jpg\",\"width\":1000,\"height\":667},{\"@type\":\"BreadcrumbList\",\"@id\":\"https:\/\/www.kilicmed.com\/urun\/htkd-tc-gostergesiz-dogum-vakum-can-seti-manuel-vakum-cihazi\/#breadcrumb\",\"itemListElement\":[{\"@type\":\"ListItem\",\"position\":1,\"name\":\"Anasayfa\",\"item\":\"https:\/\/www.kilicmed.com\/en\/\"},{\"@type\":\"ListItem\",\"position\":2,\"name\":\"Shop\",\"item\":\"https:\/\/www.kilicmed.com\/en\/shop\/\"},{\"@type\":\"ListItem\",\"position\":3,\"name\":\"HTKD-TC G\u00f6stergesiz Do\u011fum Vakum \u00c7an Seti (Manuel Vakum Cihaz\u0131)\"}]},{\"@type\":\"WebSite\",\"@id\":\"https:\/\/www.kilicmed.com\/#website\",\"url\":\"https:\/\/www.kilicmed.com\/\",\"name\":\"K\u0131l\u0131\u00e7 Med Medikal\",\"description\":\"K\u0131l\u0131\u00e7 Med Medikal\",\"publisher\":{\"@id\":\"https:\/\/www.kilicmed.com\/#organization\"},\"potentialAction\":[{\"@type\":\"SearchAction\",\"target\":{\"@type\":\"EntryPoint\",\"urlTemplate\":\"https:\/\/www.kilicmed.com\/?s={search_term_string}\"},\"query-input\":{\"@type\":\"PropertyValueSpecification\",\"valueRequired\":true,\"valueName\":\"search_term_string\"}}],\"inLanguage\":\"en-US\"},{\"@type\":\"Organization\",\"@id\":\"https:\/\/www.kilicmed.com\/#organization\",\"name\":\"K\u0131l\u0131\u00e7 Med Medikal\",\"url\":\"https:\/\/www.kilicmed.com\/\",\"logo\":{\"@type\":\"ImageObject\",\"inLanguage\":\"en-US\",\"@id\":\"https:\/\/www.kilicmed.com\/#\/schema\/logo\/image\/\",\"url\":\"https:\/\/www.kilicmed.com\/wp-content\/uploads\/2021\/07\/cropped-kilic-med-logo-512-1.png\",\"contentUrl\":\"https:\/\/www.kilicmed.com\/wp-content\/uploads\/2021\/07\/cropped-kilic-med-logo-512-1.png\",\"width\":512,\"height\":512,\"caption\":\"K\u0131l\u0131\u00e7 Med Medikal\"},\"image\":{\"@id\":\"https:\/\/www.kilicmed.com\/#\/schema\/logo\/image\/\"}}]}<\/script>\n<!-- \/ Yoast SEO plugin. -->","yoast_head_json":{"title":"HTKD-TC G\u00f6stergesiz Do\u011fum Vakum \u00c7an Seti (Manuel Vakum Cihaz\u0131) - K\u0131l\u0131\u00e7 Med Medikal","robots":{"index":"index","follow":"follow","max-snippet":"max-snippet:-1","max-image-preview":"max-image-preview:large","max-video-preview":"max-video-preview:-1"},"canonical":"https:\/\/www.kilicmed.com\/urun\/htkd-tc-gostergesiz-dogum-vakum-can-seti-manuel-vakum-cihazi\/","og_locale":"en_US","og_type":"article","og_title":"HTKD-TC G\u00f6stergesiz Do\u011fum Vakum \u00c7an Seti (Manuel Vakum Cihaz\u0131) - K\u0131l\u0131\u00e7 Med Medikal","og_description":"Do\u011fum vakum \u00e7an seti, do\u011fum eyleminin sonlar\u0131nda e\u011fer bebe\u011fin kalp at\u0131m h\u0131z\u0131nda belirgin bir d\u00fc\u015f\u00fc\u015f varsa ve uzun s\u00fcre devam ediyorsa olu\u015fan bu tehlikeli durumdan dolay\u0131 bebe\u011fi zaman kaybetmeden do\u011furtmak ya da do\u011fumun ikinci evresini k\u0131saltmak i\u00e7in kullan\u0131l\u0131r.","og_url":"https:\/\/www.kilicmed.com\/urun\/htkd-tc-gostergesiz-dogum-vakum-can-seti-manuel-vakum-cihazi\/","og_site_name":"K\u0131l\u0131\u00e7 Med Medikal","og_image":[{"width":1000,"height":667,"url":"https:\/\/www.kilicmed.com\/wp-content\/uploads\/2021\/05\/dogum-vakum-can.jpg","type":"image\/jpeg"}],"twitter_card":"summary_large_image","twitter_misc":{"Est. reading time":"1 minute"},"schema":{"@context":"https:\/\/schema.org","@graph":[{"@type":"WebPage","@id":"https:\/\/www.kilicmed.com\/urun\/htkd-tc-gostergesiz-dogum-vakum-can-seti-manuel-vakum-cihazi\/","url":"https:\/\/www.kilicmed.com\/urun\/htkd-tc-gostergesiz-dogum-vakum-can-seti-manuel-vakum-cihazi\/","name":"HTKD-TC G\u00f6stergesiz Do\u011fum Vakum \u00c7an Seti (Manuel Vakum Cihaz\u0131) - K\u0131l\u0131\u00e7 Med Medikal","isPartOf":{"@id":"https:\/\/www.kilicmed.com\/#website"},"primaryImageOfPage":{"@id":"https:\/\/www.kilicmed.com\/urun\/htkd-tc-gostergesiz-dogum-vakum-can-seti-manuel-vakum-cihazi\/#primaryimage"},"image":{"@id":"https:\/\/www.kilicmed.com\/urun\/htkd-tc-gostergesiz-dogum-vakum-can-seti-manuel-vakum-cihazi\/#primaryimage"},"thumbnailUrl":"https:\/\/www.kilicmed.com\/wp-content\/uploads\/2021\/05\/dogum-vakum-can.jpg","datePublished":"2021-08-27T06:53:58+00:00","breadcrumb":{"@id":"https:\/\/www.kilicmed.com\/urun\/htkd-tc-gostergesiz-dogum-vakum-can-seti-manuel-vakum-cihazi\/#breadcrumb"},"inLanguage":"en-US","potentialAction":[{"@type":"ReadAction","target":["https:\/\/www.kilicmed.com\/urun\/htkd-tc-gostergesiz-dogum-vakum-can-seti-manuel-vakum-cihazi\/"]}]},{"@type":"ImageObject","inLanguage":"en-US","@id":"https:\/\/www.kilicmed.com\/urun\/htkd-tc-gostergesiz-dogum-vakum-can-seti-manuel-vakum-cihazi\/#primaryimage","url":"https:\/\/www.kilicmed.com\/wp-content\/uploads\/2021\/05\/dogum-vakum-can.jpg","contentUrl":"https:\/\/www.kilicmed.com\/wp-content\/uploads\/2021\/05\/dogum-vakum-can.jpg","width":1000,"height":667},{"@type":"BreadcrumbList","@id":"https:\/\/www.kilicmed.com\/urun\/htkd-tc-gostergesiz-dogum-vakum-can-seti-manuel-vakum-cihazi\/#breadcrumb","itemListElement":[{"@type":"ListItem","position":1,"name":"Anasayfa","item":"https:\/\/www.kilicmed.com\/en\/"},{"@type":"ListItem","position":2,"name":"Shop","item":"https:\/\/www.kilicmed.com\/en\/shop\/"},{"@type":"ListItem","position":3,"name":"HTKD-TC G\u00f6stergesiz Do\u011fum Vakum \u00c7an Seti (Manuel Vakum Cihaz\u0131)"}]},{"@type":"WebSite","@id":"https:\/\/www.kilicmed.com\/#website","url":"https:\/\/www.kilicmed.com\/","name":"K\u0131l\u0131\u00e7 Med Medikal","description":"K\u0131l\u0131\u00e7 Med Medikal","publisher":{"@id":"https:\/\/www.kilicmed.com\/#organization"},"potentialAction":[{"@type":"SearchAction","target":{"@type":"EntryPoint","urlTemplate":"https:\/\/www.kilicmed.com\/?s={search_term_string}"},"query-input":{"@type":"PropertyValueSpecification","valueRequired":true,"valueName":"search_term_string"}}],"inLanguage":"en-US"},{"@type":"Organization","@id":"https:\/\/www.kilicmed.com\/#organization","name":"K\u0131l\u0131\u00e7 Med Medikal","url":"https:\/\/www.kilicmed.com\/","logo":{"@type":"ImageObject","inLanguage":"en-US","@id":"https:\/\/www.kilicmed.com\/#\/schema\/logo\/image\/","url":"https:\/\/www.kilicmed.com\/wp-content\/uploads\/2021\/07\/cropped-kilic-med-logo-512-1.png","contentUrl":"https:\/\/www.kilicmed.com\/wp-content\/uploads\/2021\/07\/cropped-kilic-med-logo-512-1.png","width":512,"height":512,"caption":"K\u0131l\u0131\u00e7 Med Medikal"},"image":{"@id":"https:\/\/www.kilicmed.com\/#\/schema\/logo\/image\/"}}]}},"_links":{"self":[{"href":"https:\/\/www.kilicmed.com\/en\/wp-json\/wp\/v2\/product\/607","targetHints":{"allow":["GET"]}}],"collection":[{"href":"https:\/\/www.kilicmed.com\/en\/wp-json\/wp\/v2\/product"}],"about":[{"href":"https:\/\/www.kilicmed.com\/en\/wp-json\/wp\/v2\/types\/product"}],"replies":[{"embeddable":true,"href":"https:\/\/www.kilicmed.com\/en\/wp-json\/wp\/v2\/comments?post=607"}],"wp:featuredmedia":[{"embeddable":true,"href":"https:\/\/www.kilicmed.com\/en\/wp-json\/wp\/v2\/media\/535"}],"wp:attachment":[{"href":"https:\/\/www.kilicmed.com\/en\/wp-json\/wp\/v2\/media?parent=607"}],"wp:term":[{"taxonomy":"product_brand","embeddable":true,"href":"https:\/\/www.kilicmed.com\/en\/wp-json\/wp\/v2\/product_brand?post=607"},{"taxonomy":"product_cat","embeddable":true,"href":"https:\/\/www.kilicmed.com\/en\/wp-json\/wp\/v2\/product_cat?post=607"},{"taxonomy":"product_tag","embeddable":true,"href":"https:\/\/www.kilicmed.com\/en\/wp-json\/wp\/v2\/product_tag?post=607"}],"curies":[{"name":"wp","href":"https:\/\/api.w.org\/{rel}","templated":true}]}}